{"id":357349,"date":"2023-01-15T01:48:37","date_gmt":"2023-01-15T00:48:37","guid":{"rendered":"https:\/\/www.claret.cat\/llibre\/dia-a-dia-con-sor-isabel-de-la-trinidad-9788483535332\/"},"modified":"2024-05-23T09:32:29","modified_gmt":"2024-05-23T07:32:29","slug":"dia-a-dia-con-sor-isabel-de-la-trinidad-9788483535332","status":"publish","type":"product","link":"https:\/\/www.claret.cat\/es\/libro\/dia-a-dia-con-sor-isabel-de-la-trinidad-9788483535332\/","title":{"rendered":"D\u00cdA A D\u00cdA CON SOR ISABEL DE LA TRINIDAD"},"content":{"rendered":"<p>Isabel de la Trinidad es una de esas personas expertas en los menesteres de exhortar, edificar y consolar. El lector lo probar\u00e1 por s\u00ed mismo sin el menor esfuerzo. Cumplidora de lo que aconsejaba a los dem\u00e1s (su madre, su hermana, sus amigas, sacerdotes&#8230;), la lectura de sus consignas de vida y de santidad son como las teselas con que podemos reconstruir su figura en un gran mosaico. Los textos con que vamos llenando los meses contienen parte de la luz, del amor, de la vida, a cuya plenitud se encaminaba al morir. No todos tienen la misma densidad y los mismos mensajes, pero todos hay que recorrerlos despacio y paladearlos.<\/p>\n","protected":false},"excerpt":{"rendered":"<p>VICENTE RODR\u00cdGUEZ, JOS\u00c9<\/p>\n","protected":false},"featured_media":357350,"template":"","meta":{"_acf_changed":false,"om_disable_all_campaigns":false,"rs_blank_template":"","rs_page_bg_color":"","slide_template_v7":"","inline_featured_image":false,"_monsterinsights_skip_tracking":false,"_monsterinsights_sitenote_active":false,"_monsterinsights_sitenote_note":"","_monsterinsights_sitenote_category":0},"product_brand":[],"product_cat":[78,344],"product_tag":[],"class_list":{"0":"post-357349","1":"product","2":"type-product","3":"status-publish","4":"has-post-thumbnail","6":"product_cat-pastoral","7":"product_cat-pastoral-1_espiritualidad","9":"first","10":"instock","11":"taxable","12":"shipping-taxable","13":"purchasable","14":"product-type-simple"},"acf":{"editorial":[{"ID":6309,"post_author":"3","post_date":"2022-07-28 17:49:25","post_date_gmt":"2022-07-28 15:49:25","post_content":"","post_title":"Monte Carmelo","post_excerpt":"","post_status":"publish","comment_status":"closed","ping_status":"closed","post_password":"","post_name":"monte-carmelo","to_ping":"","pinged":"","post_modified":"2022-07-28 17:49:25","post_modified_gmt":"2022-07-28 15:49:25","post_content_filtered":"","post_parent":0,"guid":"http:\/\/dev.claret.cat\/editorial\/monte-carmelo\/","menu_order":0,"post_type":"editorial","post_mime_type":"","comment_count":"0","filter":"raw"}],"autores-libros":[{"ID":160590,"post_author":"3","post_date":"2022-10-14 15:54:18","post_date_gmt":"2022-10-14 13:54:18","post_content":"","post_title":"JOSE VICENTE RODRIGUEZ","post_excerpt":"","post_status":"publish","comment_status":"closed","ping_status":"closed","post_password":"","post_name":"jose-vicente-rodriguez","to_ping":"","pinged":"","post_modified":"2022-10-14 15:54:18","post_modified_gmt":"2022-10-14 13:54:18","post_content_filtered":"","post_parent":0,"guid":"http:\/\/dev.claret.cat\/autor\/jose-vicente-rodriguez\/","menu_order":0,"post_type":"autor","post_mime_type":"","comment_count":"0","filter":"raw"}],"autor":"VICENTE RODR\u00cdGUEZ, JOS\u00c9","codart":"848353533","libros-coleccion":"","ediciones":"1","encuadernacion":"R\u00fastica","fecha_de_publicacion":"01\/03\/2013","novedad":"0","paginas":"242","subtitulo":"MOMENTOS ORANTES","orden":"999","portada":"0","idioma":"spa"},"aioseo_notices":[],"_links":{"self":[{"href":"https:\/\/www.claret.cat\/es\/wp-json\/wp\/v2\/product\/357349","targetHints":{"allow":["GET"]}}],"collection":[{"href":"https:\/\/www.claret.cat\/es\/wp-json\/wp\/v2\/product"}],"about":[{"href":"https:\/\/www.claret.cat\/es\/wp-json\/wp\/v2\/types\/product"}],"wp:featuredmedia":[{"embeddable":true,"href":"https:\/\/www.claret.cat\/es\/wp-json\/wp\/v2\/media\/357350"}],"wp:attachment":[{"href":"https:\/\/www.claret.cat\/es\/wp-json\/wp\/v2\/media?parent=357349"}],"wp:term":[{"taxonomy":"product_brand","embeddable":true,"href":"https:\/\/www.claret.cat\/es\/wp-json\/wp\/v2\/product_brand?post=357349"},{"taxonomy":"product_cat","embeddable":true,"href":"https:\/\/www.claret.cat\/es\/wp-json\/wp\/v2\/product_cat?post=357349"},{"taxonomy":"product_tag","embeddable":true,"href":"https:\/\/www.claret.cat\/es\/wp-json\/wp\/v2\/product_tag?post=357349"}],"curies":[{"name":"wp","href":"https:\/\/api.w.org\/{rel}","templated":true}]}}