{"id":357355,"date":"2023-01-15T01:48:58","date_gmt":"2023-01-15T00:48:58","guid":{"rendered":"https:\/\/www.claret.cat\/llibre\/si-teresa-de-jesus-volviera-hoy-9788483535370\/"},"modified":"2024-05-23T09:33:06","modified_gmt":"2024-05-23T07:33:06","slug":"si-teresa-de-jesus-volviera-hoy-9788483535370","status":"publish","type":"product","link":"https:\/\/www.claret.cat\/es\/libro\/si-teresa-de-jesus-volviera-hoy-9788483535370\/","title":{"rendered":"SI TERESA DE JES\u00daS VOLVIERA HOY"},"content":{"rendered":"<p>Es una hip\u00f3tesis. Y la autora lo ha hecho con la finalidad de encontrar esos elementos de la gran doctora de la Iglesia que pueden ser tan v\u00e1lidos para el hombre y la mujer del s. XXI como para los del s. XVI. Este esfuerzo de adaptaci\u00f3n a la actualidad puede parecer un excesivo af\u00e1n de divulgar la doctrina de santa Teresa de Jes\u00fas, pero la autora no se resigna a que sea desconocida esta riqueza para el gran p\u00fablico por culpa de elementos comparativos utilizados por la Santa y que pueden estar alejados de nuestra sociedad. Por eso, partiendo de las dos grandes alegor\u00edas teresianas para explicar el proceso de la oraci\u00f3n (las maneras de regar el huerto y el castillo interior), ha aprovechado esos dos temas tan actuales de la ecolog\u00eda y la vivienda para adentrarse en la riqueza de un camino al que todos estamos llamados: la uni\u00f3n con Dios.<\/p>\n","protected":false},"excerpt":{"rendered":"<p>MOLINS, M. VICT\u00d2RIA<\/p>\n","protected":false},"featured_media":357356,"template":"","meta":{"_acf_changed":false,"om_disable_all_campaigns":false,"rs_blank_template":"","rs_page_bg_color":"","slide_template_v7":"","inline_featured_image":false,"_monsterinsights_skip_tracking":false,"_monsterinsights_sitenote_active":false,"_monsterinsights_sitenote_note":"","_monsterinsights_sitenote_category":0},"product_brand":[],"product_cat":[90,540],"product_tag":[],"class_list":{"0":"post-357355","1":"product","2":"type-product","3":"status-publish","4":"has-post-thumbnail","6":"product_cat-altres","7":"product_cat-otros","9":"first","10":"instock","11":"taxable","12":"shipping-taxable","13":"purchasable","14":"product-type-simple"},"acf":{"editorial":[{"ID":6309,"post_author":"3","post_date":"2022-07-28 17:49:25","post_date_gmt":"2022-07-28 15:49:25","post_content":"","post_title":"Monte Carmelo","post_excerpt":"","post_status":"publish","comment_status":"closed","ping_status":"closed","post_password":"","post_name":"monte-carmelo","to_ping":"","pinged":"","post_modified":"2022-07-28 17:49:25","post_modified_gmt":"2022-07-28 15:49:25","post_content_filtered":"","post_parent":0,"guid":"http:\/\/dev.claret.cat\/editorial\/monte-carmelo\/","menu_order":0,"post_type":"editorial","post_mime_type":"","comment_count":"0","filter":"raw"}],"autores-libros":[{"ID":5759,"post_author":"3","post_date":"2022-07-28 17:30:52","post_date_gmt":"2022-07-28 15:30:52","post_content":"","post_title":"M. VICT\u00d2RIA MOLINS","post_excerpt":"","post_status":"publish","comment_status":"closed","ping_status":"closed","post_password":"","post_name":"m-victoria-molins","to_ping":"","pinged":"","post_modified":"2022-07-28 17:30:52","post_modified_gmt":"2022-07-28 15:30:52","post_content_filtered":"","post_parent":0,"guid":"http:\/\/dev.claret.cat\/autor\/m-victoria-molins\/","menu_order":0,"post_type":"autor","post_mime_type":"","comment_count":"0","filter":"raw"}],"autor":"MOLINS, M. VICT\u00d2RIA","codart":"848353537","libros-coleccion":"","ediciones":"1","encuadernacion":"R\u00fastica","fecha_de_publicacion":"19\/03\/2013","novedad":"0","paginas":"218","subtitulo":"ECOLOG\u00cdA Y VIVIENDA APLICADAS A LA SIMBOLOG\u00cdA TERESIANA DE LA ORACI\u00d3N","orden":"999","portada":"0","idioma":"spa"},"aioseo_notices":[],"_links":{"self":[{"href":"https:\/\/www.claret.cat\/es\/wp-json\/wp\/v2\/product\/357355","targetHints":{"allow":["GET"]}}],"collection":[{"href":"https:\/\/www.claret.cat\/es\/wp-json\/wp\/v2\/product"}],"about":[{"href":"https:\/\/www.claret.cat\/es\/wp-json\/wp\/v2\/types\/product"}],"wp:featuredmedia":[{"embeddable":true,"href":"https:\/\/www.claret.cat\/es\/wp-json\/wp\/v2\/media\/357356"}],"wp:attachment":[{"href":"https:\/\/www.claret.cat\/es\/wp-json\/wp\/v2\/media?parent=357355"}],"wp:term":[{"taxonomy":"product_brand","embeddable":true,"href":"https:\/\/www.claret.cat\/es\/wp-json\/wp\/v2\/product_brand?post=357355"},{"taxonomy":"product_cat","embeddable":true,"href":"https:\/\/www.claret.cat\/es\/wp-json\/wp\/v2\/product_cat?post=357355"},{"taxonomy":"product_tag","embeddable":true,"href":"https:\/\/www.claret.cat\/es\/wp-json\/wp\/v2\/product_tag?post=357355"}],"curies":[{"name":"wp","href":"https:\/\/api.w.org\/{rel}","templated":true}]}}