{"id":35752,"date":"2022-10-02T18:08:31","date_gmt":"2022-10-02T16:08:31","guid":{"rendered":"http:\/\/dev.claret.cat\/producte\/cornetas-al-atardecer\/"},"modified":"2026-04-07T11:10:59","modified_gmt":"2026-04-07T09:10:59","slug":"cornetas-al-atardecer-9788477027867","status":"publish","type":"product","link":"https:\/\/www.claret.cat\/es\/libro\/cornetas-al-atardecer-9788477027867\/","title":{"rendered":"CORNETAS AL ATARDECER"},"content":{"rendered":"<p>Cornetas al atardecer apareci\u00f3 por entregas en el Saturday Evening Post en 1943 y fue llevada al cine en 1952 en una pel\u00edcula dirigida por Roy Rowland.<\/p>\n<p> Ernest Haycox naci\u00f3 en Portland, Oreg\u00f3n, en 1899. Como muchos otros autores norteamericanos de western, Haycox conoci\u00f3 la vida militar. En 1915 sirve en la guardia de la frontera mexicana y poco despu\u00e9s es destinado durante dos a\u00f1os en Francia. Comienza a escribir como periodista freelance antes de dedicarse por entero a la literatura con bastante \u00e9xito. Haycox bas\u00f3 sus narraciones en investigaciones hist\u00f3ricas, testimonios directos, archivos, etc. y se convirti\u00f3 en uno de los autores fundamentales en la evoluci\u00f3n del Western, pasando de la pura aventura y acci\u00f3n de los comienzos del g\u00e9nero a argumentos m\u00e1s elaborados, psicolog\u00edas m\u00e1s complejas, ambientaciones hist\u00f3ricas cuidadas y una mayor variedad tem\u00e1tica.<br \/> Cornetas al atardecer se inicia en 1875, cuando Kern Shafter, un hombre culto, de honor y con un pasado misterioso, se apea del tren en la min\u00fascula estaci\u00f3n de un asentamiento situado en la frontera de Dakota. En el and\u00e9n se encuentra con una joven que, como \u00e9l, piensa tomar la diligencia que se dirige hacia el norte, a Fargo. Su destino final es el fuerte Abraham Lincoln. Desenga\u00f1ado de la vida civil y sus complicaciones, Shafter buscar\u00e1 refugio en la vida militar, que un d\u00eda abandon\u00f3 por un problema de honor. Pero el destino que ha elegido no resultar\u00e1 un camino de rosas, porque en el fuerte al que se dirige se acantonan en ese momento las tropas del S\u00e9ptimo de Caballer\u00eda a la espera de un inevitable choque con los sioux y sus aliados, choque que culminar\u00e1 en la batalla de Little Bighorn, de infausto recuerdo<\/p>\n","protected":false},"excerpt":{"rendered":"<p>HAYCOX, ERNEST<\/p>\n","protected":false},"featured_media":1094915,"template":"","meta":{"_acf_changed":false,"om_disable_all_campaigns":false,"rs_blank_template":"","rs_page_bg_color":"","slide_template_v7":"","inline_featured_image":false,"_monsterinsights_skip_tracking":false,"_monsterinsights_sitenote_active":false,"_monsterinsights_sitenote_note":"","_monsterinsights_sitenote_category":0},"product_brand":[],"product_cat":[90,540],"product_tag":[],"class_list":{"0":"post-35752","1":"product","2":"type-product","3":"status-publish","4":"has-post-thumbnail","6":"product_cat-altres","7":"product_cat-otros","9":"first","10":"outofstock","11":"taxable","12":"shipping-taxable","13":"purchasable","14":"product-type-simple"},"acf":{"autor":"HAYCOX, ERNEST","codart":"847702786","libros-coleccion":"Frontera","ediciones":"1","encuadernacion":"Carton\u00e9","fecha_de_publicacion":"01\/11\/2014","novedad":"0","paginas":"0","subtitulo":"","orden":"0","portada":"0","idioma":"spa","editorial":[{"ID":148943,"post_author":"3","post_date":"2022-10-14 12:02:13","post_date_gmt":"2022-10-14 10:02:13","post_content":"","post_title":"Valdemar","post_excerpt":"","post_status":"publish","comment_status":"closed","ping_status":"closed","post_password":"","post_name":"valdemar","to_ping":"","pinged":"","post_modified":"2022-10-14 12:02:13","post_modified_gmt":"2022-10-14 10:02:13","post_content_filtered":"","post_parent":0,"guid":"http:\/\/dev.claret.cat\/editorial\/valdemar\/","menu_order":0,"post_type":"editorial","post_mime_type":"","comment_count":"0","filter":"raw"}],"autores-libros":[{"ID":155309,"post_author":"3","post_date":"2022-10-14 15:11:48","post_date_gmt":"2022-10-14 13:11:48","post_content":"","post_title":"ERNEST HAYCOX","post_excerpt":"","post_status":"publish","comment_status":"closed","ping_status":"closed","post_password":"","post_name":"ernest-haycox","to_ping":"","pinged":"","post_modified":"2022-10-14 15:11:48","post_modified_gmt":"2022-10-14 13:11:48","post_content_filtered":"","post_parent":0,"guid":"http:\/\/dev.claret.cat\/autor\/ernest-haycox\/","menu_order":0,"post_type":"autor","post_mime_type":"","comment_count":"0","filter":"raw"}],"booktrailer":"","resenas":""},"aioseo_notices":[],"_links":{"self":[{"href":"https:\/\/www.claret.cat\/es\/wp-json\/wp\/v2\/product\/35752","targetHints":{"allow":["GET"]}}],"collection":[{"href":"https:\/\/www.claret.cat\/es\/wp-json\/wp\/v2\/product"}],"about":[{"href":"https:\/\/www.claret.cat\/es\/wp-json\/wp\/v2\/types\/product"}],"wp:featuredmedia":[{"embeddable":true,"href":"https:\/\/www.claret.cat\/es\/wp-json\/wp\/v2\/media\/1094915"}],"wp:attachment":[{"href":"https:\/\/www.claret.cat\/es\/wp-json\/wp\/v2\/media?parent=35752"}],"wp:term":[{"taxonomy":"product_brand","embeddable":true,"href":"https:\/\/www.claret.cat\/es\/wp-json\/wp\/v2\/product_brand?post=35752"},{"taxonomy":"product_cat","embeddable":true,"href":"https:\/\/www.claret.cat\/es\/wp-json\/wp\/v2\/product_cat?post=35752"},{"taxonomy":"product_tag","embeddable":true,"href":"https:\/\/www.claret.cat\/es\/wp-json\/wp\/v2\/product_tag?post=35752"}],"curies":[{"name":"wp","href":"https:\/\/api.w.org\/{rel}","templated":true}]}}