{"id":35779,"date":"2022-10-02T18:08:56","date_gmt":"2022-10-02T16:08:56","guid":{"rendered":"http:\/\/dev.claret.cat\/producte\/donde-aprenden-a-volar-las-gaviotas\/"},"modified":"2026-01-15T13:05:05","modified_gmt":"2026-01-15T12:05:05","slug":"donde-aprenden-a-volar-las-gaviotas-9788466762489","status":"publish","type":"product","link":"https:\/\/www.claret.cat\/es\/libro\/donde-aprenden-a-volar-las-gaviotas-9788466762489\/","title":{"rendered":"DONDE APRENDEN A VOLAR LAS GAVIOTAS"},"content":{"rendered":"<p>Arturo pasa sus vacaciones de verano en Noruega con su amigo Erik. La casa en la que viven se asienta sobre los cimientos de un campo de concentraci\u00f3n nazi de la Segunda Guerra Mundial. Un d\u00eda, mientras cavan un hoyo en el jard\u00edn para plantar un \u00e1rbol, encuentran una caja de metal, cerrada a cal y canto. La investigaci\u00f3n para conocer su contenido llevar\u00e1 a los j\u00f3venes a una lejana caba\u00f1a en medio de las monta\u00f1as, a una vieja casa de pescadores en la fr\u00eda y agreste costa norte de Noruega, y al pasado misterioso de la enigm\u00e1tica abuela de Erik.<\/p>\n","protected":false},"excerpt":{"rendered":"<p>ALCOLEA, ANA<\/p>\n","protected":false},"featured_media":829124,"template":"","meta":{"_acf_changed":false,"om_disable_all_campaigns":false,"rs_blank_template":"","rs_page_bg_color":"","slide_template_v7":"","inline_featured_image":false,"_monsterinsights_skip_tracking":false,"_monsterinsights_sitenote_active":false,"_monsterinsights_sitenote_note":"","_monsterinsights_sitenote_category":0},"product_brand":[],"product_cat":[117,566],"product_tag":[],"class_list":{"0":"post-35779","1":"product","2":"type-product","3":"status-publish","4":"has-post-thumbnail","6":"product_cat-juvenil","7":"product_cat-juvenil-3_infantil-juvenil-spa-spa","9":"first","10":"instock","11":"taxable","12":"shipping-taxable","13":"purchasable","14":"product-type-simple"},"acf":{"autor":"ALCOLEA, ANA","codart":"846676248","libros-coleccion":"FORA DE COL.LECCI\u00d3","ediciones":"1","encuadernacion":"R\u00fastica","fecha_de_publicacion":"01\/04\/2007","novedad":"0","paginas":"246","subtitulo":"","orden":"0","portada":"0","idioma":"spa","editorial":[{"ID":147433,"post_author":"3","post_date":"2022-10-14 11:50:32","post_date_gmt":"2022-10-14 09:50:32","post_content":"","post_title":"ANAYA INFANTIL Y JUVENIL","post_excerpt":"","post_status":"publish","comment_status":"closed","ping_status":"closed","post_password":"","post_name":"anaya-infantil-y-juvenil","to_ping":"","pinged":"","post_modified":"2022-10-14 11:50:32","post_modified_gmt":"2022-10-14 09:50:32","post_content_filtered":"","post_parent":0,"guid":"http:\/\/dev.claret.cat\/editorial\/anaya-infantil-y-juvenil\/","menu_order":0,"post_type":"editorial","post_mime_type":"","comment_count":"0","filter":"raw"}],"autores-libros":[{"ID":150049,"post_author":"3","post_date":"2022-10-14 14:29:49","post_date_gmt":"2022-10-14 12:29:49","post_content":"","post_title":"ANA ALCOLEA","post_excerpt":"","post_status":"publish","comment_status":"closed","ping_status":"closed","post_password":"","post_name":"ana-alcolea","to_ping":"","pinged":"","post_modified":"2022-10-14 14:29:49","post_modified_gmt":"2022-10-14 12:29:49","post_content_filtered":"","post_parent":0,"guid":"http:\/\/dev.claret.cat\/autor\/ana-alcolea\/","menu_order":0,"post_type":"autor","post_mime_type":"","comment_count":"0","filter":"raw"}],"booktrailer":"","resenas":""},"aioseo_notices":[],"_links":{"self":[{"href":"https:\/\/www.claret.cat\/es\/wp-json\/wp\/v2\/product\/35779","targetHints":{"allow":["GET"]}}],"collection":[{"href":"https:\/\/www.claret.cat\/es\/wp-json\/wp\/v2\/product"}],"about":[{"href":"https:\/\/www.claret.cat\/es\/wp-json\/wp\/v2\/types\/product"}],"wp:featuredmedia":[{"embeddable":true,"href":"https:\/\/www.claret.cat\/es\/wp-json\/wp\/v2\/media\/829124"}],"wp:attachment":[{"href":"https:\/\/www.claret.cat\/es\/wp-json\/wp\/v2\/media?parent=35779"}],"wp:term":[{"taxonomy":"product_brand","embeddable":true,"href":"https:\/\/www.claret.cat\/es\/wp-json\/wp\/v2\/product_brand?post=35779"},{"taxonomy":"product_cat","embeddable":true,"href":"https:\/\/www.claret.cat\/es\/wp-json\/wp\/v2\/product_cat?post=35779"},{"taxonomy":"product_tag","embeddable":true,"href":"https:\/\/www.claret.cat\/es\/wp-json\/wp\/v2\/product_tag?post=35779"}],"curies":[{"name":"wp","href":"https:\/\/api.w.org\/{rel}","templated":true}]}}