{"id":35806,"date":"2022-10-02T18:09:18","date_gmt":"2022-10-02T16:09:18","guid":{"rendered":"http:\/\/dev.claret.cat\/producte\/guia-visual-florencia-y-la-toscana-guias-visuales\/"},"modified":"2023-10-06T09:09:51","modified_gmt":"2023-10-06T07:09:51","slug":"guia-visual-florencia-y-la-toscana-guias-visuales-9780241598337","status":"publish","type":"product","link":"https:\/\/www.claret.cat\/es\/libro\/guia-visual-florencia-y-la-toscana-guias-visuales-9780241598337\/","title":{"rendered":"GU\u00cdA VISUAL FLORENCIA Y LA TOSCANA (GU\u00cdAS VISUALES)"},"content":{"rendered":"<p>Planifica tu pr\u00f3ximo viaje con las Gu\u00edas Visuales de DK:  actualizadas, con mapas, itinerarios, fotograf\u00edas e ilustraciones Totalmente actualizada, la Gu\u00eda Visual de Florencia y la Toscana cuenta con: * Exclusivas ilustraciones * Planos en 3D de monumentos representativos * Excursiones por lugares hist\u00f3ricos * Itinerarios recomendados * Explicaciones detalladas de los principales lugares de inter\u00e9s * Recomendaciones de restaurantes, hoteles, mercados y locales nocturnos * Informaci\u00f3n pr\u00e1ctica sobre transportes, horarios y visitas * Consejos de expertos Tu viaje a Florencia comienza cuando abres tu Gu\u00eda Visual Prueba la deliciosa cocina toscana, contempla obras maestras del Renacimiento y visita los animados mercados. \u00a1Bienvenidos a  Florencia\u00a1  Sobre las Gu\u00edas Visuales Las gu\u00edas de viaje m\u00e1s completas: con fotograf\u00edas inspiradoras,  formato ligero y contenidos dirigidos a todo tipo de viajeros.<\/p>\n","protected":false},"excerpt":{"rendered":"<p>DK,<\/p>\n","protected":false},"featured_media":52567,"template":"","meta":{"_acf_changed":false,"om_disable_all_campaigns":false,"rs_blank_template":"","rs_page_bg_color":"","slide_template_v7":"","inline_featured_image":false,"_monsterinsights_skip_tracking":false,"_monsterinsights_sitenote_active":false,"_monsterinsights_sitenote_note":"","_monsterinsights_sitenote_category":0},"product_brand":[],"product_cat":[557],"product_tag":[],"class_list":{"0":"post-35806","1":"product","2":"type-product","3":"status-publish","4":"has-post-thumbnail","6":"product_cat-guias-de-viaje","8":"first","9":"instock","10":"taxable","11":"shipping-taxable","12":"purchasable","13":"product-type-simple"},"acf":{"autor":"DK,","codart":"024159833","libros-coleccion":"GUIAS VISUALES","ediciones":"1","encuadernacion":"R\u00fastica","fecha_de_publicacion":"01\/05\/2022","novedad":"1","paginas":"256","subtitulo":"INSP\u00cdRATE, PLANIFICA, DESCUBRE, EXPLORA","orden":"0","portada":"0","idioma":"spa","editorial":[{"ID":6186,"post_author":"3","post_date":"2022-07-28 17:46:45","post_date_gmt":"2022-07-28 15:46:45","post_content":"","post_title":"DK","post_excerpt":"","post_status":"publish","comment_status":"closed","ping_status":"closed","post_password":"","post_name":"dk","to_ping":"","pinged":"","post_modified":"2022-07-28 17:46:45","post_modified_gmt":"2022-07-28 15:46:45","post_content_filtered":"","post_parent":0,"guid":"http:\/\/dev.claret.cat\/editorial\/dk\/","menu_order":0,"post_type":"editorial","post_mime_type":"","comment_count":"0","filter":"raw"}],"autores-libros":[{"ID":5403,"post_author":"3","post_date":"2022-07-28 17:23:14","post_date_gmt":"2022-07-28 15:23:14","post_content":"","post_title":"DK","post_excerpt":"","post_status":"publish","comment_status":"closed","ping_status":"closed","post_password":"","post_name":"dk","to_ping":"","pinged":"","post_modified":"2022-07-28 17:23:14","post_modified_gmt":"2022-07-28 15:23:14","post_content_filtered":"","post_parent":0,"guid":"http:\/\/dev.claret.cat\/autor\/dk\/","menu_order":0,"post_type":"autor","post_mime_type":"","comment_count":"0","filter":"raw"}]},"aioseo_notices":[],"_links":{"self":[{"href":"https:\/\/www.claret.cat\/es\/wp-json\/wp\/v2\/product\/35806","targetHints":{"allow":["GET"]}}],"collection":[{"href":"https:\/\/www.claret.cat\/es\/wp-json\/wp\/v2\/product"}],"about":[{"href":"https:\/\/www.claret.cat\/es\/wp-json\/wp\/v2\/types\/product"}],"wp:featuredmedia":[{"embeddable":true,"href":"https:\/\/www.claret.cat\/es\/wp-json\/wp\/v2\/media\/52567"}],"wp:attachment":[{"href":"https:\/\/www.claret.cat\/es\/wp-json\/wp\/v2\/media?parent=35806"}],"wp:term":[{"taxonomy":"product_brand","embeddable":true,"href":"https:\/\/www.claret.cat\/es\/wp-json\/wp\/v2\/product_brand?post=35806"},{"taxonomy":"product_cat","embeddable":true,"href":"https:\/\/www.claret.cat\/es\/wp-json\/wp\/v2\/product_cat?post=35806"},{"taxonomy":"product_tag","embeddable":true,"href":"https:\/\/www.claret.cat\/es\/wp-json\/wp\/v2\/product_tag?post=35806"}],"curies":[{"name":"wp","href":"https:\/\/api.w.org\/{rel}","templated":true}]}}