{"id":358160,"date":"2023-01-15T02:58:00","date_gmt":"2023-01-15T01:58:00","guid":{"rendered":"https:\/\/www.claret.cat\/llibre\/abba-enciclopedia-del-cristianismo-contemporaneo-en-espana-y-latinoamerica-9788483533826\/"},"modified":"2024-05-23T09:49:48","modified_gmt":"2024-05-23T07:49:48","slug":"abba-enciclopedia-del-cristianismo-contemporaneo-en-espana-y-latinoamerica-9788483533826","status":"publish","type":"product","link":"https:\/\/www.claret.cat\/es\/libro\/abba-enciclopedia-del-cristianismo-contemporaneo-en-espana-y-latinoamerica-9788483533826\/","title":{"rendered":"\u00a1ABBA! ENCICLOPEDIA DEL CRISTIANISMO  CONTEMPOR\u00c1NEO EN ESPA\u00d1A Y LATINOAM\u00c9RICA"},"content":{"rendered":"","protected":false},"excerpt":{"rendered":"<p>BUENO DE LA FUENTE, ELOY; CALVO P\u00c9REZ, ROBERTO<\/p>\n","protected":false},"featured_media":0,"template":"","meta":{"_acf_changed":false,"om_disable_all_campaigns":false,"rs_blank_template":"","rs_page_bg_color":"","slide_template_v7":"","inline_featured_image":false,"_monsterinsights_skip_tracking":false,"_monsterinsights_sitenote_active":false,"_monsterinsights_sitenote_note":"","_monsterinsights_sitenote_category":0},"product_brand":[],"product_cat":[90,540],"product_tag":[],"class_list":{"0":"post-358160","1":"product","2":"type-product","3":"status-publish","5":"product_cat-altres","6":"product_cat-otros","8":"first","9":"instock","10":"taxable","11":"shipping-taxable","12":"purchasable","13":"product-type-simple"},"acf":{"editorial":[{"ID":6309,"post_author":"3","post_date":"2022-07-28 17:49:25","post_date_gmt":"2022-07-28 15:49:25","post_content":"","post_title":"Monte Carmelo","post_excerpt":"","post_status":"publish","comment_status":"closed","ping_status":"closed","post_password":"","post_name":"monte-carmelo","to_ping":"","pinged":"","post_modified":"2022-07-28 17:49:25","post_modified_gmt":"2022-07-28 15:49:25","post_content_filtered":"","post_parent":0,"guid":"http:\/\/dev.claret.cat\/editorial\/monte-carmelo\/","menu_order":0,"post_type":"editorial","post_mime_type":"","comment_count":"0","filter":"raw"}],"autores-libros":[{"ID":154906,"post_author":"3","post_date":"2022-10-14 15:08:36","post_date_gmt":"2022-10-14 13:08:36","post_content":"","post_title":"ELOY BUENO DE LA FUENTE","post_excerpt":"","post_status":"publish","comment_status":"closed","ping_status":"closed","post_password":"","post_name":"eloy-bueno-de-la-fuente","to_ping":"","pinged":"","post_modified":"2022-10-14 15:08:36","post_modified_gmt":"2022-10-14 13:08:36","post_content_filtered":"","post_parent":0,"guid":"http:\/\/dev.claret.cat\/autor\/eloy-bueno-de-la-fuente\/","menu_order":0,"post_type":"autor","post_mime_type":"","comment_count":"0","filter":"raw"},{"ID":168267,"post_author":"3","post_date":"2022-10-14 18:17:51","post_date_gmt":"2022-10-14 16:17:51","post_content":"","post_title":"ROBERTO CALVO PEREZ","post_excerpt":"","post_status":"publish","comment_status":"closed","ping_status":"closed","post_password":"","post_name":"roberto-calvo-perez","to_ping":"","pinged":"","post_modified":"2022-10-14 18:17:51","post_modified_gmt":"2022-10-14 16:17:51","post_content_filtered":"","post_parent":0,"guid":"http:\/\/dev.claret.cat\/autor\/roberto-calvo-perez\/","menu_order":0,"post_type":"autor","post_mime_type":"","comment_count":"0","filter":"raw"}],"autor":"BUENO DE LA FUENTE, ELOY; CALVO P\u00c9REZ, ROBERTO","codart":"848353382","libros-coleccion":"","ediciones":"1","encuadernacion":"Carton\u00e9","fecha_de_publicacion":"29\/09\/2011","novedad":"0","paginas":"1430","subtitulo":"TESTIGOS. BIBLIA. HISTORIA DE LA IGLESIA. PROTAGONISTAS. CORRIENTES. PUEBLOS DE LA TIERRA","orden":"999","portada":"0","idioma":"spa"},"aioseo_notices":[],"_links":{"self":[{"href":"https:\/\/www.claret.cat\/es\/wp-json\/wp\/v2\/product\/358160","targetHints":{"allow":["GET"]}}],"collection":[{"href":"https:\/\/www.claret.cat\/es\/wp-json\/wp\/v2\/product"}],"about":[{"href":"https:\/\/www.claret.cat\/es\/wp-json\/wp\/v2\/types\/product"}],"wp:attachment":[{"href":"https:\/\/www.claret.cat\/es\/wp-json\/wp\/v2\/media?parent=358160"}],"wp:term":[{"taxonomy":"product_brand","embeddable":true,"href":"https:\/\/www.claret.cat\/es\/wp-json\/wp\/v2\/product_brand?post=358160"},{"taxonomy":"product_cat","embeddable":true,"href":"https:\/\/www.claret.cat\/es\/wp-json\/wp\/v2\/product_cat?post=358160"},{"taxonomy":"product_tag","embeddable":true,"href":"https:\/\/www.claret.cat\/es\/wp-json\/wp\/v2\/product_tag?post=358160"}],"curies":[{"name":"wp","href":"https:\/\/api.w.org\/{rel}","templated":true}]}}