{"id":358469,"date":"2023-01-15T03:34:35","date_gmt":"2023-01-15T02:34:35","guid":{"rendered":"https:\/\/www.claret.cat\/llibre\/treballant-com-a-educadora-o-educador-social-9788489467101\/"},"modified":"2024-05-23T07:45:44","modified_gmt":"2024-05-23T05:45:44","slug":"treballant-com-a-educadora-o-educador-social-9788489467101","status":"publish","type":"product","link":"https:\/\/www.claret.cat\/es\/libro\/treballant-com-a-educadora-o-educador-social-9788489467101\/","title":{"rendered":"TREBALLANT COM A EDUCADORA O EDUCADOR SOCIAL"},"content":{"rendered":"<p>Aquest no \u00e9s pas un llibre te\u00f2ric que serveix per a dormir en nits d&#8217;insomni, ni un receptari pr\u00e0ctic que serveix \u00fanicament per a aplicar-lo a experi\u00e8ncies concretes.<br \/>Intenta moure&#8217;s en un nivell intermedi, recollint els coneixements que tenen les educadores i els educadors socials fruit de la pr\u00e0ctica o de la reflexi\u00f3, centrant-se especialment en la intervenci\u00f3 en el camp de la problem\u00e0tica social.<\/p>\n","protected":false},"excerpt":{"rendered":"<p>SEDO, CARLES<\/p>\n","protected":false},"featured_media":358470,"template":"","meta":{"_acf_changed":false,"om_disable_all_campaigns":false,"rs_blank_template":"","rs_page_bg_color":"","slide_template_v7":"","inline_featured_image":false,"_monsterinsights_skip_tracking":false,"_monsterinsights_sitenote_active":false,"_monsterinsights_sitenote_note":"","_monsterinsights_sitenote_category":0},"product_brand":[],"product_cat":[581,188,381],"product_tag":[],"class_list":{"0":"post-358469","1":"product","2":"type-product","3":"status-publish","4":"has-post-thumbnail","6":"product_cat-editorial-claret","7":"product_cat-psicopedagogia","8":"product_cat-psicopedagogia-pedagogia-2_humanidades","10":"first","11":"instock","12":"taxable","13":"shipping-taxable","14":"purchasable","15":"product-type-simple"},"acf":{"editorial":[{"ID":6158,"post_author":"3","post_date":"2022-07-28 17:46:08","post_date_gmt":"2022-07-28 15:46:08","post_content":"","post_title":"CLARET","post_excerpt":"","post_status":"publish","comment_status":"closed","ping_status":"closed","post_password":"","post_name":"claret","to_ping":"","pinged":"","post_modified":"2022-07-28 17:46:08","post_modified_gmt":"2022-07-28 15:46:08","post_content_filtered":"","post_parent":0,"guid":"http:\/\/dev.claret.cat\/editorial\/claret\/","menu_order":0,"post_type":"editorial","post_mime_type":"","comment_count":"0","filter":"raw"}],"autores-libros":[{"ID":358468,"post_author":"3","post_date":"2023-01-15 03:34:33","post_date_gmt":"2023-01-15 02:34:33","post_content":"","post_title":"CARLES SED\u00d3 LUZURIAGA","post_excerpt":"","post_status":"publish","comment_status":"closed","ping_status":"closed","post_password":"","post_name":"carles-sedo-luzuriaga","to_ping":"","pinged":"","post_modified":"2023-01-15 03:34:33","post_modified_gmt":"2023-01-15 02:34:33","post_content_filtered":"","post_parent":0,"guid":"https:\/\/www.claret.cat\/autor\/carles-sedo-luzuriaga\/","menu_order":0,"post_type":"autor","post_mime_type":"","comment_count":"0","filter":"raw"}],"autor":"SEDO, CARLES","codart":"848946710","libros-coleccion":"Animaci\u00f3 Sociocultural","ediciones":"1","encuadernacion":"R\u00fastica","fecha_de_publicacion":"01\/11\/1999","novedad":"0","paginas":"128","subtitulo":"","orden":"999","portada":"0","idioma":"cat"},"aioseo_notices":[],"_links":{"self":[{"href":"https:\/\/www.claret.cat\/es\/wp-json\/wp\/v2\/product\/358469","targetHints":{"allow":["GET"]}}],"collection":[{"href":"https:\/\/www.claret.cat\/es\/wp-json\/wp\/v2\/product"}],"about":[{"href":"https:\/\/www.claret.cat\/es\/wp-json\/wp\/v2\/types\/product"}],"wp:featuredmedia":[{"embeddable":true,"href":"https:\/\/www.claret.cat\/es\/wp-json\/wp\/v2\/media\/358470"}],"wp:attachment":[{"href":"https:\/\/www.claret.cat\/es\/wp-json\/wp\/v2\/media?parent=358469"}],"wp:term":[{"taxonomy":"product_brand","embeddable":true,"href":"https:\/\/www.claret.cat\/es\/wp-json\/wp\/v2\/product_brand?post=358469"},{"taxonomy":"product_cat","embeddable":true,"href":"https:\/\/www.claret.cat\/es\/wp-json\/wp\/v2\/product_cat?post=358469"},{"taxonomy":"product_tag","embeddable":true,"href":"https:\/\/www.claret.cat\/es\/wp-json\/wp\/v2\/product_tag?post=358469"}],"curies":[{"name":"wp","href":"https:\/\/api.w.org\/{rel}","templated":true}]}}