{"id":358473,"date":"2023-01-15T03:34:46","date_gmt":"2023-01-15T02:34:46","guid":{"rendered":"https:\/\/www.claret.cat\/llibre\/centrarse-en-les-persones-9788489467125\/"},"modified":"2024-05-23T07:45:56","modified_gmt":"2024-05-23T05:45:56","slug":"centrarse-en-les-persones-9788489467125","status":"publish","type":"product","link":"https:\/\/www.claret.cat\/es\/libro\/centrarse-en-les-persones-9788489467125\/","title":{"rendered":"CENTRAR-SE EN LES PERSONES"},"content":{"rendered":"<p>Cr\u00e9ixer i facilitar el creixement personal, establir relacions interpersonals m\u00e9s aut\u00e8ntiques i de major qualitat humana, i fomentar la transformaci\u00f3 de la nostra societat vers una major igualtat, llibertat, dignitat i just\u00edcia social.<br \/>Aquesta \u00e9s la finalitat \u00faltima del model que proposa aquest llibre; un model d&#8217;intervenci\u00f3 educativa centrat en la persona.<br \/>A partir de les investigacions i els estudis de Carl Rogers, l&#8217;autor aporta alguns elements que poden ajudar a promoure un canvi en la manera d&#8217;entendre l&#8217;activitat en els \u00e0mbits de l&#8217;educaci\u00f3, l&#8217;esplai, l&#8217;animaci\u00f3 sociocultural o l&#8217;acci\u00f3 social.<\/p>\n","protected":false},"excerpt":{"rendered":"<p>BARCELO I ROSSELLO, BARTO<\/p>\n","protected":false},"featured_media":358474,"template":"","meta":{"_acf_changed":false,"om_disable_all_campaigns":false,"rs_blank_template":"","rs_page_bg_color":"","slide_template_v7":"","inline_featured_image":false,"_monsterinsights_skip_tracking":false,"_monsterinsights_sitenote_active":false,"_monsterinsights_sitenote_note":"","_monsterinsights_sitenote_category":0},"product_brand":[],"product_cat":[581,381,188,160,371],"product_tag":[],"class_list":{"0":"post-358473","1":"product","2":"type-product","3":"status-publish","4":"has-post-thumbnail","6":"product_cat-editorial-claret","7":"product_cat-psicopedagogia-pedagogia-2_humanidades","8":"product_cat-psicopedagogia","9":"product_cat-teoria-i-models","10":"product_cat-teoria-y-modelos","12":"first","13":"instock","14":"taxable","15":"shipping-taxable","16":"purchasable","17":"product-type-simple"},"acf":{"editorial":[{"ID":6158,"post_author":"3","post_date":"2022-07-28 17:46:08","post_date_gmt":"2022-07-28 15:46:08","post_content":"","post_title":"CLARET","post_excerpt":"","post_status":"publish","comment_status":"closed","ping_status":"closed","post_password":"","post_name":"claret","to_ping":"","pinged":"","post_modified":"2022-07-28 17:46:08","post_modified_gmt":"2022-07-28 15:46:08","post_content_filtered":"","post_parent":0,"guid":"http:\/\/dev.claret.cat\/editorial\/claret\/","menu_order":0,"post_type":"editorial","post_mime_type":"","comment_count":"0","filter":"raw"}],"autores-libros":[{"ID":358472,"post_author":"3","post_date":"2023-01-15 03:34:44","post_date_gmt":"2023-01-15 02:34:44","post_content":"","post_title":"BARTOMEU BARCELO I ROSSELLO","post_excerpt":"","post_status":"publish","comment_status":"closed","ping_status":"closed","post_password":"","post_name":"bartomeu-barcelo-i-rossello","to_ping":"","pinged":"","post_modified":"2023-01-15 03:34:44","post_modified_gmt":"2023-01-15 02:34:44","post_content_filtered":"","post_parent":0,"guid":"https:\/\/www.claret.cat\/autor\/bartomeu-barcelo-i-rossello\/","menu_order":0,"post_type":"autor","post_mime_type":"","comment_count":"0","filter":"raw"}],"autor":"BARCELO I ROSSELLO, BARTO","codart":"848946712","libros-coleccion":"Animaci\u00f3 Sociocultural","ediciones":"1","encuadernacion":"R\u00fastica","fecha_de_publicacion":"01\/03\/2000","novedad":"0","paginas":"168","subtitulo":"UN MODEL TRANSFORMADOR D'INTERVENCI\u00d3 SOCIOEDUCATIVA","orden":"999","portada":"0","idioma":"cat"},"aioseo_notices":[],"_links":{"self":[{"href":"https:\/\/www.claret.cat\/es\/wp-json\/wp\/v2\/product\/358473","targetHints":{"allow":["GET"]}}],"collection":[{"href":"https:\/\/www.claret.cat\/es\/wp-json\/wp\/v2\/product"}],"about":[{"href":"https:\/\/www.claret.cat\/es\/wp-json\/wp\/v2\/types\/product"}],"wp:featuredmedia":[{"embeddable":true,"href":"https:\/\/www.claret.cat\/es\/wp-json\/wp\/v2\/media\/358474"}],"wp:attachment":[{"href":"https:\/\/www.claret.cat\/es\/wp-json\/wp\/v2\/media?parent=358473"}],"wp:term":[{"taxonomy":"product_brand","embeddable":true,"href":"https:\/\/www.claret.cat\/es\/wp-json\/wp\/v2\/product_brand?post=358473"},{"taxonomy":"product_cat","embeddable":true,"href":"https:\/\/www.claret.cat\/es\/wp-json\/wp\/v2\/product_cat?post=358473"},{"taxonomy":"product_tag","embeddable":true,"href":"https:\/\/www.claret.cat\/es\/wp-json\/wp\/v2\/product_tag?post=358473"}],"curies":[{"name":"wp","href":"https:\/\/api.w.org\/{rel}","templated":true}]}}