{"id":358698,"date":"2023-01-15T04:07:23","date_gmt":"2023-01-15T03:07:23","guid":{"rendered":"https:\/\/www.claret.cat\/llibre\/el-credo-25-preguntas-9788490230329\/"},"modified":"2024-05-23T07:26:48","modified_gmt":"2024-05-23T05:26:48","slug":"el-credo-25-preguntas-9788490230329","status":"publish","type":"product","link":"https:\/\/www.claret.cat\/es\/libro\/el-credo-25-preguntas-9788490230329\/","title":{"rendered":"EL CREDO, 25 PREGUNTAS?"},"content":{"rendered":"<p>Algunas preguntas para renovar conocimientos, profundizar en algunos conceptos o aclarar dudas: \u00bfSe puede creer hoy? \u00bfCu\u00e1ntos nombres tiene el Credo? \u00bfC\u00f3mo entender la virginidad de Mar\u00eda? \u00bfPor qu\u00e9 la vida de Jes\u00fas le llev\u00f3 a la muerte? \u00bfBaj\u00f3 Jes\u00fas a los infiernos?<\/p>\n","protected":false},"excerpt":{"rendered":"<p>GARC\u00cdA MOURELO, SANTIAGO<\/p>\n","protected":false},"featured_media":358699,"template":"","meta":{"_acf_changed":false,"om_disable_all_campaigns":false,"rs_blank_template":"","rs_page_bg_color":"","slide_template_v7":"","inline_featured_image":false,"_monsterinsights_skip_tracking":false,"_monsterinsights_sitenote_active":false,"_monsterinsights_sitenote_note":"","_monsterinsights_sitenote_category":0},"product_brand":[],"product_cat":[90,540],"product_tag":[],"class_list":{"0":"post-358698","1":"product","2":"type-product","3":"status-publish","4":"has-post-thumbnail","6":"product_cat-altres","7":"product_cat-otros","9":"first","10":"instock","11":"taxable","12":"shipping-taxable","13":"purchasable","14":"product-type-simple"},"acf":{"editorial":[{"ID":6155,"post_author":"3","post_date":"2022-07-28 17:46:04","post_date_gmt":"2022-07-28 15:46:04","post_content":"","post_title":"Central Catequ\u00edstica Salesiana","post_excerpt":"","post_status":"publish","comment_status":"closed","ping_status":"closed","post_password":"","post_name":"central-catequistica-salesiana","to_ping":"","pinged":"","post_modified":"2022-07-28 17:46:04","post_modified_gmt":"2022-07-28 15:46:04","post_content_filtered":"","post_parent":0,"guid":"http:\/\/dev.claret.cat\/editorial\/central-catequistica-salesiana\/","menu_order":0,"post_type":"editorial","post_mime_type":"","comment_count":"0","filter":"raw"}],"autores-libros":[{"ID":169045,"post_author":"3","post_date":"2022-10-14 22:24:02","post_date_gmt":"2022-10-14 20:24:02","post_content":"","post_title":"SANTIAGO GARC\u00cdA MOURELO","post_excerpt":"","post_status":"publish","comment_status":"closed","ping_status":"closed","post_password":"","post_name":"santiago-garcia-mourelo","to_ping":"","pinged":"","post_modified":"2022-10-14 22:24:02","post_modified_gmt":"2022-10-14 20:24:02","post_content_filtered":"","post_parent":0,"guid":"http:\/\/dev.claret.cat\/autor\/santiago-garcia-mourelo\/","menu_order":0,"post_type":"autor","post_mime_type":"","comment_count":"0","filter":"raw"}],"autor":"GARC\u00cdA MOURELO, SANTIAGO","codart":"849023032","libros-coleccion":"","ediciones":"1","encuadernacion":"R\u00fastica","fecha_de_publicacion":"23\/01\/2013","novedad":"0","paginas":"124","subtitulo":"","orden":"999","portada":"0","idioma":"spa"},"aioseo_notices":[],"_links":{"self":[{"href":"https:\/\/www.claret.cat\/es\/wp-json\/wp\/v2\/product\/358698","targetHints":{"allow":["GET"]}}],"collection":[{"href":"https:\/\/www.claret.cat\/es\/wp-json\/wp\/v2\/product"}],"about":[{"href":"https:\/\/www.claret.cat\/es\/wp-json\/wp\/v2\/types\/product"}],"wp:featuredmedia":[{"embeddable":true,"href":"https:\/\/www.claret.cat\/es\/wp-json\/wp\/v2\/media\/358699"}],"wp:attachment":[{"href":"https:\/\/www.claret.cat\/es\/wp-json\/wp\/v2\/media?parent=358698"}],"wp:term":[{"taxonomy":"product_brand","embeddable":true,"href":"https:\/\/www.claret.cat\/es\/wp-json\/wp\/v2\/product_brand?post=358698"},{"taxonomy":"product_cat","embeddable":true,"href":"https:\/\/www.claret.cat\/es\/wp-json\/wp\/v2\/product_cat?post=358698"},{"taxonomy":"product_tag","embeddable":true,"href":"https:\/\/www.claret.cat\/es\/wp-json\/wp\/v2\/product_tag?post=358698"}],"curies":[{"name":"wp","href":"https:\/\/api.w.org\/{rel}","templated":true}]}}