{"id":358775,"date":"2023-01-15T04:11:32","date_gmt":"2023-01-15T03:11:32","guid":{"rendered":"https:\/\/www.claret.cat\/llibre\/pentecostes-con-maria-y-los-apostoles-poster-9788490230763\/"},"modified":"2024-05-23T07:18:12","modified_gmt":"2024-05-23T05:18:12","slug":"pentecostes-con-maria-y-los-apostoles-poster-9788490230763","status":"publish","type":"product","link":"https:\/\/www.claret.cat\/es\/libro\/pentecostes-con-maria-y-los-apostoles-poster-9788490230763\/","title":{"rendered":"PENTECOST\u00c9S CON MAR\u00cdA Y LOS AP\u00d3STOLES &#8211; POSTER"},"content":{"rendered":"<p>El acontecimiento de Pentecost\u00e9s. Se destaca la presencia del Esp\u00edritu y de la comunidad apost\u00f3lica en torno a Mar\u00eda. El Padre y el Hijo est\u00e1n evocados bellamente como origen de la entrega del Esp\u00edritu.<\/p>\n","protected":false},"excerpt":{"rendered":"<p>GINEL, \u00c1LVARO; FANO<\/p>\n","protected":false},"featured_media":358776,"template":"","meta":{"_acf_changed":false,"om_disable_all_campaigns":false,"rs_blank_template":"","rs_page_bg_color":"","slide_template_v7":"","inline_featured_image":false,"_monsterinsights_skip_tracking":false,"_monsterinsights_sitenote_active":false,"_monsterinsights_sitenote_note":"","_monsterinsights_sitenote_category":0},"product_brand":[],"product_cat":[90,540],"product_tag":[],"class_list":{"0":"post-358775","1":"product","2":"type-product","3":"status-publish","4":"has-post-thumbnail","6":"product_cat-altres","7":"product_cat-otros","9":"first","10":"instock","11":"taxable","12":"shipping-taxable","13":"purchasable","14":"product-type-simple"},"acf":{"editorial":[{"ID":6155,"post_author":"3","post_date":"2022-07-28 17:46:04","post_date_gmt":"2022-07-28 15:46:04","post_content":"","post_title":"Central Catequ\u00edstica Salesiana","post_excerpt":"","post_status":"publish","comment_status":"closed","ping_status":"closed","post_password":"","post_name":"central-catequistica-salesiana","to_ping":"","pinged":"","post_modified":"2022-07-28 17:46:04","post_modified_gmt":"2022-07-28 15:46:04","post_content_filtered":"","post_parent":0,"guid":"http:\/\/dev.claret.cat\/editorial\/central-catequistica-salesiana\/","menu_order":0,"post_type":"editorial","post_mime_type":"","comment_count":"0","filter":"raw"}],"autores-libros":[{"ID":8281,"post_author":"3","post_date":"2022-09-30 09:47:24","post_date_gmt":"2022-09-30 07:47:24","post_content":"","post_title":"\u00c1LVARO GINEL","post_excerpt":"","post_status":"publish","comment_status":"closed","ping_status":"closed","post_password":"","post_name":"alvaro-ginel","to_ping":"","pinged":"","post_modified":"2022-09-30 09:47:24","post_modified_gmt":"2022-09-30 07:47:24","post_content_filtered":"","post_parent":0,"guid":"http:\/\/dev.claret.cat\/autor\/alvaro-ginel\/","menu_order":0,"post_type":"autor","post_mime_type":"","comment_count":"0","filter":"raw"},{"ID":166678,"post_author":"3","post_date":"2022-10-14 18:05:10","post_date_gmt":"2022-10-14 16:05:10","post_content":"","post_title":"PATXI VELASCO FANO","post_excerpt":"","post_status":"publish","comment_status":"closed","ping_status":"closed","post_password":"","post_name":"patxi-velasco-fano","to_ping":"","pinged":"","post_modified":"2022-10-14 18:05:10","post_modified_gmt":"2022-10-14 16:05:10","post_content_filtered":"","post_parent":0,"guid":"http:\/\/dev.claret.cat\/autor\/patxi-velasco-fano\/","menu_order":0,"post_type":"autor","post_mime_type":"","comment_count":"0","filter":"raw"}],"autor":"GINEL, \u00c1LVARO; FANO","codart":"849023076","libros-coleccion":"","ediciones":"1","encuadernacion":"Grapado","fecha_de_publicacion":"14\/03\/2013","novedad":"0","paginas":"4","subtitulo":"","orden":"999","portada":"0","idioma":"spa"},"aioseo_notices":[],"_links":{"self":[{"href":"https:\/\/www.claret.cat\/es\/wp-json\/wp\/v2\/product\/358775","targetHints":{"allow":["GET"]}}],"collection":[{"href":"https:\/\/www.claret.cat\/es\/wp-json\/wp\/v2\/product"}],"about":[{"href":"https:\/\/www.claret.cat\/es\/wp-json\/wp\/v2\/types\/product"}],"wp:featuredmedia":[{"embeddable":true,"href":"https:\/\/www.claret.cat\/es\/wp-json\/wp\/v2\/media\/358776"}],"wp:attachment":[{"href":"https:\/\/www.claret.cat\/es\/wp-json\/wp\/v2\/media?parent=358775"}],"wp:term":[{"taxonomy":"product_brand","embeddable":true,"href":"https:\/\/www.claret.cat\/es\/wp-json\/wp\/v2\/product_brand?post=358775"},{"taxonomy":"product_cat","embeddable":true,"href":"https:\/\/www.claret.cat\/es\/wp-json\/wp\/v2\/product_cat?post=358775"},{"taxonomy":"product_tag","embeddable":true,"href":"https:\/\/www.claret.cat\/es\/wp-json\/wp\/v2\/product_tag?post=358775"}],"curies":[{"name":"wp","href":"https:\/\/api.w.org\/{rel}","templated":true}]}}