{"id":35942,"date":"2022-10-02T18:11:21","date_gmt":"2022-10-02T16:11:21","guid":{"rendered":"http:\/\/dev.claret.cat\/producte\/biblia-de-estudio-scofield-rvr-1960-tapa-dura\/"},"modified":"2025-03-04T12:10:19","modified_gmt":"2025-03-04T11:10:19","slug":"biblia-de-estudio-scofield-rvr-1960-tapa-dura-9781433636202","status":"publish","type":"product","link":"https:\/\/www.claret.cat\/es\/libro\/biblia-de-estudio-scofield-rvr-1960-tapa-dura-9781433636202\/","title":{"rendered":"BIBLIA DE ESTUDIO SCOFIELD RVR 1960, TAPA DURA"},"content":{"rendered":"<p>Esta Biblia se basa en el texto tradicional de la RVR 1960 e incluye la interpretaci\u00f3n de la teolog\u00eda dispensacional y escatol\u00f3gica que present\u00f3 originalmente el te\u00f3logo Dr. C.I. Scofield (1843-1921).<br \/>Caracter\u00edsticas:<\/p>\n<p>Introducci\u00f3n a secciones y libros<br \/>Breve resumen de cada libro de la Biblia<br \/>Subt\u00edtulos en todo el texto b\u00edblico<br \/>1,700 notas al pie<br \/>Referencias en columna central en el Antiguo Testamento<br \/>Referencias en columnas laterales en el Nuevo Testamento<br \/>Las palabras de Cristo en rojo<br \/>Un sistema de referencias tem\u00e1ticas en cadena<br \/>\u00cdndice de notas<br \/>Gu\u00eda a citas del Antiguo Testamento en el Nuevo Testamento<br \/>Breve concordancia<br \/>Mapas a cuatro colores<br \/>P\u00e1gina de dedicatoria y secci\u00f3n de registro familiar<br \/>Caja para regalo<\/p>\n","protected":false},"excerpt":{"rendered":"<p>REINA VALERA 1960<\/p>\n","protected":false},"featured_media":272829,"template":"","meta":{"_acf_changed":false,"om_disable_all_campaigns":false,"rs_blank_template":"","rs_page_bg_color":"","slide_template_v7":"","inline_featured_image":false,"_monsterinsights_skip_tracking":false,"_monsterinsights_sitenote_active":false,"_monsterinsights_sitenote_note":"","_monsterinsights_sitenote_category":0},"product_brand":[],"product_cat":[90,540],"product_tag":[],"class_list":{"0":"post-35942","1":"product","2":"type-product","3":"status-publish","4":"has-post-thumbnail","6":"product_cat-altres","7":"product_cat-otros","9":"first","10":"instock","11":"taxable","12":"shipping-taxable","13":"purchasable","14":"product-type-simple"},"acf":{"autores-libros":[{"ID":5972,"post_author":"3","post_date":"2022-07-28 17:35:26","post_date_gmt":"2022-07-28 15:35:26","post_content":"","post_title":"REINA VALERA 1960","post_excerpt":"","post_status":"publish","comment_status":"closed","ping_status":"closed","post_password":"","post_name":"reina-valera-1960","to_ping":"","pinged":"","post_modified":"2022-07-28 17:35:26","post_modified_gmt":"2022-07-28 15:35:26","post_content_filtered":"","post_parent":0,"guid":"http:\/\/dev.claret.cat\/autor\/reina-valera-1960\/","menu_order":0,"post_type":"autor","post_mime_type":"","comment_count":"0","filter":"raw"}],"autor":"REINA VALERA 1960","codart":"143363620","libros-coleccion":"","ediciones":"1","encuadernacion":"R\u00fastica","fecha_de_publicacion":"16\/06\/2022","novedad":"1","paginas":"1344","subtitulo":"","orden":"0","portada":"0","idioma":"spa","editorial":[{"ID":148265,"post_author":"3","post_date":"2022-10-14 11:56:54","post_date_gmt":"2022-10-14 09:56:54","post_content":"","post_title":"HOLMAN","post_excerpt":"","post_status":"publish","comment_status":"closed","ping_status":"closed","post_password":"","post_name":"holman","to_ping":"","pinged":"","post_modified":"2022-10-14 11:56:54","post_modified_gmt":"2022-10-14 09:56:54","post_content_filtered":"","post_parent":0,"guid":"http:\/\/dev.claret.cat\/editorial\/holman\/","menu_order":0,"post_type":"editorial","post_mime_type":"","comment_count":"0","filter":"raw"}]},"aioseo_notices":[],"_links":{"self":[{"href":"https:\/\/www.claret.cat\/es\/wp-json\/wp\/v2\/product\/35942","targetHints":{"allow":["GET"]}}],"collection":[{"href":"https:\/\/www.claret.cat\/es\/wp-json\/wp\/v2\/product"}],"about":[{"href":"https:\/\/www.claret.cat\/es\/wp-json\/wp\/v2\/types\/product"}],"wp:featuredmedia":[{"embeddable":true,"href":"https:\/\/www.claret.cat\/es\/wp-json\/wp\/v2\/media\/272829"}],"wp:attachment":[{"href":"https:\/\/www.claret.cat\/es\/wp-json\/wp\/v2\/media?parent=35942"}],"wp:term":[{"taxonomy":"product_brand","embeddable":true,"href":"https:\/\/www.claret.cat\/es\/wp-json\/wp\/v2\/product_brand?post=35942"},{"taxonomy":"product_cat","embeddable":true,"href":"https:\/\/www.claret.cat\/es\/wp-json\/wp\/v2\/product_cat?post=35942"},{"taxonomy":"product_tag","embeddable":true,"href":"https:\/\/www.claret.cat\/es\/wp-json\/wp\/v2\/product_tag?post=35942"}],"curies":[{"name":"wp","href":"https:\/\/api.w.org\/{rel}","templated":true}]}}