{"id":359797,"date":"2023-01-15T05:29:21","date_gmt":"2023-01-15T04:29:21","guid":{"rendered":"https:\/\/www.claret.cat\/llibre\/entranable-dios-9788490732120\/"},"modified":"2026-01-23T16:10:48","modified_gmt":"2026-01-23T15:10:48","slug":"entranable-dios-9788490732120","status":"publish","type":"product","link":"https:\/\/www.claret.cat\/es\/libro\/entranable-dios-9788490732120\/","title":{"rendered":"ENTRA\u00d1ABLE DIOS"},"content":{"rendered":"<p>La misericordia constituye el centro del mensaje de la Biblia y de la tarea actual de los cristianos y de la humanidad entera, y en este libro se trata de ella entendida como amor entra\u00f1able de Dios y compromiso de solidaridad y ayuda mutua entre los hom<\/p>\n","protected":false},"excerpt":{"rendered":"<p>PAGOLA, JOS\u00c9 ANTONIO<\/p>\n","protected":false},"featured_media":1076946,"template":"","meta":{"_acf_changed":false,"om_disable_all_campaigns":false,"rs_blank_template":"","rs_page_bg_color":"","slide_template_v7":"","inline_featured_image":false,"_monsterinsights_skip_tracking":false,"_monsterinsights_sitenote_active":false,"_monsterinsights_sitenote_note":"","_monsterinsights_sitenote_category":0},"product_brand":[],"product_cat":[345,79,275,413,288,514],"product_tag":[],"class_list":{"0":"post-359797","1":"product","2":"type-product","3":"status-publish","4":"has-post-thumbnail","6":"product_cat-espiritualidad","7":"product_cat-espiritualitat","8":"product_cat-fonamental","9":"product_cat-fundamental","10":"product_cat-moral-fonamental","11":"product_cat-moral-fundamental","13":"first","14":"instock","15":"taxable","16":"shipping-taxable","17":"purchasable","18":"product-type-simple"},"acf":{"editorial":[{"ID":6390,"post_author":"3","post_date":"2022-07-28 17:51:08","post_date_gmt":"2022-07-28 15:51:08","post_content":"","post_title":"VERBO DIVINO","post_excerpt":"","post_status":"publish","comment_status":"closed","ping_status":"closed","post_password":"","post_name":"verbo-divino","to_ping":"","pinged":"","post_modified":"2022-07-28 17:51:08","post_modified_gmt":"2022-07-28 15:51:08","post_content_filtered":"","post_parent":0,"guid":"http:\/\/dev.claret.cat\/editorial\/verbo-divino\/","menu_order":0,"post_type":"editorial","post_mime_type":"","comment_count":"0","filter":"raw"}],"autores-libros":[{"ID":171376,"post_author":"3","post_date":"2022-10-14 22:42:54","post_date_gmt":"2022-10-14 20:42:54","post_content":"","post_title":"XABIER PIKAZA","post_excerpt":"","post_status":"publish","comment_status":"closed","ping_status":"closed","post_password":"","post_name":"xabier-pikaza","to_ping":"","pinged":"","post_modified":"2022-10-14 22:42:54","post_modified_gmt":"2022-10-14 20:42:54","post_content_filtered":"","post_parent":0,"guid":"http:\/\/dev.claret.cat\/autor\/xabier-pikaza\/","menu_order":0,"post_type":"autor","post_mime_type":"","comment_count":"0","filter":"raw"},{"ID":5635,"post_author":"3","post_date":"2022-07-28 17:28:13","post_date_gmt":"2022-07-28 15:28:13","post_content":"Jos\u00e9 Antonio Pagola (A\u00f1orga, Guip\u00fascoa, 1937) va cursar els seus estudis de teologia i ci\u00e8ncies b\u00edbliques a la Pontif\u00edcia Universitat Gregoriana i el Pontifici Institut B\u00edblic de Roma, i a l\u2019\u00c9cole Biblique et Arch\u00e9ologique Fran\u00e7aise de Jerusalem. Ha estat vicari episcopal de la di\u00f2cesi de Sant Sebasti\u00e0 durant m\u00e9s de vint anys i director del Instituto de Teolog\u00eda y Pastoral d\u2019aquesta ciutat. Desenvolupa una intensa tasca amb grups de creients i allunyats. Des de fa set anys es dedica exclusivament a investigar i a donar a con\u00e8ixer la persona de Jes\u00fas. Autor de\u00a0<em>Jes\u00fas. Aproximaci\u00f3 hist\u00f2rica<\/em>;\u00a0<em>El cam\u00ed obert per Jes\u00fas. Mateu<\/em>;\u00a0<em>El cam\u00ed obert per Jes\u00fas. Joan<\/em>;\u00a0<em>El cam\u00ed obert per Jes\u00fas. Lluc<\/em>\u00a0i\u00a0<em>Fit a fit amb Jes\u00fas<\/em>.","post_title":"JOS\u00c9 ANTONIO PAGOLA","post_excerpt":"","post_status":"publish","comment_status":"closed","ping_status":"closed","post_password":"","post_name":"jose-antonio-pagola","to_ping":"","pinged":"","post_modified":"2022-07-28 19:08:36","post_modified_gmt":"2022-07-28 17:08:36","post_content_filtered":"","post_parent":0,"guid":"http:\/\/dev.claret.cat\/autor\/jose-antonio-pagola\/","menu_order":0,"post_type":"autor","post_mime_type":"","comment_count":"0","filter":"raw"}],"autor":"PAGOLA, JOS\u00c9 ANTONIO","codart":"849073212","libros-coleccion":"","ediciones":"1","encuadernacion":"R\u00fastica","fecha_de_publicacion":"17\/02\/2016","novedad":"0","paginas":"192","subtitulo":"LAS OBRAS DE MISERICORDIA: HACIA UNA CULTURA DE LA COMPASI\u00d3N","orden":"999","portada":"0","idioma":"spa","booktrailer":"","resenas":""},"aioseo_notices":[],"_links":{"self":[{"href":"https:\/\/www.claret.cat\/es\/wp-json\/wp\/v2\/product\/359797","targetHints":{"allow":["GET"]}}],"collection":[{"href":"https:\/\/www.claret.cat\/es\/wp-json\/wp\/v2\/product"}],"about":[{"href":"https:\/\/www.claret.cat\/es\/wp-json\/wp\/v2\/types\/product"}],"wp:featuredmedia":[{"embeddable":true,"href":"https:\/\/www.claret.cat\/es\/wp-json\/wp\/v2\/media\/1076946"}],"wp:attachment":[{"href":"https:\/\/www.claret.cat\/es\/wp-json\/wp\/v2\/media?parent=359797"}],"wp:term":[{"taxonomy":"product_brand","embeddable":true,"href":"https:\/\/www.claret.cat\/es\/wp-json\/wp\/v2\/product_brand?post=359797"},{"taxonomy":"product_cat","embeddable":true,"href":"https:\/\/www.claret.cat\/es\/wp-json\/wp\/v2\/product_cat?post=359797"},{"taxonomy":"product_tag","embeddable":true,"href":"https:\/\/www.claret.cat\/es\/wp-json\/wp\/v2\/product_tag?post=359797"}],"curies":[{"name":"wp","href":"https:\/\/api.w.org\/{rel}","templated":true}]}}