{"id":360174,"date":"2023-01-15T05:57:34","date_gmt":"2023-01-15T04:57:34","guid":{"rendered":"https:\/\/www.claret.cat\/llibre\/el-bilinguismo-en-educacion-infantil-y-educacion-primaria-9788490231470\/"},"modified":"2025-11-27T20:24:20","modified_gmt":"2025-11-27T19:24:20","slug":"el-bilinguismo-en-educacion-infantil-y-educacion-primaria-9788490231470","status":"publish","type":"product","link":"https:\/\/www.claret.cat\/es\/libro\/el-bilinguismo-en-educacion-infantil-y-educacion-primaria-9788490231470\/","title":{"rendered":"EL BILING\u00dcISMO EN EDUCACI\u00d3N INFANTIL Y EDUCACI\u00d3N PRIMARIA"},"content":{"rendered":"","protected":false},"excerpt":{"rendered":"<p>GONZ\u00c1LEZ SEGOVIA, ROC\u00cdO<\/p>\n","protected":false},"featured_media":0,"template":"","meta":{"_acf_changed":false,"om_disable_all_campaigns":false,"rs_blank_template":"","rs_page_bg_color":"","slide_template_v7":"","inline_featured_image":false,"_monsterinsights_skip_tracking":false,"_monsterinsights_sitenote_active":false,"_monsterinsights_sitenote_note":"","_monsterinsights_sitenote_category":0},"product_brand":[],"product_cat":[90,540],"product_tag":[],"class_list":{"0":"post-360174","1":"product","2":"type-product","3":"status-publish","5":"product_cat-altres","6":"product_cat-otros","8":"first","9":"outofstock","10":"taxable","11":"shipping-taxable","12":"purchasable","13":"product-type-simple"},"acf":{"editorial":[{"ID":6155,"post_author":"3","post_date":"2022-07-28 17:46:04","post_date_gmt":"2022-07-28 15:46:04","post_content":"","post_title":"Central Catequ\u00edstica Salesiana","post_excerpt":"","post_status":"publish","comment_status":"closed","ping_status":"closed","post_password":"","post_name":"central-catequistica-salesiana","to_ping":"","pinged":"","post_modified":"2022-07-28 17:46:04","post_modified_gmt":"2022-07-28 15:46:04","post_content_filtered":"","post_parent":0,"guid":"http:\/\/dev.claret.cat\/editorial\/central-catequistica-salesiana\/","menu_order":0,"post_type":"editorial","post_mime_type":"","comment_count":"0","filter":"raw"}],"autores-libros":[{"ID":358956,"post_author":"3","post_date":"2023-01-15 04:28:33","post_date_gmt":"2023-01-15 03:28:33","post_content":"","post_title":"ROC\u00cdO GONZ\u00c1LEZ SEGOVIA","post_excerpt":"","post_status":"publish","comment_status":"closed","ping_status":"closed","post_password":"","post_name":"rocio-gonzalez-segovia","to_ping":"","pinged":"","post_modified":"2023-01-15 04:28:33","post_modified_gmt":"2023-01-15 03:28:33","post_content_filtered":"","post_parent":0,"guid":"https:\/\/www.claret.cat\/autor\/rocio-gonzalez-segovia\/","menu_order":0,"post_type":"autor","post_mime_type":"","comment_count":"0","filter":"raw"}],"autor":"GONZ\u00c1LEZ SEGOVIA, ROC\u00cdO","codart":"849023147","libros-coleccion":"","ediciones":"1","encuadernacion":"R\u00fastica","fecha_de_publicacion":"09\/04\/2014","novedad":"0","paginas":"76","subtitulo":"","orden":"999","portada":"0","idioma":"spa","booktrailer":"","resenas":""},"aioseo_notices":[],"_links":{"self":[{"href":"https:\/\/www.claret.cat\/es\/wp-json\/wp\/v2\/product\/360174","targetHints":{"allow":["GET"]}}],"collection":[{"href":"https:\/\/www.claret.cat\/es\/wp-json\/wp\/v2\/product"}],"about":[{"href":"https:\/\/www.claret.cat\/es\/wp-json\/wp\/v2\/types\/product"}],"wp:attachment":[{"href":"https:\/\/www.claret.cat\/es\/wp-json\/wp\/v2\/media?parent=360174"}],"wp:term":[{"taxonomy":"product_brand","embeddable":true,"href":"https:\/\/www.claret.cat\/es\/wp-json\/wp\/v2\/product_brand?post=360174"},{"taxonomy":"product_cat","embeddable":true,"href":"https:\/\/www.claret.cat\/es\/wp-json\/wp\/v2\/product_cat?post=360174"},{"taxonomy":"product_tag","embeddable":true,"href":"https:\/\/www.claret.cat\/es\/wp-json\/wp\/v2\/product_tag?post=360174"}],"curies":[{"name":"wp","href":"https:\/\/api.w.org\/{rel}","templated":true}]}}