{"id":36119,"date":"2022-10-02T18:14:26","date_gmt":"2022-10-02T16:14:26","guid":{"rendered":"http:\/\/dev.claret.cat\/producte\/ecorutas-montaneras-por-los-pirineos\/"},"modified":"2023-10-06T09:19:39","modified_gmt":"2023-10-06T07:19:39","slug":"ecorutas-montaneras-por-los-pirineos-9788412273359","status":"publish","type":"product","link":"https:\/\/www.claret.cat\/es\/libro\/ecorutas-montaneras-por-los-pirineos-9788412273359\/","title":{"rendered":"ECORUTAS MONTA\u00d1ERAS POR LOS PIRINEOS"},"content":{"rendered":"<p>En estas 30 Ecorutas se visitan espacios de gran inter\u00e9s ecol\u00f3gico, fijando la mirada en los valores ambientales m\u00e1s destacados, y tambi\u00e9n en peque\u00f1os detalles, como la vegetaci\u00f3n que embellece los senderos y las especies que tienen en estas monta\u00f1as un importante reducto para su conservaci\u00f3n<\/p>\n","protected":false},"excerpt":{"rendered":"<p>VV.AA.<\/p>\n","protected":false},"featured_media":53365,"template":"","meta":{"_acf_changed":false,"om_disable_all_campaigns":false,"rs_blank_template":"","rs_page_bg_color":"","slide_template_v7":"","inline_featured_image":false,"_monsterinsights_skip_tracking":false,"_monsterinsights_sitenote_active":false,"_monsterinsights_sitenote_note":"","_monsterinsights_sitenote_category":0},"product_brand":[],"product_cat":[557],"product_tag":[],"class_list":{"0":"post-36119","1":"product","2":"type-product","3":"status-publish","4":"has-post-thumbnail","6":"product_cat-guias-de-viaje","8":"first","9":"instock","10":"taxable","11":"shipping-taxable","12":"purchasable","13":"product-type-simple"},"acf":{"autor":"VV.AA.","codart":"841227335","libros-coleccion":"","ediciones":"1","encuadernacion":"R\u00fastica","fecha_de_publicacion":"01\/05\/2022","novedad":"1","paginas":"168","subtitulo":"","orden":"0","portada":"0","idioma":"spa","autores-libros":[{"ID":6086,"post_author":"3","post_date":"2022-07-28 17:37:50","post_date_gmt":"2022-07-28 15:37:50","post_content":"","post_title":"VV.AA.","post_excerpt":"","post_status":"publish","comment_status":"closed","ping_status":"closed","post_password":"","post_name":"vv-aa-2","to_ping":"","pinged":"","post_modified":"2022-07-28 17:37:50","post_modified_gmt":"2022-07-28 15:37:50","post_content_filtered":"","post_parent":0,"guid":"http:\/\/dev.claret.cat\/autor\/vv-aa-2\/","menu_order":0,"post_type":"autor","post_mime_type":"","comment_count":"0","filter":"raw"}],"editorial":[{"ID":147767,"post_author":"3","post_date":"2022-10-14 11:53:04","post_date_gmt":"2022-10-14 09:53:04","post_content":"","post_title":"ECOS TRAVEL BOOKS","post_excerpt":"","post_status":"publish","comment_status":"closed","ping_status":"closed","post_password":"","post_name":"ecos-travel-books","to_ping":"","pinged":"","post_modified":"2022-10-14 11:53:04","post_modified_gmt":"2022-10-14 09:53:04","post_content_filtered":"","post_parent":0,"guid":"http:\/\/dev.claret.cat\/editorial\/ecos-travel-books\/","menu_order":0,"post_type":"editorial","post_mime_type":"","comment_count":"0","filter":"raw"}]},"aioseo_notices":[],"_links":{"self":[{"href":"https:\/\/www.claret.cat\/es\/wp-json\/wp\/v2\/product\/36119","targetHints":{"allow":["GET"]}}],"collection":[{"href":"https:\/\/www.claret.cat\/es\/wp-json\/wp\/v2\/product"}],"about":[{"href":"https:\/\/www.claret.cat\/es\/wp-json\/wp\/v2\/types\/product"}],"wp:featuredmedia":[{"embeddable":true,"href":"https:\/\/www.claret.cat\/es\/wp-json\/wp\/v2\/media\/53365"}],"wp:attachment":[{"href":"https:\/\/www.claret.cat\/es\/wp-json\/wp\/v2\/media?parent=36119"}],"wp:term":[{"taxonomy":"product_brand","embeddable":true,"href":"https:\/\/www.claret.cat\/es\/wp-json\/wp\/v2\/product_brand?post=36119"},{"taxonomy":"product_cat","embeddable":true,"href":"https:\/\/www.claret.cat\/es\/wp-json\/wp\/v2\/product_cat?post=36119"},{"taxonomy":"product_tag","embeddable":true,"href":"https:\/\/www.claret.cat\/es\/wp-json\/wp\/v2\/product_tag?post=36119"}],"curies":[{"name":"wp","href":"https:\/\/api.w.org\/{rel}","templated":true}]}}