{"id":361213,"date":"2023-01-15T07:20:34","date_gmt":"2023-01-15T06:20:34","guid":{"rendered":"https:\/\/www.claret.cat\/llibre\/80-anos-de-exegesis-biblica-en-america-latina-9788490737231\/"},"modified":"2024-05-23T04:57:33","modified_gmt":"2024-05-23T02:57:33","slug":"80-anos-de-exegesis-biblica-en-america-latina-9788490737231","status":"publish","type":"product","link":"https:\/\/www.claret.cat\/es\/libro\/80-anos-de-exegesis-biblica-en-america-latina-9788490737231\/","title":{"rendered":"80 A\u00d1OS DE EX\u00c9GESIS B\u00cdBLICA EN AM\u00c9RICA LATINA"},"content":{"rendered":"","protected":false},"excerpt":{"rendered":"<p>VERBO DIVINO<\/p>\n","protected":false},"featured_media":0,"template":"","meta":{"_acf_changed":false,"om_disable_all_campaigns":false,"rs_blank_template":"","rs_page_bg_color":"","slide_template_v7":"","inline_featured_image":false,"_monsterinsights_skip_tracking":false,"_monsterinsights_sitenote_active":false,"_monsterinsights_sitenote_note":"","_monsterinsights_sitenote_category":0},"product_brand":[],"product_cat":[420,296,412,274],"product_tag":[],"class_list":{"0":"post-361213","1":"product","2":"type-product","3":"status-publish","5":"product_cat-biblias","6":"product_cat-biblies","7":"product_cat-estudios-sagrada-escritura","8":"product_cat-estudis-sagrada-escriptura","10":"first","11":"instock","12":"taxable","13":"shipping-taxable","14":"purchasable","15":"product-type-simple"},"acf":{"editorial":[{"ID":6390,"post_author":"3","post_date":"2022-07-28 17:51:08","post_date_gmt":"2022-07-28 15:51:08","post_content":"","post_title":"VERBO DIVINO","post_excerpt":"","post_status":"publish","comment_status":"closed","ping_status":"closed","post_password":"","post_name":"verbo-divino","to_ping":"","pinged":"","post_modified":"2022-07-28 17:51:08","post_modified_gmt":"2022-07-28 15:51:08","post_content_filtered":"","post_parent":0,"guid":"http:\/\/dev.claret.cat\/editorial\/verbo-divino\/","menu_order":0,"post_type":"editorial","post_mime_type":"","comment_count":"0","filter":"raw"}],"autores-libros":[{"ID":6074,"post_author":"3","post_date":"2022-07-28 17:37:35","post_date_gmt":"2022-07-28 15:37:35","post_content":"","post_title":"VERBO DIVINO","post_excerpt":"","post_status":"publish","comment_status":"closed","ping_status":"closed","post_password":"","post_name":"verbo-divino","to_ping":"","pinged":"","post_modified":"2022-07-28 17:37:35","post_modified_gmt":"2022-07-28 15:37:35","post_content_filtered":"","post_parent":0,"guid":"http:\/\/dev.claret.cat\/autor\/verbo-divino\/","menu_order":0,"post_type":"autor","post_mime_type":"","comment_count":"0","filter":"raw"}],"autor":"VERBO DIVINO","codart":"849073723","libros-coleccion":"","ediciones":"1","encuadernacion":"R\u00fastica","fecha_de_publicacion":"13\/09\/2021","novedad":"0","paginas":"392","subtitulo":"ACTAS DEL CONGRESO INTERNACIONAL DE ESTUDIOS B\u00cdBLICOS ORGANIZADOS CON OCASI\u00d3N DEL 80\u00ba ANIVERSARIO DE REVISTA B\u00cdBLICA","orden":"999","portada":"0","idioma":"spa"},"aioseo_notices":[],"_links":{"self":[{"href":"https:\/\/www.claret.cat\/es\/wp-json\/wp\/v2\/product\/361213","targetHints":{"allow":["GET"]}}],"collection":[{"href":"https:\/\/www.claret.cat\/es\/wp-json\/wp\/v2\/product"}],"about":[{"href":"https:\/\/www.claret.cat\/es\/wp-json\/wp\/v2\/types\/product"}],"wp:attachment":[{"href":"https:\/\/www.claret.cat\/es\/wp-json\/wp\/v2\/media?parent=361213"}],"wp:term":[{"taxonomy":"product_brand","embeddable":true,"href":"https:\/\/www.claret.cat\/es\/wp-json\/wp\/v2\/product_brand?post=361213"},{"taxonomy":"product_cat","embeddable":true,"href":"https:\/\/www.claret.cat\/es\/wp-json\/wp\/v2\/product_cat?post=361213"},{"taxonomy":"product_tag","embeddable":true,"href":"https:\/\/www.claret.cat\/es\/wp-json\/wp\/v2\/product_tag?post=361213"}],"curies":[{"name":"wp","href":"https:\/\/api.w.org\/{rel}","templated":true}]}}