{"id":36135,"date":"2022-10-02T18:14:41","date_gmt":"2022-10-02T16:14:41","guid":{"rendered":"http:\/\/dev.claret.cat\/producte\/pack-estiu-els-ocze-1-frisbee\/"},"modified":"2024-02-14T19:45:08","modified_gmt":"2024-02-14T18:45:08","slug":"pack-estiu-els-ocze-1-frisbee-9782715142848","status":"publish","type":"product","link":"https:\/\/www.claret.cat\/es\/libro\/pack-estiu-els-ocze-1-frisbee-9782715142848\/","title":{"rendered":"PACK ESTIU ELS OCZE 1+ FRISBEE"},"content":{"rendered":"<p>En Ramon acaba de traslladar-se amb la seva fam\u00edlia a Nakatomi, un poble de Conca!<br \/>Tot comen\u00e7a el dia del seu onz\u00e8 aniversari. La seva festa \u00e9s un desastre&#8230;, per\u00f2 descobreix que t\u00e9 un superpoder: es pot convertir en qualsevol animal que toqui! Per\u00f2 ni amb poders es pot deslliurar dels abusananos de l&#8217;escola&#8230; Per sort, ha quedat una pla\u00e7a lliure a l&#8217;equip de futbol&#8230; i no hi ha res que l&#8217;apassioni tant com jugar a futbol! I m\u00e9s si \u00e9s en un equip tan&#8230; peculiar. Tots els companys i companyes d&#8217;equip tenen algun superpoder, i al seu pitjor enemic i rival de Les Fures, l&#8217;Arxi, tampoc sembla que li faltin superhabilitats&#8230;<\/p>\n","protected":false},"excerpt":{"rendered":"<p>ESTRELLA POLAR <\/p>\n","protected":false},"featured_media":273386,"template":"","meta":{"_acf_changed":false,"om_disable_all_campaigns":false,"rs_blank_template":"","rs_page_bg_color":"","slide_template_v7":"","inline_featured_image":false,"_monsterinsights_skip_tracking":false,"_monsterinsights_sitenote_active":false,"_monsterinsights_sitenote_note":"","_monsterinsights_sitenote_category":0},"product_brand":[],"product_cat":[90,540],"product_tag":[],"class_list":{"0":"post-36135","1":"product","2":"type-product","3":"status-publish","4":"has-post-thumbnail","6":"product_cat-altres","7":"product_cat-otros","9":"first","10":"instock","11":"taxable","12":"shipping-taxable","13":"purchasable","14":"product-type-simple"},"acf":{"autor":"ESTRELLA POLAR ","codart":"271514284","libros-coleccion":"","ediciones":"1","encuadernacion":"R\u00fastica","fecha_de_publicacion":"08\/06\/2022","novedad":"1","paginas":"368","subtitulo":"","orden":"0","portada":"0","idioma":"cat","editorial":[{"ID":148121,"post_author":"3","post_date":"2022-10-14 11:55:48","post_date_gmt":"2022-10-14 09:55:48","post_content":"","post_title":"ESTRELLA POLAR","post_excerpt":"","post_status":"publish","comment_status":"closed","ping_status":"closed","post_password":"","post_name":"estrella-polar-2","to_ping":"","pinged":"","post_modified":"2022-10-14 11:55:48","post_modified_gmt":"2022-10-14 09:55:48","post_content_filtered":"","post_parent":0,"guid":"http:\/\/dev.claret.cat\/editorial\/estrella-polar-2\/","menu_order":0,"post_type":"editorial","post_mime_type":"","comment_count":"0","filter":"raw"}],"autores-libros":[{"ID":155461,"post_author":"3","post_date":"2022-10-14 15:13:00","post_date_gmt":"2022-10-14 13:13:00","post_content":"","post_title":"ESTRELLA POLAR","post_excerpt":"","post_status":"publish","comment_status":"closed","ping_status":"closed","post_password":"","post_name":"estrella-polar","to_ping":"","pinged":"","post_modified":"2022-10-14 15:13:00","post_modified_gmt":"2022-10-14 13:13:00","post_content_filtered":"","post_parent":0,"guid":"http:\/\/dev.claret.cat\/autor\/estrella-polar\/","menu_order":0,"post_type":"autor","post_mime_type":"","comment_count":"0","filter":"raw"}]},"aioseo_notices":[],"_links":{"self":[{"href":"https:\/\/www.claret.cat\/es\/wp-json\/wp\/v2\/product\/36135","targetHints":{"allow":["GET"]}}],"collection":[{"href":"https:\/\/www.claret.cat\/es\/wp-json\/wp\/v2\/product"}],"about":[{"href":"https:\/\/www.claret.cat\/es\/wp-json\/wp\/v2\/types\/product"}],"wp:featuredmedia":[{"embeddable":true,"href":"https:\/\/www.claret.cat\/es\/wp-json\/wp\/v2\/media\/273386"}],"wp:attachment":[{"href":"https:\/\/www.claret.cat\/es\/wp-json\/wp\/v2\/media?parent=36135"}],"wp:term":[{"taxonomy":"product_brand","embeddable":true,"href":"https:\/\/www.claret.cat\/es\/wp-json\/wp\/v2\/product_brand?post=36135"},{"taxonomy":"product_cat","embeddable":true,"href":"https:\/\/www.claret.cat\/es\/wp-json\/wp\/v2\/product_cat?post=36135"},{"taxonomy":"product_tag","embeddable":true,"href":"https:\/\/www.claret.cat\/es\/wp-json\/wp\/v2\/product_tag?post=36135"}],"curies":[{"name":"wp","href":"https:\/\/api.w.org\/{rel}","templated":true}]}}