{"id":361971,"date":"2023-01-15T08:17:05","date_gmt":"2023-01-15T07:17:05","guid":{"rendered":"https:\/\/www.claret.cat\/llibre\/teologia-del-humor-9788493125929\/"},"modified":"2024-05-23T01:48:46","modified_gmt":"2024-05-22T23:48:46","slug":"teologia-del-humor-9788493125929","status":"publish","type":"product","link":"https:\/\/www.claret.cat\/es\/libro\/teologia-del-humor-9788493125929\/","title":{"rendered":"TEOLOG\u00cdA DEL HUMOR"},"content":{"rendered":"<p>La alegr\u00eda es un bien cristiano. Alegraos siempre en el Se\u00f1or; os lo repito, alegraos (Flp 4, 4), escribi\u00f3 san Pablo, porque la alegr\u00eda es fundamental en el cristianismo, que es por esencia evangelium, y evangelio significa buena noticia. Y la Buena Noticia es siempre una invitaci\u00f3n a la alegr\u00eda, algo que se recibe con gozo.<br \/>La alegr\u00eda no es verdadera cuando se apoya \u00fanicamente en cosas perecederas, en cosas que pueden ser arrebatadas y destruidas. Sin embargo, cuando se fundamenta en la \u00edntima profundidad de la existencia humana, en Dios, entonces s\u00ed que goza de autenticidad. Ser\u00e1 una alegr\u00eda imposible de ser arrebatada por fuerza alguna del mundo. Este libro es alegre y trasmite alegr\u00eda. Quiere ser una ayuda para que el lector encamine su vida por la aut\u00e9ntica senda del cristiano, que es la senda de la alegr\u00eda.<\/p>\n","protected":false},"excerpt":{"rendered":"<p>AZC\u00c1RATE FAJARN\u00c9S, JES\u00daS<\/p>\n","protected":false},"featured_media":361972,"template":"","meta":{"_acf_changed":false,"om_disable_all_campaigns":false,"rs_blank_template":"","rs_page_bg_color":"","slide_template_v7":"","inline_featured_image":false,"_monsterinsights_skip_tracking":false,"_monsterinsights_sitenote_active":false,"_monsterinsights_sitenote_note":"","_monsterinsights_sitenote_category":0},"product_brand":[],"product_cat":[90,540],"product_tag":[],"class_list":{"0":"post-361971","1":"product","2":"type-product","3":"status-publish","4":"has-post-thumbnail","6":"product_cat-altres","7":"product_cat-otros","9":"first","10":"instock","11":"taxable","12":"shipping-taxable","13":"purchasable","14":"product-type-simple"},"acf":{"editorial":[{"ID":6164,"post_author":"3","post_date":"2022-07-28 17:46:16","post_date_gmt":"2022-07-28 15:46:16","post_content":"","post_title":"COBEL EDICIONES","post_excerpt":"","post_status":"publish","comment_status":"closed","ping_status":"closed","post_password":"","post_name":"cobel-ediciones","to_ping":"","pinged":"","post_modified":"2022-07-28 17:46:16","post_modified_gmt":"2022-07-28 15:46:16","post_content_filtered":"","post_parent":0,"guid":"http:\/\/dev.claret.cat\/editorial\/cobel-ediciones\/","menu_order":0,"post_type":"editorial","post_mime_type":"","comment_count":"0","filter":"raw"}],"autores-libros":[{"ID":159087,"post_author":"3","post_date":"2022-10-14 15:41:59","post_date_gmt":"2022-10-14 13:41:59","post_content":"","post_title":"JES\u00daS AZC\u00c1RATE FAJARN\u00c9S","post_excerpt":"","post_status":"publish","comment_status":"closed","ping_status":"closed","post_password":"","post_name":"jesus-azcarate-fajarnes","to_ping":"","pinged":"","post_modified":"2022-10-14 15:41:59","post_modified_gmt":"2022-10-14 13:41:59","post_content_filtered":"","post_parent":0,"guid":"http:\/\/dev.claret.cat\/autor\/jesus-azcarate-fajarnes\/","menu_order":0,"post_type":"autor","post_mime_type":"","comment_count":"0","filter":"raw"}],"autor":"AZC\u00c1RATE FAJARN\u00c9S, JES\u00daS","codart":"849312592","libros-coleccion":"FORA DE COL.LECCI\u00d3","ediciones":"1","encuadernacion":"[Vac\u00edo]","fecha_de_publicacion":"01\/04\/2010","novedad":"0","paginas":"138","subtitulo":"","orden":"999","portada":"0","idioma":"spa"},"aioseo_notices":[],"_links":{"self":[{"href":"https:\/\/www.claret.cat\/es\/wp-json\/wp\/v2\/product\/361971","targetHints":{"allow":["GET"]}}],"collection":[{"href":"https:\/\/www.claret.cat\/es\/wp-json\/wp\/v2\/product"}],"about":[{"href":"https:\/\/www.claret.cat\/es\/wp-json\/wp\/v2\/types\/product"}],"wp:featuredmedia":[{"embeddable":true,"href":"https:\/\/www.claret.cat\/es\/wp-json\/wp\/v2\/media\/361972"}],"wp:attachment":[{"href":"https:\/\/www.claret.cat\/es\/wp-json\/wp\/v2\/media?parent=361971"}],"wp:term":[{"taxonomy":"product_brand","embeddable":true,"href":"https:\/\/www.claret.cat\/es\/wp-json\/wp\/v2\/product_brand?post=361971"},{"taxonomy":"product_cat","embeddable":true,"href":"https:\/\/www.claret.cat\/es\/wp-json\/wp\/v2\/product_cat?post=361971"},{"taxonomy":"product_tag","embeddable":true,"href":"https:\/\/www.claret.cat\/es\/wp-json\/wp\/v2\/product_tag?post=361971"}],"curies":[{"name":"wp","href":"https:\/\/api.w.org\/{rel}","templated":true}]}}