{"id":36216,"date":"2022-10-02T18:16:02","date_gmt":"2022-10-02T16:16:02","guid":{"rendered":"http:\/\/dev.claret.cat\/producte\/totes-les-families-del-meu-poble\/"},"modified":"2023-10-06T09:45:55","modified_gmt":"2023-10-06T07:45:55","slug":"totes-les-families-del-meu-poble-9788491455684","status":"publish","type":"product","link":"https:\/\/www.claret.cat\/es\/libro\/totes-les-families-del-meu-poble-9788491455684\/","title":{"rendered":"TOTES LES FAM\u00cdLIES DEL MEU POBLE"},"content":{"rendered":"<p>A partir de 5 anys. Al petit poble de l?Aria nom\u00e9s hi ha nou cases. Per\u00f2 cada una d?elles cont\u00e9 tot un univers. Comen\u00e7ant pel Sofiane i els seus avis, que mai no deixen de ballar; fins arribar a la Lul\u00fa, que t\u00e9 un pare que va n\u00e9ixer amb cos de nena; i passant per la Julie, que no va con\u00e8ixer a la seva mare, i pels seus dos pares que tant la cuiden, l?Aria ens presenta totes les singularitats que pot arribar a tenir la fam\u00edlia. I a la teva fam\u00edlia, qu\u00e8 \u00e9s all\u00f2 que la fa m\u00e0gica?<\/p>\n","protected":false},"excerpt":{"rendered":"<p>CELIER, OPH\u00c9LIE \/ PIET, THOMAS<\/p>\n","protected":false},"featured_media":53629,"template":"","meta":{"_acf_changed":false,"om_disable_all_campaigns":false,"rs_blank_template":"","rs_page_bg_color":"","slide_template_v7":"","inline_featured_image":false,"_monsterinsights_skip_tracking":false,"_monsterinsights_sitenote_active":false,"_monsterinsights_sitenote_note":"","_monsterinsights_sitenote_category":0},"product_brand":[],"product_cat":[131],"product_tag":[],"class_list":{"0":"post-36216","1":"product","2":"type-product","3":"status-publish","4":"has-post-thumbnail","6":"product_cat-contes-per-infants-0-6-anys","8":"first","9":"instock","10":"taxable","11":"shipping-taxable","12":"purchasable","13":"product-type-simple"},"acf":{"autor":"CELIER, OPH\u00c9LIE \/ PIET, THOMAS","codart":"849145568","libros-coleccion":"PICARONA","ediciones":"1","encuadernacion":"Carton\u00e9","fecha_de_publicacion":"01\/04\/2022","novedad":"1","paginas":"37","subtitulo":"","orden":"0","portada":"0","idioma":"cat","editorial":[{"ID":6329,"post_author":"3","post_date":"2022-07-28 17:49:51","post_date_gmt":"2022-07-28 15:49:51","post_content":"","post_title":"PICARONA","post_excerpt":"","post_status":"publish","comment_status":"closed","ping_status":"closed","post_password":"","post_name":"picarona","to_ping":"","pinged":"","post_modified":"2022-07-28 17:49:51","post_modified_gmt":"2022-07-28 15:49:51","post_content_filtered":"","post_parent":0,"guid":"http:\/\/dev.claret.cat\/editorial\/picarona\/","menu_order":0,"post_type":"editorial","post_mime_type":"","comment_count":"0","filter":"raw"}],"autores-libros":[{"ID":166223,"post_author":"3","post_date":"2022-10-14 18:01:25","post_date_gmt":"2022-10-14 16:01:25","post_content":"","post_title":"OPH\u00c9LIE CELIER","post_excerpt":"","post_status":"publish","comment_status":"closed","ping_status":"closed","post_password":"","post_name":"ophelie-celier","to_ping":"","pinged":"","post_modified":"2022-10-14 18:01:25","post_modified_gmt":"2022-10-14 16:01:25","post_content_filtered":"","post_parent":0,"guid":"http:\/\/dev.claret.cat\/autor\/ophelie-celier\/","menu_order":0,"post_type":"autor","post_mime_type":"","comment_count":"0","filter":"raw"},{"ID":170357,"post_author":"3","post_date":"2022-10-14 22:34:40","post_date_gmt":"2022-10-14 20:34:40","post_content":"","post_title":"THOMAS PIET","post_excerpt":"","post_status":"publish","comment_status":"closed","ping_status":"closed","post_password":"","post_name":"thomas-piet","to_ping":"","pinged":"","post_modified":"2022-10-14 22:34:40","post_modified_gmt":"2022-10-14 20:34:40","post_content_filtered":"","post_parent":0,"guid":"http:\/\/dev.claret.cat\/autor\/thomas-piet\/","menu_order":0,"post_type":"autor","post_mime_type":"","comment_count":"0","filter":"raw"}]},"aioseo_notices":[],"_links":{"self":[{"href":"https:\/\/www.claret.cat\/es\/wp-json\/wp\/v2\/product\/36216","targetHints":{"allow":["GET"]}}],"collection":[{"href":"https:\/\/www.claret.cat\/es\/wp-json\/wp\/v2\/product"}],"about":[{"href":"https:\/\/www.claret.cat\/es\/wp-json\/wp\/v2\/types\/product"}],"wp:featuredmedia":[{"embeddable":true,"href":"https:\/\/www.claret.cat\/es\/wp-json\/wp\/v2\/media\/53629"}],"wp:attachment":[{"href":"https:\/\/www.claret.cat\/es\/wp-json\/wp\/v2\/media?parent=36216"}],"wp:term":[{"taxonomy":"product_brand","embeddable":true,"href":"https:\/\/www.claret.cat\/es\/wp-json\/wp\/v2\/product_brand?post=36216"},{"taxonomy":"product_cat","embeddable":true,"href":"https:\/\/www.claret.cat\/es\/wp-json\/wp\/v2\/product_cat?post=36216"},{"taxonomy":"product_tag","embeddable":true,"href":"https:\/\/www.claret.cat\/es\/wp-json\/wp\/v2\/product_tag?post=36216"}],"curies":[{"name":"wp","href":"https:\/\/api.w.org\/{rel}","templated":true}]}}