{"id":362229,"date":"2023-01-15T08:36:11","date_gmt":"2023-01-15T07:36:11","guid":{"rendered":"https:\/\/www.claret.cat\/llibre\/rezar-con-el-beato-manuel-lozano-garrido-lolo-9788493752590\/"},"modified":"2024-05-23T01:32:33","modified_gmt":"2024-05-22T23:32:33","slug":"rezar-con-el-beato-manuel-lozano-garrido-lolo-9788493752590","status":"publish","type":"product","link":"https:\/\/www.claret.cat\/es\/libro\/rezar-con-el-beato-manuel-lozano-garrido-lolo-9788493752590\/","title":{"rendered":"REZAR CON EL BEATO MANUEL LOZANO GARRIDO &#8211;  LOLO"},"content":{"rendered":"","protected":false},"excerpt":{"rendered":"<p>FERN\u00c1NDEZ GUZM\u00c1N, ELEUTERIO<\/p>\n","protected":false},"featured_media":0,"template":"","meta":{"_acf_changed":false,"om_disable_all_campaigns":false,"rs_blank_template":"","rs_page_bg_color":"","slide_template_v7":"","inline_featured_image":false,"_monsterinsights_skip_tracking":false,"_monsterinsights_sitenote_active":false,"_monsterinsights_sitenote_note":"","_monsterinsights_sitenote_category":0},"product_brand":[],"product_cat":[90,540],"product_tag":[],"class_list":{"0":"post-362229","1":"product","2":"type-product","3":"status-publish","5":"product_cat-altres","6":"product_cat-otros","8":"first","9":"instock","10":"taxable","11":"shipping-taxable","12":"purchasable","13":"product-type-simple"},"acf":{"editorial":[{"ID":6164,"post_author":"3","post_date":"2022-07-28 17:46:16","post_date_gmt":"2022-07-28 15:46:16","post_content":"","post_title":"COBEL EDICIONES","post_excerpt":"","post_status":"publish","comment_status":"closed","ping_status":"closed","post_password":"","post_name":"cobel-ediciones","to_ping":"","pinged":"","post_modified":"2022-07-28 17:46:16","post_modified_gmt":"2022-07-28 15:46:16","post_content_filtered":"","post_parent":0,"guid":"http:\/\/dev.claret.cat\/editorial\/cobel-ediciones\/","menu_order":0,"post_type":"editorial","post_mime_type":"","comment_count":"0","filter":"raw"}],"autores-libros":[{"ID":362120,"post_author":"3","post_date":"2023-01-15 08:26:16","post_date_gmt":"2023-01-15 07:26:16","post_content":"","post_title":"ELEUTERIO FERNANDEZ GUZMAN","post_excerpt":"","post_status":"publish","comment_status":"closed","ping_status":"closed","post_password":"","post_name":"eleuterio-fernandez-guzman","to_ping":"","pinged":"","post_modified":"2023-01-15 08:26:16","post_modified_gmt":"2023-01-15 07:26:16","post_content_filtered":"","post_parent":0,"guid":"https:\/\/www.claret.cat\/autor\/eleuterio-fernandez-guzman\/","menu_order":0,"post_type":"autor","post_mime_type":"","comment_count":"0","filter":"raw"}],"autor":"FERN\u00c1NDEZ GUZM\u00c1N, ELEUTERIO","codart":"849375259","libros-coleccion":"","ediciones":"1","encuadernacion":"R\u00fastica","fecha_de_publicacion":"06\/05\/2014","novedad":"0","paginas":"120","subtitulo":"TEXTOS PARA MEDITAR","orden":"999","portada":"0","idioma":"spa"},"aioseo_notices":[],"_links":{"self":[{"href":"https:\/\/www.claret.cat\/es\/wp-json\/wp\/v2\/product\/362229","targetHints":{"allow":["GET"]}}],"collection":[{"href":"https:\/\/www.claret.cat\/es\/wp-json\/wp\/v2\/product"}],"about":[{"href":"https:\/\/www.claret.cat\/es\/wp-json\/wp\/v2\/types\/product"}],"wp:attachment":[{"href":"https:\/\/www.claret.cat\/es\/wp-json\/wp\/v2\/media?parent=362229"}],"wp:term":[{"taxonomy":"product_brand","embeddable":true,"href":"https:\/\/www.claret.cat\/es\/wp-json\/wp\/v2\/product_brand?post=362229"},{"taxonomy":"product_cat","embeddable":true,"href":"https:\/\/www.claret.cat\/es\/wp-json\/wp\/v2\/product_cat?post=362229"},{"taxonomy":"product_tag","embeddable":true,"href":"https:\/\/www.claret.cat\/es\/wp-json\/wp\/v2\/product_tag?post=362229"}],"curies":[{"name":"wp","href":"https:\/\/api.w.org\/{rel}","templated":true}]}}