{"id":362265,"date":"2023-01-15T08:38:57","date_gmt":"2023-01-15T07:38:57","guid":{"rendered":"https:\/\/www.claret.cat\/llibre\/la-relacio-entre-esglesia-i-mon-davui-a-la-llum-del-concili-vatica-ii-9788493862015\/"},"modified":"2024-05-23T01:25:00","modified_gmt":"2024-05-22T23:25:00","slug":"la-relacio-entre-esglesia-i-mon-davui-a-la-llum-del-concili-vatica-ii-9788493862015","status":"publish","type":"product","link":"https:\/\/www.claret.cat\/es\/libro\/la-relacio-entre-esglesia-i-mon-davui-a-la-llum-del-concili-vatica-ii-9788493862015\/","title":{"rendered":"LA RELACI\u00d3 ENTRE ESGL\u00c9SIA I M\u00d3N D&#8217;AVUI A LA LLUM DEL CONCILI VATIC\u00c0 II"},"content":{"rendered":"","protected":false},"excerpt":{"rendered":"<p>FACULTAT DE TEOLOGIA<\/p>\n","protected":false},"featured_media":362266,"template":"","meta":{"_acf_changed":false,"om_disable_all_campaigns":false,"rs_blank_template":"","rs_page_bg_color":"","slide_template_v7":"","inline_featured_image":false,"_monsterinsights_skip_tracking":false,"_monsterinsights_sitenote_active":false,"_monsterinsights_sitenote_note":"","_monsterinsights_sitenote_category":0},"product_brand":[],"product_cat":[90,540],"product_tag":[],"class_list":{"0":"post-362265","1":"product","2":"type-product","3":"status-publish","4":"has-post-thumbnail","6":"product_cat-altres","7":"product_cat-otros","9":"first","10":"instock","11":"taxable","12":"shipping-taxable","13":"purchasable","14":"product-type-simple"},"acf":{"editorial":[{"ID":6253,"post_author":"3","post_date":"2022-07-28 17:48:14","post_date_gmt":"2022-07-28 15:48:14","post_content":"","post_title":"Facultat Teologia de Catalunya","post_excerpt":"","post_status":"publish","comment_status":"closed","ping_status":"closed","post_password":"","post_name":"facultat-teologia-de-catalunya","to_ping":"","pinged":"","post_modified":"2022-07-28 17:48:14","post_modified_gmt":"2022-07-28 15:48:14","post_content_filtered":"","post_parent":0,"guid":"http:\/\/dev.claret.cat\/editorial\/facultat-teologia-de-catalunya\/","menu_order":0,"post_type":"editorial","post_mime_type":"","comment_count":"0","filter":"raw"}],"autores-libros":[{"ID":155626,"post_author":"3","post_date":"2022-10-14 15:14:20","post_date_gmt":"2022-10-14 13:14:20","post_content":"","post_title":"FACULTAT DE TEOLOGIA","post_excerpt":"","post_status":"publish","comment_status":"closed","ping_status":"closed","post_password":"","post_name":"facultat-de-teologia","to_ping":"","pinged":"","post_modified":"2022-10-14 15:14:20","post_modified_gmt":"2022-10-14 13:14:20","post_content_filtered":"","post_parent":0,"guid":"http:\/\/dev.claret.cat\/autor\/facultat-de-teologia\/","menu_order":0,"post_type":"autor","post_mime_type":"","comment_count":"0","filter":"raw"}],"autor":"FACULTAT DE TEOLOGIA","codart":"849386201","libros-coleccion":"","ediciones":"1","encuadernacion":"R\u00fastica","fecha_de_publicacion":"08\/06\/2011","novedad":"0","paginas":"130","subtitulo":"Q\u00dcESTIONS TEOL\u00d2GIQUES N\u00ba 12","orden":"999","portada":"0","idioma":"cat"},"aioseo_notices":[],"_links":{"self":[{"href":"https:\/\/www.claret.cat\/es\/wp-json\/wp\/v2\/product\/362265","targetHints":{"allow":["GET"]}}],"collection":[{"href":"https:\/\/www.claret.cat\/es\/wp-json\/wp\/v2\/product"}],"about":[{"href":"https:\/\/www.claret.cat\/es\/wp-json\/wp\/v2\/types\/product"}],"wp:featuredmedia":[{"embeddable":true,"href":"https:\/\/www.claret.cat\/es\/wp-json\/wp\/v2\/media\/362266"}],"wp:attachment":[{"href":"https:\/\/www.claret.cat\/es\/wp-json\/wp\/v2\/media?parent=362265"}],"wp:term":[{"taxonomy":"product_brand","embeddable":true,"href":"https:\/\/www.claret.cat\/es\/wp-json\/wp\/v2\/product_brand?post=362265"},{"taxonomy":"product_cat","embeddable":true,"href":"https:\/\/www.claret.cat\/es\/wp-json\/wp\/v2\/product_cat?post=362265"},{"taxonomy":"product_tag","embeddable":true,"href":"https:\/\/www.claret.cat\/es\/wp-json\/wp\/v2\/product_tag?post=362265"}],"curies":[{"name":"wp","href":"https:\/\/api.w.org\/{rel}","templated":true}]}}