{"id":362460,"date":"2023-01-15T09:06:01","date_gmt":"2023-01-15T08:06:01","guid":{"rendered":"https:\/\/www.claret.cat\/llibre\/confirmacion-don-y-mision-guia-para-catequistas-y-confirmandos-9788494134074\/"},"modified":"2025-11-06T13:36:29","modified_gmt":"2025-11-06T12:36:29","slug":"confirmacion-don-y-mision-guia-para-catequistas-y-confirmandos-9788494134074","status":"publish","type":"product","link":"https:\/\/www.claret.cat\/es\/libro\/confirmacion-don-y-mision-guia-para-catequistas-y-confirmandos-9788494134074\/","title":{"rendered":"CONFIRMACI\u00d3N, DON Y MISI\u00d3N. GUIA PARA CATEQUISTAS Y CONFIRMANDOS"},"content":{"rendered":"<p>Con breves y claras explicaciones, el libro describe la riqueza del sacramento y c\u00f3mo desempe\u00f1ar la misi\u00f3n recibida con la ayuda del Esp\u00edritu Santo.<\/p>\n<p>Los contenidos del libro han sido desarrollados por Daniel Valera Hidalgo, vicario episcopal para la Transmisi\u00f3n de la fe en la Di\u00f3cesis de Huelva, y por Alejandro Ruiz Trujillo, profesor de ense\u00f1anza de primaria, catequista de ni\u00f1os y adolescentes, casado y padre de familia que ha cursado estudios de Teolog\u00eda.<\/p>\n<p>La obra es un compendio \u00fatil y pr\u00e1ctico para quienes se preparan para recibir el sacramento de la Confirmaci\u00f3n.<\/p>\n<p>Profundiza en los contenidos esenciales del sacramento, las condiciones del candidato para recibirlo, la preparaci\u00f3n inmediata de la celebraci\u00f3n, los distintos signos del rito.<\/p>\n<p>Todo esto introducido por una reflexi\u00f3n sobre la Tercera Persona de la Trinidad, el Esp\u00edritu Santo, protagonista de este sacramento que culmina la iniciaci\u00f3n cristiana; finalizando con la invitaci\u00f3n a anunciar con palabras y obras la alegr\u00eda del Evangelio y ser evangelizadores con Esp\u00edritu, en sinton\u00eda con la \u00faltima exhortaci\u00f3n apost\u00f3lica del Papa Francisco Evangelii Gaudium.<\/p>\n","protected":false},"excerpt":{"rendered":"<p>VALERA HIDALGO, DANIEL; RUIZ TRUJILLO, ALEJANDRO<\/p>\n","protected":false},"featured_media":1064294,"template":"","meta":{"_acf_changed":false,"om_disable_all_campaigns":false,"rs_blank_template":"","rs_page_bg_color":"","slide_template_v7":"","inline_featured_image":false,"_monsterinsights_skip_tracking":false,"_monsterinsights_sitenote_active":false,"_monsterinsights_sitenote_note":"","_monsterinsights_sitenote_category":0},"product_brand":[],"product_cat":[218,477],"product_tag":[],"class_list":{"0":"post-362460","1":"product","2":"type-product","3":"status-publish","4":"has-post-thumbnail","6":"product_cat-confirmacio","7":"product_cat-confirmacion","9":"first","10":"instock","11":"taxable","12":"shipping-taxable","13":"purchasable","14":"product-type-simple"},"acf":{"editorial":[{"ID":8239,"post_author":"3","post_date":"2022-09-30 09:21:24","post_date_gmt":"2022-09-30 07:21:24","post_content":"","post_title":"FAMILIA DE JESUS, EDITORIAL","post_excerpt":"","post_status":"publish","comment_status":"closed","ping_status":"closed","post_password":"","post_name":"familia-de-jesus-editorial","to_ping":"","pinged":"","post_modified":"2022-09-30 09:21:24","post_modified_gmt":"2022-09-30 07:21:24","post_content_filtered":"","post_parent":0,"guid":"http:\/\/dev.claret.cat\/editorial\/familia-de-jesus-editorial\/","menu_order":0,"post_type":"editorial","post_mime_type":"","comment_count":"0","filter":"raw"}],"autores-libros":[{"ID":362392,"post_author":"3","post_date":"2023-01-15 08:56:16","post_date_gmt":"2023-01-15 07:56:16","post_content":"","post_title":"DANIEL VALERA HIDALGO","post_excerpt":"","post_status":"publish","comment_status":"closed","ping_status":"closed","post_password":"","post_name":"daniel-valera-hidalgo","to_ping":"","pinged":"","post_modified":"2023-01-15 08:56:16","post_modified_gmt":"2023-01-15 07:56:16","post_content_filtered":"","post_parent":0,"guid":"https:\/\/www.claret.cat\/autor\/daniel-valera-hidalgo\/","menu_order":0,"post_type":"autor","post_mime_type":"","comment_count":"0","filter":"raw"},{"ID":362400,"post_author":"3","post_date":"2023-01-15 08:56:50","post_date_gmt":"2023-01-15 07:56:50","post_content":"","post_title":"ALEJANDRO RUIZ TRUJILLO","post_excerpt":"","post_status":"publish","comment_status":"closed","ping_status":"closed","post_password":"","post_name":"alejandro-ruiz-trujillo","to_ping":"","pinged":"","post_modified":"2023-01-15 08:56:50","post_modified_gmt":"2023-01-15 07:56:50","post_content_filtered":"","post_parent":0,"guid":"https:\/\/www.claret.cat\/autor\/alejandro-ruiz-trujillo\/","menu_order":0,"post_type":"autor","post_mime_type":"","comment_count":"0","filter":"raw"}],"autor":"VALERA HIDALGO, DANIEL; RUIZ TRUJILLO, ALEJANDRO","codart":"849413407","libros-coleccion":"","ediciones":"1","encuadernacion":"Grapado","fecha_de_publicacion":"24\/03\/2014","novedad":"0","paginas":"32","subtitulo":"GU\u00cdA PARA CATEQUISTAS Y CONFIRMANDOS","orden":"999","portada":"0","idioma":"spa","booktrailer":"","resenas":""},"aioseo_notices":[],"_links":{"self":[{"href":"https:\/\/www.claret.cat\/es\/wp-json\/wp\/v2\/product\/362460","targetHints":{"allow":["GET"]}}],"collection":[{"href":"https:\/\/www.claret.cat\/es\/wp-json\/wp\/v2\/product"}],"about":[{"href":"https:\/\/www.claret.cat\/es\/wp-json\/wp\/v2\/types\/product"}],"wp:featuredmedia":[{"embeddable":true,"href":"https:\/\/www.claret.cat\/es\/wp-json\/wp\/v2\/media\/1064294"}],"wp:attachment":[{"href":"https:\/\/www.claret.cat\/es\/wp-json\/wp\/v2\/media?parent=362460"}],"wp:term":[{"taxonomy":"product_brand","embeddable":true,"href":"https:\/\/www.claret.cat\/es\/wp-json\/wp\/v2\/product_brand?post=362460"},{"taxonomy":"product_cat","embeddable":true,"href":"https:\/\/www.claret.cat\/es\/wp-json\/wp\/v2\/product_cat?post=362460"},{"taxonomy":"product_tag","embeddable":true,"href":"https:\/\/www.claret.cat\/es\/wp-json\/wp\/v2\/product_tag?post=362460"}],"curies":[{"name":"wp","href":"https:\/\/api.w.org\/{rel}","templated":true}]}}