{"id":362461,"date":"2023-01-15T09:06:08","date_gmt":"2023-01-15T08:06:08","guid":{"rendered":"https:\/\/www.claret.cat\/llibre\/confirmacio-do-i-missio-guia-per-a-catequistes-i-confirmands-9788494134081\/"},"modified":"2025-11-06T13:37:15","modified_gmt":"2025-11-06T12:37:15","slug":"confirmacio-do-i-missio-guia-per-a-catequistes-i-confirmands-9788494134081","status":"publish","type":"product","link":"https:\/\/www.claret.cat\/es\/libro\/confirmacio-do-i-missio-guia-per-a-catequistes-i-confirmands-9788494134081\/","title":{"rendered":"CONFIRMACI\u00d3, DO I MISSI\u00d3. GUIA PER A CATEQUISTES I CONFIRMANDS"},"content":{"rendered":"<p>L&#8217;obra \u00e9s uncompendi \u00fatil i pr\u00e0cticper als joves que es preparen per rebre el sagrament de la Confirmaci\u00f3.<\/p>\n<p>Aprofundeix en els continguts essencials el sagrament, les condicions del candidat per rebre el sagrament,la preparaci\u00f3 immediata de la celebraci\u00f3, els diferents signes del ritu. Totaix\u00f2 introdu\u00eft per una reflexi\u00f3 sobre la Tercera Persona dela Trinitat, l&#8217;Esperit Sant, protagonista d&#8217;aquest sagrament que culminala iniciaci\u00f3 cristiana; finalitza amb la invitaci\u00f3 a anunciar amb paraules i obres l&#8217;alegria de l&#8217;Evangelii, en sintonia amb l&#8217;\u00faltima exhortaci\u00f3 apost\u00f2lica del Papa Francisco Evangelii Gaudium.<\/p>\n<p>Explicacions breus i pr\u00e0ctiques sobre el sagrament.<br \/>Ajuda a dur a tereme la missi\u00f3, amb la for\u00e7a de l&#8217;Esperit Sant.<\/p>\n<p>Els continguts del llibre han estat desenvolupats per Daniel Valera Hidalgo, vicari episcopal per a la Transmissi\u00f3 de la fe en la Di\u00f2cesi de Huelva, i per Alejandro Ruiz Trujillo, professor d&#8217;ensenyament de prim\u00e0ria, catequista de nens y adolescents, casat y pare de fam\u00edlia que ha cursat estuidis de teologia.<\/p>\n","protected":false},"excerpt":{"rendered":"<p>VALERA HIDALGO, DANIEL; RUIZ TRUJILLO, ALEJANDRO<\/p>\n","protected":false},"featured_media":1064296,"template":"","meta":{"_acf_changed":false,"om_disable_all_campaigns":false,"rs_blank_template":"","rs_page_bg_color":"","slide_template_v7":"","inline_featured_image":false,"_monsterinsights_skip_tracking":false,"_monsterinsights_sitenote_active":false,"_monsterinsights_sitenote_note":"","_monsterinsights_sitenote_category":0},"product_brand":[],"product_cat":[218,477],"product_tag":[],"class_list":{"0":"post-362461","1":"product","2":"type-product","3":"status-publish","4":"has-post-thumbnail","6":"product_cat-confirmacio","7":"product_cat-confirmacion","9":"first","10":"instock","11":"taxable","12":"shipping-taxable","13":"purchasable","14":"product-type-simple"},"acf":{"editorial":[{"ID":8239,"post_author":"3","post_date":"2022-09-30 09:21:24","post_date_gmt":"2022-09-30 07:21:24","post_content":"","post_title":"FAMILIA DE JESUS, EDITORIAL","post_excerpt":"","post_status":"publish","comment_status":"closed","ping_status":"closed","post_password":"","post_name":"familia-de-jesus-editorial","to_ping":"","pinged":"","post_modified":"2022-09-30 09:21:24","post_modified_gmt":"2022-09-30 07:21:24","post_content_filtered":"","post_parent":0,"guid":"http:\/\/dev.claret.cat\/editorial\/familia-de-jesus-editorial\/","menu_order":0,"post_type":"editorial","post_mime_type":"","comment_count":"0","filter":"raw"}],"autores-libros":[{"ID":362392,"post_author":"3","post_date":"2023-01-15 08:56:16","post_date_gmt":"2023-01-15 07:56:16","post_content":"","post_title":"DANIEL VALERA HIDALGO","post_excerpt":"","post_status":"publish","comment_status":"closed","ping_status":"closed","post_password":"","post_name":"daniel-valera-hidalgo","to_ping":"","pinged":"","post_modified":"2023-01-15 08:56:16","post_modified_gmt":"2023-01-15 07:56:16","post_content_filtered":"","post_parent":0,"guid":"https:\/\/www.claret.cat\/autor\/daniel-valera-hidalgo\/","menu_order":0,"post_type":"autor","post_mime_type":"","comment_count":"0","filter":"raw"},{"ID":362400,"post_author":"3","post_date":"2023-01-15 08:56:50","post_date_gmt":"2023-01-15 07:56:50","post_content":"","post_title":"ALEJANDRO RUIZ TRUJILLO","post_excerpt":"","post_status":"publish","comment_status":"closed","ping_status":"closed","post_password":"","post_name":"alejandro-ruiz-trujillo","to_ping":"","pinged":"","post_modified":"2023-01-15 08:56:50","post_modified_gmt":"2023-01-15 07:56:50","post_content_filtered":"","post_parent":0,"guid":"https:\/\/www.claret.cat\/autor\/alejandro-ruiz-trujillo\/","menu_order":0,"post_type":"autor","post_mime_type":"","comment_count":"0","filter":"raw"}],"autor":"VALERA HIDALGO, DANIEL; RUIZ TRUJILLO, ALEJANDRO","codart":"849413408","libros-coleccion":"","ediciones":"1","encuadernacion":"Grapado","fecha_de_publicacion":"24\/03\/2014","novedad":"0","paginas":"32","subtitulo":"GUIA PER A CATEQUISTES I CONFIRMANDS","orden":"999","portada":"0","idioma":"cat","booktrailer":"","resenas":""},"aioseo_notices":[],"_links":{"self":[{"href":"https:\/\/www.claret.cat\/es\/wp-json\/wp\/v2\/product\/362461","targetHints":{"allow":["GET"]}}],"collection":[{"href":"https:\/\/www.claret.cat\/es\/wp-json\/wp\/v2\/product"}],"about":[{"href":"https:\/\/www.claret.cat\/es\/wp-json\/wp\/v2\/types\/product"}],"wp:featuredmedia":[{"embeddable":true,"href":"https:\/\/www.claret.cat\/es\/wp-json\/wp\/v2\/media\/1064296"}],"wp:attachment":[{"href":"https:\/\/www.claret.cat\/es\/wp-json\/wp\/v2\/media?parent=362461"}],"wp:term":[{"taxonomy":"product_brand","embeddable":true,"href":"https:\/\/www.claret.cat\/es\/wp-json\/wp\/v2\/product_brand?post=362461"},{"taxonomy":"product_cat","embeddable":true,"href":"https:\/\/www.claret.cat\/es\/wp-json\/wp\/v2\/product_cat?post=362461"},{"taxonomy":"product_tag","embeddable":true,"href":"https:\/\/www.claret.cat\/es\/wp-json\/wp\/v2\/product_tag?post=362461"}],"curies":[{"name":"wp","href":"https:\/\/api.w.org\/{rel}","templated":true}]}}