{"id":362473,"date":"2023-01-15T09:07:21","date_gmt":"2023-01-15T08:07:21","guid":{"rendered":"https:\/\/www.claret.cat\/llibre\/metodos-anticonceptivos-manual-para-el-uso-de-9788494353086\/"},"modified":"2024-05-23T01:06:37","modified_gmt":"2024-05-22T23:06:37","slug":"metodos-anticonceptivos-manual-para-el-uso-de-9788494353086","status":"publish","type":"product","link":"https:\/\/www.claret.cat\/es\/libro\/metodos-anticonceptivos-manual-para-el-uso-de-9788494353086\/","title":{"rendered":"M\u00c9TODOS ANTICONCEPTIVOS. MANUAL PARA EL USO DE"},"content":{"rendered":"<p>\u00bfPara qu\u00e9 sirven los m\u00e9todos anticonceptivos? \u00bfPor qu\u00e9 el preservativo es el \u00fanico m\u00e9todo que adem\u00e1s de evitar el embarazo protege de las infecciones de transmisi\u00f3n sexual? \u00bfSon seguras las p\u00edldoras anticonceptivas? \u00bfCualquier mujer puede ponerse un DIU? \u00bfCu\u00e1l es el m\u00e9todo ideal para cada pareja? \u00bfSon eficaces el diafragma, la vasectom\u00eda, la ligadura de trompas, la inyecci\u00f3n intramuscular, los m\u00e9todos naturales o el coito interrumpido? \u00bfC\u00f3mo hacer para evitar embarazos en la adolescencia, en la perimenopausia, durante la lactancia o despu\u00e9s de una relaci\u00f3n sexual no protegida?<\/p>\n","protected":false},"excerpt":{"rendered":"<p>CIARMATORI; DISCACCIATI; M\u00daLLI<\/p>\n","protected":false},"featured_media":362474,"template":"","meta":{"_acf_changed":false,"om_disable_all_campaigns":false,"rs_blank_template":"","rs_page_bg_color":"","slide_template_v7":"","inline_featured_image":false,"_monsterinsights_skip_tracking":false,"_monsterinsights_sitenote_active":false,"_monsterinsights_sitenote_note":"","_monsterinsights_sitenote_category":0},"product_brand":[],"product_cat":[547,97],"product_tag":[],"class_list":{"0":"post-362473","1":"product","2":"type-product","3":"status-publish","4":"has-post-thumbnail","6":"product_cat-salud","7":"product_cat-salut","9":"first","10":"instock","11":"taxable","12":"shipping-taxable","13":"purchasable","14":"product-type-simple"},"acf":{"editorial":[{"ID":148567,"post_author":"3","post_date":"2022-10-14 11:59:15","post_date_gmt":"2022-10-14 09:59:15","post_content":"","post_title":"NED, EDICIONES","post_excerpt":"","post_status":"publish","comment_status":"closed","ping_status":"closed","post_password":"","post_name":"ned-ediciones-2","to_ping":"","pinged":"","post_modified":"2022-10-14 11:59:15","post_modified_gmt":"2022-10-14 09:59:15","post_content_filtered":"","post_parent":0,"guid":"http:\/\/dev.claret.cat\/editorial\/ned-ediciones-2\/","menu_order":0,"post_type":"editorial","post_mime_type":"","comment_count":"0","filter":"raw"}],"autores-libros":[{"ID":362470,"post_author":"3","post_date":"2023-01-15 09:07:15","post_date_gmt":"2023-01-15 08:07:15","post_content":"","post_title":"CIARMATORI","post_excerpt":"","post_status":"publish","comment_status":"closed","ping_status":"closed","post_password":"","post_name":"ciarmatori","to_ping":"","pinged":"","post_modified":"2023-01-15 09:07:15","post_modified_gmt":"2023-01-15 08:07:15","post_content_filtered":"","post_parent":0,"guid":"https:\/\/www.claret.cat\/autor\/ciarmatori\/","menu_order":0,"post_type":"autor","post_mime_type":"","comment_count":"0","filter":"raw"},{"ID":362471,"post_author":"3","post_date":"2023-01-15 09:07:17","post_date_gmt":"2023-01-15 08:07:17","post_content":"","post_title":"DISCACCIATI","post_excerpt":"","post_status":"publish","comment_status":"closed","ping_status":"closed","post_password":"","post_name":"discacciati","to_ping":"","pinged":"","post_modified":"2023-01-15 09:07:17","post_modified_gmt":"2023-01-15 08:07:17","post_content_filtered":"","post_parent":0,"guid":"https:\/\/www.claret.cat\/autor\/discacciati\/","menu_order":0,"post_type":"autor","post_mime_type":"","comment_count":"0","filter":"raw"},{"ID":362472,"post_author":"3","post_date":"2023-01-15 09:07:18","post_date_gmt":"2023-01-15 08:07:18","post_content":"","post_title":"M\u00daLLI","post_excerpt":"","post_status":"publish","comment_status":"closed","ping_status":"closed","post_password":"","post_name":"mulli","to_ping":"","pinged":"","post_modified":"2023-01-15 09:07:18","post_modified_gmt":"2023-01-15 08:07:18","post_content_filtered":"","post_parent":0,"guid":"https:\/\/www.claret.cat\/autor\/mulli\/","menu_order":0,"post_type":"autor","post_mime_type":"","comment_count":"0","filter":"raw"}],"autor":"CIARMATORI; DISCACCIATI; M\u00daLLI","codart":"849435308","libros-coleccion":"","ediciones":"1","encuadernacion":"R\u00fastica","fecha_de_publicacion":"29\/02\/2016","novedad":"0","paginas":"88","subtitulo":"CONSEJOS PARA MEJORAR LA CALIDAD DE VIDA","orden":"999","portada":"0","idioma":"spa"},"aioseo_notices":[],"_links":{"self":[{"href":"https:\/\/www.claret.cat\/es\/wp-json\/wp\/v2\/product\/362473","targetHints":{"allow":["GET"]}}],"collection":[{"href":"https:\/\/www.claret.cat\/es\/wp-json\/wp\/v2\/product"}],"about":[{"href":"https:\/\/www.claret.cat\/es\/wp-json\/wp\/v2\/types\/product"}],"wp:featuredmedia":[{"embeddable":true,"href":"https:\/\/www.claret.cat\/es\/wp-json\/wp\/v2\/media\/362474"}],"wp:attachment":[{"href":"https:\/\/www.claret.cat\/es\/wp-json\/wp\/v2\/media?parent=362473"}],"wp:term":[{"taxonomy":"product_brand","embeddable":true,"href":"https:\/\/www.claret.cat\/es\/wp-json\/wp\/v2\/product_brand?post=362473"},{"taxonomy":"product_cat","embeddable":true,"href":"https:\/\/www.claret.cat\/es\/wp-json\/wp\/v2\/product_cat?post=362473"},{"taxonomy":"product_tag","embeddable":true,"href":"https:\/\/www.claret.cat\/es\/wp-json\/wp\/v2\/product_tag?post=362473"}],"curies":[{"name":"wp","href":"https:\/\/api.w.org\/{rel}","templated":true}]}}