{"id":362492,"date":"2023-01-15T09:08:39","date_gmt":"2023-01-15T08:08:39","guid":{"rendered":"https:\/\/www.claret.cat\/llibre\/a-la-recerca-de-la-llum-9788494364198\/"},"modified":"2024-05-23T01:04:41","modified_gmt":"2024-05-22T23:04:41","slug":"a-la-recerca-de-la-llum-9788494364198","status":"publish","type":"product","link":"https:\/\/www.claret.cat\/es\/libro\/a-la-recerca-de-la-llum-9788494364198\/","title":{"rendered":"A LA RECERCA DE LA LLUM"},"content":{"rendered":"","protected":false},"excerpt":{"rendered":"<p>MORLANS I MOLINA, XAVIER<\/p>\n","protected":false},"featured_media":362493,"template":"","meta":{"_acf_changed":false,"om_disable_all_campaigns":false,"rs_blank_template":"","rs_page_bg_color":"","slide_template_v7":"","inline_featured_image":false,"_monsterinsights_skip_tracking":false,"_monsterinsights_sitenote_active":false,"_monsterinsights_sitenote_note":"","_monsterinsights_sitenote_category":0},"product_brand":[],"product_cat":[345,79],"product_tag":[],"class_list":{"0":"post-362492","1":"product","2":"type-product","3":"status-publish","4":"has-post-thumbnail","6":"product_cat-espiritualidad","7":"product_cat-espiritualitat","9":"first","10":"instock","11":"taxable","12":"shipping-taxable","13":"purchasable","14":"product-type-simple"},"acf":{"editorial":[{"ID":6253,"post_author":"3","post_date":"2022-07-28 17:48:14","post_date_gmt":"2022-07-28 15:48:14","post_content":"","post_title":"Facultat Teologia de Catalunya","post_excerpt":"","post_status":"publish","comment_status":"closed","ping_status":"closed","post_password":"","post_name":"facultat-teologia-de-catalunya","to_ping":"","pinged":"","post_modified":"2022-07-28 17:48:14","post_modified_gmt":"2022-07-28 15:48:14","post_content_filtered":"","post_parent":0,"guid":"http:\/\/dev.claret.cat\/editorial\/facultat-teologia-de-catalunya\/","menu_order":0,"post_type":"editorial","post_mime_type":"","comment_count":"0","filter":"raw"}],"autores-libros":[{"ID":281589,"post_author":"3","post_date":"2022-12-09 23:22:53","post_date_gmt":"2022-12-09 22:22:53","post_content":"<strong>Xavier Morlans i Molina<\/strong> (Llinars del Vall\u00e8s 1949) \u00e9s professor em\u00e8rit de la Facultat de Teologia de Catalunya, consultor del dicasteri per a l\u2019Evangelitzaci\u00f3, Missioner de la Miseric\u00f2rdia, i vicari de la parr\u00f2quia Hospital de Campanya de Santa Anna de Barcelona. Ha fet tamb\u00e9 interessants aportacions en el terreny de la recerca de nous llenguatges art\u00edstics, musicals i audiovisuals per a l\u2019Evangelitzaci\u00f3.\r\n\r\nEntre d'altres llibres, Xavier Morlans ha publicat <a href=\"https:\/\/www.claret.cat\/llibre\/de-zero-a-deu-en-55-dies-9788487023781\/?c=\"><em><strong>De zero a D\u00e9u en 55 dies<\/strong><\/em><\/a>, <a href=\"https:\/\/www.editorialclaret.cat\/producte\/capellans-celibes-i-capellans-casats-9788491365358\/?c\"><em><strong>Capellans c\u00e8libes i capellans casats<\/strong><\/em><\/a> i <a href=\"https:\/\/www.claret.cat\/llibre\/salvacio-i-religions-9788412837452\/?c=\"><em><strong>Salvaci\u00f3 i religions<\/strong><\/em><\/a>.","post_title":"XAVIER MORLANS I MOLINA","post_excerpt":"","post_status":"publish","comment_status":"closed","ping_status":"closed","post_password":"","post_name":"xavier-morlans-i-molina","to_ping":"","pinged":"","post_modified":"2024-07-08 19:14:09","post_modified_gmt":"2024-07-08 17:14:09","post_content_filtered":"","post_parent":0,"guid":"http:\/\/dev.claret.cat\/autor\/xavier-morlans-i-molina\/","menu_order":0,"post_type":"autor","post_mime_type":"","comment_count":"0","filter":"raw"}],"autor":"MORLANS I MOLINA, XAVIER","codart":"849436419","libros-coleccion":"","ediciones":"1","encuadernacion":"R\u00fastica","fecha_de_publicacion":"19\/02\/2016","novedad":"0","paginas":"284","subtitulo":"REVELACI\u00d3 I RELIGIONS","orden":"999","portada":"0","idioma":"cat"},"aioseo_notices":[],"_links":{"self":[{"href":"https:\/\/www.claret.cat\/es\/wp-json\/wp\/v2\/product\/362492","targetHints":{"allow":["GET"]}}],"collection":[{"href":"https:\/\/www.claret.cat\/es\/wp-json\/wp\/v2\/product"}],"about":[{"href":"https:\/\/www.claret.cat\/es\/wp-json\/wp\/v2\/types\/product"}],"wp:featuredmedia":[{"embeddable":true,"href":"https:\/\/www.claret.cat\/es\/wp-json\/wp\/v2\/media\/362493"}],"wp:attachment":[{"href":"https:\/\/www.claret.cat\/es\/wp-json\/wp\/v2\/media?parent=362492"}],"wp:term":[{"taxonomy":"product_brand","embeddable":true,"href":"https:\/\/www.claret.cat\/es\/wp-json\/wp\/v2\/product_brand?post=362492"},{"taxonomy":"product_cat","embeddable":true,"href":"https:\/\/www.claret.cat\/es\/wp-json\/wp\/v2\/product_cat?post=362492"},{"taxonomy":"product_tag","embeddable":true,"href":"https:\/\/www.claret.cat\/es\/wp-json\/wp\/v2\/product_tag?post=362492"}],"curies":[{"name":"wp","href":"https:\/\/api.w.org\/{rel}","templated":true}]}}