{"id":362948,"date":"2023-01-15T10:11:13","date_gmt":"2023-01-15T09:11:13","guid":{"rendered":"https:\/\/www.claret.cat\/llibre\/empatia-y-trinidad-en-edith-stein-9788496488618\/"},"modified":"2024-05-23T00:32:46","modified_gmt":"2024-05-22T22:32:46","slug":"empatia-y-trinidad-en-edith-stein-9788496488618","status":"publish","type":"product","link":"https:\/\/www.claret.cat\/es\/libro\/empatia-y-trinidad-en-edith-stein-9788496488618\/","title":{"rendered":"EMPAT\u00cdA Y TRINIDAD EN EDITH STEIN"},"content":{"rendered":"","protected":false},"excerpt":{"rendered":"<p>BERTOLINI, ALEJANDRO<\/p>\n","protected":false},"featured_media":0,"template":"","meta":{"_acf_changed":false,"om_disable_all_campaigns":false,"rs_blank_template":"","rs_page_bg_color":"","slide_template_v7":"","inline_featured_image":false,"_monsterinsights_skip_tracking":false,"_monsterinsights_sitenote_active":false,"_monsterinsights_sitenote_note":"","_monsterinsights_sitenote_category":0},"product_brand":[],"product_cat":[90,540],"product_tag":[],"class_list":{"0":"post-362948","1":"product","2":"type-product","3":"status-publish","5":"product_cat-altres","6":"product_cat-otros","8":"first","9":"instock","10":"taxable","11":"shipping-taxable","12":"purchasable","13":"product-type-simple"},"acf":{"editorial":[{"ID":6359,"post_author":"3","post_date":"2022-07-28 17:50:30","post_date_gmt":"2022-07-28 15:50:30","post_content":"","post_title":"Secretariado Trinitario","post_excerpt":"","post_status":"publish","comment_status":"closed","ping_status":"closed","post_password":"","post_name":"secretariado-trinitario","to_ping":"","pinged":"","post_modified":"2022-07-28 17:50:30","post_modified_gmt":"2022-07-28 15:50:30","post_content_filtered":"","post_parent":0,"guid":"http:\/\/dev.claret.cat\/editorial\/secretariado-trinitario\/","menu_order":0,"post_type":"editorial","post_mime_type":"","comment_count":"0","filter":"raw"}],"autores-libros":[{"ID":149557,"post_author":"3","post_date":"2022-10-14 14:25:51","post_date_gmt":"2022-10-14 12:25:51","post_content":"","post_title":"ALEJANDRO BERTOLINI","post_excerpt":"","post_status":"publish","comment_status":"closed","ping_status":"closed","post_password":"","post_name":"alejandro-bertolini","to_ping":"","pinged":"","post_modified":"2022-10-14 14:25:51","post_modified_gmt":"2022-10-14 12:25:51","post_content_filtered":"","post_parent":0,"guid":"http:\/\/dev.claret.cat\/autor\/alejandro-bertolini\/","menu_order":0,"post_type":"autor","post_mime_type":"","comment_count":"0","filter":"raw"}],"autor":"BERTOLINI, ALEJANDRO","codart":"849648861","libros-coleccion":"","ediciones":"1","encuadernacion":"R\u00fastica","fecha_de_publicacion":"08\/10\/2013","novedad":"0","paginas":"630","subtitulo":"FENOMENOLOG\u00cdA, TEOLOG\u00cdA Y ONTOLOG\u00cdA EN CLAVE RELACIONAL","orden":"999","portada":"0","idioma":"spa"},"aioseo_notices":[],"_links":{"self":[{"href":"https:\/\/www.claret.cat\/es\/wp-json\/wp\/v2\/product\/362948","targetHints":{"allow":["GET"]}}],"collection":[{"href":"https:\/\/www.claret.cat\/es\/wp-json\/wp\/v2\/product"}],"about":[{"href":"https:\/\/www.claret.cat\/es\/wp-json\/wp\/v2\/types\/product"}],"wp:attachment":[{"href":"https:\/\/www.claret.cat\/es\/wp-json\/wp\/v2\/media?parent=362948"}],"wp:term":[{"taxonomy":"product_brand","embeddable":true,"href":"https:\/\/www.claret.cat\/es\/wp-json\/wp\/v2\/product_brand?post=362948"},{"taxonomy":"product_cat","embeddable":true,"href":"https:\/\/www.claret.cat\/es\/wp-json\/wp\/v2\/product_cat?post=362948"},{"taxonomy":"product_tag","embeddable":true,"href":"https:\/\/www.claret.cat\/es\/wp-json\/wp\/v2\/product_tag?post=362948"}],"curies":[{"name":"wp","href":"https:\/\/api.w.org\/{rel}","templated":true}]}}