{"id":362954,"date":"2023-01-15T10:11:53","date_gmt":"2023-01-15T09:11:53","guid":{"rendered":"https:\/\/www.claret.cat\/llibre\/hermano-adriano-9788496588196\/"},"modified":"2024-12-02T12:38:33","modified_gmt":"2024-12-02T11:38:33","slug":"hermano-adriano-9788496588196","status":"publish","type":"product","link":"https:\/\/www.claret.cat\/es\/libro\/hermano-adriano-9788496588196\/","title":{"rendered":"HERMANO ADRIANO"},"content":{"rendered":"<p>&#8216;Al Hermano Adriano le gustaba m\u00e1s hablar con los hechos que con las palabras. Le gustaba pasar desapercibido, camuflarse por las calles del Raval y Ciutat Vella, esta otra Barcelona que no sale en los anuncios publicitarios para hacerse uno m\u00e1s entre los marginados, las prostitutas, los toxic\u00f3manos o los ni\u00f1os en situaci\u00f3n de riesgo social.<br \/>La muerte del Hermano Adriano ha dejado a estos barrios hu\u00e9rfanos de uno de sus \u00e1ngeles m\u00e1s incansables. Ya no se le ver\u00e1 deambular f\u00edsicamente por sus calles al encuentro de unos y otros, sin m\u00e1s estrategia que la de acercarse a la gente m\u00e1s marginada y ofrecerle su amistad.&#8217;<br \/>Con estas palabras -entre otras- desped\u00eda Catalu\u00f1a Cristiana, el Semanario de la Di\u00f3cesis de Barcelona a este incansable Hermano que, a la edad de 86 a\u00f1os, mor\u00eda pocos d\u00edas despu\u00e9s de que cayera enfermo en la calle, donde pasaba la mayor parte de su tiempo.<\/p>\n","protected":false},"excerpt":{"rendered":"<p>TRESCENTS,ADRIANO<\/p>\n","protected":false},"featured_media":0,"template":"","meta":{"_acf_changed":false,"om_disable_all_campaigns":false,"rs_blank_template":"","rs_page_bg_color":"","slide_template_v7":"","inline_featured_image":false,"_monsterinsights_skip_tracking":false,"_monsterinsights_sitenote_active":false,"_monsterinsights_sitenote_note":"","_monsterinsights_sitenote_category":0},"product_brand":[],"product_cat":[273,411,491,241,437,163],"product_tag":[],"class_list":{"0":"post-362954","1":"product","2":"type-product","3":"status-publish","5":"product_cat-frontera","6":"product_cat-frontera-pastoral-1_espiritualidad","7":"product_cat-testimonios","8":"product_cat-testimonis","9":"product_cat-valores-y-convivencia","10":"product_cat-valors-i-convivencia","12":"first","13":"outofstock","14":"taxable","15":"shipping-taxable","16":"purchasable","17":"product-type-simple"},"acf":{"editorial":[{"ID":269981,"post_author":"3","post_date":"2022-12-05 10:51:39","post_date_gmt":"2022-12-05 09:51:39","post_content":"","post_title":"Editorial STJ","post_excerpt":"","post_status":"publish","comment_status":"closed","ping_status":"closed","post_password":"","post_name":"editorial-stj","to_ping":"","pinged":"","post_modified":"2022-12-05 10:51:39","post_modified_gmt":"2022-12-05 09:51:39","post_content_filtered":"","post_parent":0,"guid":"http:\/\/dev.claret.cat\/editorial\/editorial-stj\/","menu_order":0,"post_type":"editorial","post_mime_type":"","comment_count":"0","filter":"raw"}],"autores-libros":[{"ID":362927,"post_author":"3","post_date":"2023-01-15 10:06:10","post_date_gmt":"2023-01-15 09:06:10","post_content":"","post_title":"ADRIANO TRESCENTS","post_excerpt":"","post_status":"publish","comment_status":"closed","ping_status":"closed","post_password":"","post_name":"adriano-trescents","to_ping":"","pinged":"","post_modified":"2023-01-15 10:06:10","post_modified_gmt":"2023-01-15 09:06:10","post_content_filtered":"","post_parent":0,"guid":"https:\/\/www.claret.cat\/autor\/adriano-trescents\/","menu_order":0,"post_type":"autor","post_mime_type":"","comment_count":"0","filter":"raw"}],"autor":"TRESCENTS,ADRIANO","codart":"849658819","libros-coleccion":"Testimonios","ediciones":"1","encuadernacion":"R\u00fastica","fecha_de_publicacion":"21\/04\/2006","novedad":"0","paginas":"137","subtitulo":"NOTAS INSIGNIFICANTES EN UNA VIDA SIGNIFICATIVA","orden":"999","portada":"0","idioma":"spa"},"aioseo_notices":[],"_links":{"self":[{"href":"https:\/\/www.claret.cat\/es\/wp-json\/wp\/v2\/product\/362954","targetHints":{"allow":["GET"]}}],"collection":[{"href":"https:\/\/www.claret.cat\/es\/wp-json\/wp\/v2\/product"}],"about":[{"href":"https:\/\/www.claret.cat\/es\/wp-json\/wp\/v2\/types\/product"}],"wp:attachment":[{"href":"https:\/\/www.claret.cat\/es\/wp-json\/wp\/v2\/media?parent=362954"}],"wp:term":[{"taxonomy":"product_brand","embeddable":true,"href":"https:\/\/www.claret.cat\/es\/wp-json\/wp\/v2\/product_brand?post=362954"},{"taxonomy":"product_cat","embeddable":true,"href":"https:\/\/www.claret.cat\/es\/wp-json\/wp\/v2\/product_cat?post=362954"},{"taxonomy":"product_tag","embeddable":true,"href":"https:\/\/www.claret.cat\/es\/wp-json\/wp\/v2\/product_tag?post=362954"}],"curies":[{"name":"wp","href":"https:\/\/api.w.org\/{rel}","templated":true}]}}