{"id":36303,"date":"2022-10-02T18:17:19","date_gmt":"2022-10-02T16:17:19","guid":{"rendered":"http:\/\/dev.claret.cat\/producte\/guia-turistica-del-universo\/"},"modified":"2023-10-06T09:07:20","modified_gmt":"2023-10-06T07:07:20","slug":"guia-turistica-del-universo-9788413628301","status":"publish","type":"product","link":"https:\/\/www.claret.cat\/es\/libro\/guia-turistica-del-universo-9788413628301\/","title":{"rendered":"GU\u00cdA TUR\u00cdSTICA DEL UNIVERSO"},"content":{"rendered":"<p>Dirigida al gran p\u00fablico, la Gu\u00eda tur\u00edstica del universo ofrece una introducci\u00f3n de los aspectos b\u00e1sicos de la astronom\u00eda. Mediante un planeamiento novedoso y muy entretenido, como si se tratara de una gu\u00eda de viajes, Emiliano Ricci describe los planetas del sistema solar, las galaxias m\u00e1s cercanas, los agujeros negros y los misterios del Universo, y, al mismo tiempo, plantea visitas a los lugares m\u00e1s interesantes de la Galaxia para disfrutar de las mejores puestas de Sol, patinar sobre inmensos lagos de hielo, disfrutar de tratamientos t\u00e9rmicos, presenciar lluvias de meteoritos o darse un ba\u00f1o en un oc\u00e9ano de metano l\u00edquido.<\/p>\n","protected":false},"excerpt":{"rendered":"<p>RICCI, EMILIANO<\/p>\n","protected":false},"featured_media":53789,"template":"","meta":{"_acf_changed":false,"om_disable_all_campaigns":false,"rs_blank_template":"","rs_page_bg_color":"","slide_template_v7":"","inline_featured_image":false,"_monsterinsights_skip_tracking":false,"_monsterinsights_sitenote_active":false,"_monsterinsights_sitenote_note":"","_monsterinsights_sitenote_category":0},"product_brand":[],"product_cat":[540],"product_tag":[],"class_list":{"0":"post-36303","1":"product","2":"type-product","3":"status-publish","4":"has-post-thumbnail","6":"product_cat-otros","8":"first","9":"instock","10":"taxable","11":"shipping-taxable","12":"purchasable","13":"product-type-simple"},"acf":{"autor":"RICCI, EMILIANO","codart":"841362830","libros-coleccion":"Libros Singulares (Ls)","ediciones":"1","encuadernacion":"R\u00fastica","fecha_de_publicacion":"01\/05\/2022","novedad":"1","paginas":"336","subtitulo":"DESCUBRIENDO EL ESPACIO ENTRE MUNDOS EXTRA\u00d1OS Y MONSTRUOS CELESTES","orden":"0","portada":"0","idioma":"spa","editorial":[{"ID":6119,"post_author":"3","post_date":"2022-07-28 17:45:18","post_date_gmt":"2022-07-28 15:45:18","post_content":"","post_title":"Alianza Editorial","post_excerpt":"","post_status":"publish","comment_status":"closed","ping_status":"closed","post_password":"","post_name":"alianza-editorial","to_ping":"","pinged":"","post_modified":"2022-07-28 17:45:18","post_modified_gmt":"2022-07-28 15:45:18","post_content_filtered":"","post_parent":0,"guid":"http:\/\/dev.claret.cat\/editorial\/alianza-editorial\/","menu_order":0,"post_type":"editorial","post_mime_type":"","comment_count":"0","filter":"raw"}],"autores-libros":[{"ID":154970,"post_author":"3","post_date":"2022-10-14 15:09:07","post_date_gmt":"2022-10-14 13:09:07","post_content":"","post_title":"EMILIANO RICCI","post_excerpt":"","post_status":"publish","comment_status":"closed","ping_status":"closed","post_password":"","post_name":"emiliano-ricci","to_ping":"","pinged":"","post_modified":"2022-10-14 15:09:07","post_modified_gmt":"2022-10-14 13:09:07","post_content_filtered":"","post_parent":0,"guid":"http:\/\/dev.claret.cat\/autor\/emiliano-ricci\/","menu_order":0,"post_type":"autor","post_mime_type":"","comment_count":"0","filter":"raw"}]},"aioseo_notices":[],"_links":{"self":[{"href":"https:\/\/www.claret.cat\/es\/wp-json\/wp\/v2\/product\/36303","targetHints":{"allow":["GET"]}}],"collection":[{"href":"https:\/\/www.claret.cat\/es\/wp-json\/wp\/v2\/product"}],"about":[{"href":"https:\/\/www.claret.cat\/es\/wp-json\/wp\/v2\/types\/product"}],"wp:featuredmedia":[{"embeddable":true,"href":"https:\/\/www.claret.cat\/es\/wp-json\/wp\/v2\/media\/53789"}],"wp:attachment":[{"href":"https:\/\/www.claret.cat\/es\/wp-json\/wp\/v2\/media?parent=36303"}],"wp:term":[{"taxonomy":"product_brand","embeddable":true,"href":"https:\/\/www.claret.cat\/es\/wp-json\/wp\/v2\/product_brand?post=36303"},{"taxonomy":"product_cat","embeddable":true,"href":"https:\/\/www.claret.cat\/es\/wp-json\/wp\/v2\/product_cat?post=36303"},{"taxonomy":"product_tag","embeddable":true,"href":"https:\/\/www.claret.cat\/es\/wp-json\/wp\/v2\/product_tag?post=36303"}],"curies":[{"name":"wp","href":"https:\/\/api.w.org\/{rel}","templated":true}]}}