{"id":363188,"date":"2023-01-15T10:38:27","date_gmt":"2023-01-15T09:38:27","guid":{"rendered":"https:\/\/www.claret.cat\/llibre\/evangelio-segun-san-mateo-113-la-biblia-comentada-nt1a-9788497150606\/"},"modified":"2024-06-07T10:00:35","modified_gmt":"2024-06-07T08:00:35","slug":"evangelio-segun-san-mateo-113-la-biblia-comentada-nt1a-9788497150606","status":"publish","type":"product","link":"https:\/\/www.claret.cat\/es\/libro\/evangelio-segun-san-mateo-113-la-biblia-comentada-nt1a-9788497150606\/","title":{"rendered":"EVANGELIO SEGUN SAN MATEO (1-13). LA BIBLIA COMENTADA N.T.1A."},"content":{"rendered":"<p>El Evangelio de Mateo destaca como uno de los textos b\u00edblicos preferidos por los Padres de la Iglesia a la hora de estudiar y proclamar la Palabra de Dios.<br \/>La tradici\u00f3n de comentarios patr\u00edsticos sobre Mateo comienza a mediados del siglo tercero con el que lleva a cabo Or\u00edgenes. En el occidente de lengua latina, donde los comentarios no aparecieron hasta aproximadamente un siglo m\u00e1s tarde, el primer comentario sobre Mateo lo escribi\u00f3 Hilario de Poitiers a mediados del siglo cuarto.<br \/>Desde entonces, el primer Evangelio se convirti\u00f3 en uno de los textos m\u00e1s frecuentemente comentados por los Santos Padres. Entre ellos sobresale el comentario de Jer\u00f3nimo, en cuatro libros, y el Opus imperfectum in Matthaeum, obra muy valiosa, aunque an\u00f3nima e incompleta. Se conservan tambi\u00e9n fragmentos de catenas griegas, que se derivan de comentarios realizados por Teodoro de Heraclea, Apolinar de Laodicea, Teodoro de Mopsuestia y Cirilo de Alejandr\u00eda.<br \/>Las antiguas homil\u00edas tambi\u00e9n ofrecen extensos comentarios sobre el primer Evangelio. Destacan entre ellas las noventa homil\u00edas de Juan Cris\u00f3stomo y las cincuenta y nueve de Cromacio de Aquileia. Adem\u00e1s, existe un buen n\u00famero de homil\u00edas dominicales y de d\u00edas festivos compuestas por grandes figuras, como Agust\u00edn y Gregorio Magno, entre otros.<br \/>Esta rica abundancia de comentarios patr\u00edsticos, muchos de los cuales presentamos aqu\u00ed traducidos al castellano por primera vez, nos ofrece un generoso y variado alimento sobre la antigua interpretaci\u00f3n del primer Evangelio.<\/p>\n","protected":false},"excerpt":{"rendered":"<p>SIMONETTI, MANLIO<\/p>\n","protected":false},"featured_media":0,"template":"","meta":{"_acf_changed":false,"om_disable_all_campaigns":false,"rs_blank_template":"","rs_page_bg_color":"","slide_template_v7":"","inline_featured_image":false,"_monsterinsights_skip_tracking":false,"_monsterinsights_sitenote_active":false,"_monsterinsights_sitenote_note":"","_monsterinsights_sitenote_category":0},"product_brand":[],"product_cat":[75,341,345,79],"product_tag":[],"class_list":{"0":"post-363188","1":"product","2":"type-product","3":"status-publish","5":"product_cat-biblia","6":"product_cat-biblia-es","7":"product_cat-espiritualidad","8":"product_cat-espiritualitat","10":"first","11":"instock","12":"taxable","13":"shipping-taxable","14":"purchasable","15":"product-type-simple"},"acf":{"editorial":[{"ID":6157,"post_author":"3","post_date":"2022-07-28 17:46:07","post_date_gmt":"2022-07-28 15:46:07","post_content":"","post_title":"Ciudad Nueva","post_excerpt":"","post_status":"publish","comment_status":"closed","ping_status":"closed","post_password":"","post_name":"ciudad-nueva","to_ping":"","pinged":"","post_modified":"2022-07-28 17:46:07","post_modified_gmt":"2022-07-28 15:46:07","post_content_filtered":"","post_parent":0,"guid":"http:\/\/dev.claret.cat\/editorial\/ciudad-nueva\/","menu_order":0,"post_type":"editorial","post_mime_type":"","comment_count":"0","filter":"raw"}],"autores-libros":[{"ID":163096,"post_author":"3","post_date":"2022-10-14 17:36:17","post_date_gmt":"2022-10-14 15:36:17","post_content":"","post_title":"MANLIO SIMONETTI","post_excerpt":"","post_status":"publish","comment_status":"closed","ping_status":"closed","post_password":"","post_name":"manlio-simonetti","to_ping":"","pinged":"","post_modified":"2022-10-14 17:36:17","post_modified_gmt":"2022-10-14 15:36:17","post_content_filtered":"","post_parent":0,"guid":"http:\/\/dev.claret.cat\/autor\/manlio-simonetti\/","menu_order":0,"post_type":"autor","post_mime_type":"","comment_count":"0","filter":"raw"}],"autor":"SIMONETTI, MANLIO","codart":"849715060","libros-coleccion":"FORA DE COL.LECCI\u00d3","ediciones":"1","encuadernacion":"[Vac\u00edo]","fecha_de_publicacion":"01\/06\/2004","novedad":"0","paginas":"414","subtitulo":"","orden":"999","portada":"0","idioma":"spa"},"aioseo_notices":[],"_links":{"self":[{"href":"https:\/\/www.claret.cat\/es\/wp-json\/wp\/v2\/product\/363188","targetHints":{"allow":["GET"]}}],"collection":[{"href":"https:\/\/www.claret.cat\/es\/wp-json\/wp\/v2\/product"}],"about":[{"href":"https:\/\/www.claret.cat\/es\/wp-json\/wp\/v2\/types\/product"}],"wp:attachment":[{"href":"https:\/\/www.claret.cat\/es\/wp-json\/wp\/v2\/media?parent=363188"}],"wp:term":[{"taxonomy":"product_brand","embeddable":true,"href":"https:\/\/www.claret.cat\/es\/wp-json\/wp\/v2\/product_brand?post=363188"},{"taxonomy":"product_cat","embeddable":true,"href":"https:\/\/www.claret.cat\/es\/wp-json\/wp\/v2\/product_cat?post=363188"},{"taxonomy":"product_tag","embeddable":true,"href":"https:\/\/www.claret.cat\/es\/wp-json\/wp\/v2\/product_tag?post=363188"}],"curies":[{"name":"wp","href":"https:\/\/api.w.org\/{rel}","templated":true}]}}