{"id":363233,"date":"2023-01-15T10:46:17","date_gmt":"2023-01-15T09:46:17","guid":{"rendered":"https:\/\/www.claret.cat\/llibre\/15-dias-con-carlos-de-foucauld-9788497150774\/"},"modified":"2024-05-23T00:07:08","modified_gmt":"2024-05-22T22:07:08","slug":"15-dias-con-carlos-de-foucauld-9788497150774","status":"publish","type":"product","link":"https:\/\/www.claret.cat\/es\/libro\/15-dias-con-carlos-de-foucauld-9788497150774\/","title":{"rendered":"15 D\u00cdAS CON CARLOS DE FOUCAULD"},"content":{"rendered":"<p>Carlos de Foucauld (1858-1916), beatificado en 2005, es una de las figuras espirituales m\u00e1s significativas de nuestro tiempo. Para imitar la vida oculta de Jes\u00fas de Nazaret se estableci\u00f3 en el desierto del Sahara, donde vivi\u00f3 en la pobreza, en la contemplaci\u00f3n y en la humildad, testimoniando fraternalmente el amor de Dios entre cristianos, jud\u00edos y musulmanes. A los 58 a\u00f1os, sin ver cumplidos sus deseos de tener seguidores, muri\u00f3 por un disparo en medio de una escaramuza entre bereberes. Su vida y sus escritos, en los que resuena constantemente el Evangelio, son una fuente l\u00edmpida de espiritualidad que ha dado origen a distintas congregaciones y asociaciones de vida espiritual que se inspiran en su testimonio y carisma.<\/p>\n","protected":false},"excerpt":{"rendered":"<p>LAFON,MICHEL<\/p>\n","protected":false},"featured_media":387697,"template":"","meta":{"_acf_changed":false,"om_disable_all_campaigns":false,"rs_blank_template":"","rs_page_bg_color":"","slide_template_v7":"","inline_featured_image":false,"_monsterinsights_skip_tracking":false,"_monsterinsights_sitenote_active":false,"_monsterinsights_sitenote_note":"","_monsterinsights_sitenote_category":0},"product_brand":[],"product_cat":[523,299,396,247,491,241],"product_tag":[],"class_list":{"0":"post-363233","1":"product","2":"type-product","3":"status-publish","4":"has-post-thumbnail","6":"product_cat-laicos-y-testimonios","7":"product_cat-laics-i-testimonis","8":"product_cat-oracion","9":"product_cat-pregaria","10":"product_cat-testimonios","11":"product_cat-testimonis","13":"first","14":"instock","15":"taxable","16":"shipping-taxable","17":"purchasable","18":"product-type-simple"},"acf":{"editorial":[{"ID":6157,"post_author":"3","post_date":"2022-07-28 17:46:07","post_date_gmt":"2022-07-28 15:46:07","post_content":"","post_title":"Ciudad Nueva","post_excerpt":"","post_status":"publish","comment_status":"closed","ping_status":"closed","post_password":"","post_name":"ciudad-nueva","to_ping":"","pinged":"","post_modified":"2022-07-28 17:46:07","post_modified_gmt":"2022-07-28 15:46:07","post_content_filtered":"","post_parent":0,"guid":"http:\/\/dev.claret.cat\/editorial\/ciudad-nueva\/","menu_order":0,"post_type":"editorial","post_mime_type":"","comment_count":"0","filter":"raw"}],"autores-libros":[{"ID":363232,"post_author":"3","post_date":"2023-01-15 10:46:13","post_date_gmt":"2023-01-15 09:46:13","post_content":"","post_title":"MICHEL LAFON","post_excerpt":"","post_status":"publish","comment_status":"closed","ping_status":"closed","post_password":"","post_name":"michel-lafon","to_ping":"","pinged":"","post_modified":"2023-01-15 10:46:13","post_modified_gmt":"2023-01-15 09:46:13","post_content_filtered":"","post_parent":0,"guid":"https:\/\/www.claret.cat\/autor\/michel-lafon\/","menu_order":0,"post_type":"autor","post_mime_type":"","comment_count":"0","filter":"raw"}],"autor":"LAFON,MICHEL","codart":"849715077","libros-coleccion":"15 d\u00edas con","ediciones":"1","encuadernacion":"R\u00fastica","fecha_de_publicacion":"24\/10\/2005","novedad":"0","paginas":"125","subtitulo":"","orden":"999","portada":"0","idioma":"spa"},"aioseo_notices":[],"_links":{"self":[{"href":"https:\/\/www.claret.cat\/es\/wp-json\/wp\/v2\/product\/363233","targetHints":{"allow":["GET"]}}],"collection":[{"href":"https:\/\/www.claret.cat\/es\/wp-json\/wp\/v2\/product"}],"about":[{"href":"https:\/\/www.claret.cat\/es\/wp-json\/wp\/v2\/types\/product"}],"wp:featuredmedia":[{"embeddable":true,"href":"https:\/\/www.claret.cat\/es\/wp-json\/wp\/v2\/media\/387697"}],"wp:attachment":[{"href":"https:\/\/www.claret.cat\/es\/wp-json\/wp\/v2\/media?parent=363233"}],"wp:term":[{"taxonomy":"product_brand","embeddable":true,"href":"https:\/\/www.claret.cat\/es\/wp-json\/wp\/v2\/product_brand?post=363233"},{"taxonomy":"product_cat","embeddable":true,"href":"https:\/\/www.claret.cat\/es\/wp-json\/wp\/v2\/product_cat?post=363233"},{"taxonomy":"product_tag","embeddable":true,"href":"https:\/\/www.claret.cat\/es\/wp-json\/wp\/v2\/product_tag?post=363233"}],"curies":[{"name":"wp","href":"https:\/\/api.w.org\/{rel}","templated":true}]}}