{"id":363236,"date":"2023-01-15T10:46:26","date_gmt":"2023-01-15T09:46:26","guid":{"rendered":"https:\/\/www.claret.cat\/llibre\/evangelio-segun-san-mateo1428-9788497150781\/"},"modified":"2024-05-23T00:07:20","modified_gmt":"2024-05-22T22:07:20","slug":"evangelio-segun-san-mateo1428-9788497150781","status":"publish","type":"product","link":"https:\/\/www.claret.cat\/es\/libro\/evangelio-segun-san-mateo1428-9788497150781\/","title":{"rendered":"EVANGELIO SEG\u00daN SAN MATEO(14-28)"},"content":{"rendered":"<p>La  BIBLIA PATRISTICA  es una colecci\u00f3n de veintiocho vol\u00famenes que abarca todo el canon de las Escrituras y ofrece a los lectores la oportunidad de acceder a los principales escritos de los Padres de la Iglesia.<br \/>En cada volumen los lectores podr\u00e1n encontrar el texto b\u00edblico en castellano, encuadrado en su contexto y seguido de los mejores comentarios de la Iglesia primitiva, traducidos desde sus textos originales griegos, latinos, etc.<br \/>Siguiendo los libros de la Biblia, cada comentario presta su voz a esas grandes figuras que, durante los siglos de formaci\u00f3n de la Iglesia, estudiaron y amaron la Palabra de Dios.<\/p>\n","protected":false},"excerpt":{"rendered":"<p>SIMONETTI,MANLIO<\/p>\n","protected":false},"featured_media":363237,"template":"","meta":{"_acf_changed":false,"om_disable_all_campaigns":false,"rs_blank_template":"","rs_page_bg_color":"","slide_template_v7":"","inline_featured_image":false,"_monsterinsights_skip_tracking":false,"_monsterinsights_sitenote_active":false,"_monsterinsights_sitenote_note":"","_monsterinsights_sitenote_category":0},"product_brand":[],"product_cat":[412,274,280,510,464,203],"product_tag":[],"class_list":{"0":"post-363236","1":"product","2":"type-product","3":"status-publish","4":"has-post-thumbnail","6":"product_cat-estudios-sagrada-escritura","7":"product_cat-estudis-sagrada-escriptura","8":"product_cat-patrologia","9":"product_cat-patrologia-teologia-1_espiritualidad","10":"product_cat-sinopticos","11":"product_cat-sinoptics","13":"first","14":"outofstock","15":"taxable","16":"shipping-taxable","17":"purchasable","18":"product-type-simple"},"acf":{"editorial":[{"ID":6157,"post_author":"3","post_date":"2022-07-28 17:46:07","post_date_gmt":"2022-07-28 15:46:07","post_content":"","post_title":"Ciudad Nueva","post_excerpt":"","post_status":"publish","comment_status":"closed","ping_status":"closed","post_password":"","post_name":"ciudad-nueva","to_ping":"","pinged":"","post_modified":"2022-07-28 17:46:07","post_modified_gmt":"2022-07-28 15:46:07","post_content_filtered":"","post_parent":0,"guid":"http:\/\/dev.claret.cat\/editorial\/ciudad-nueva\/","menu_order":0,"post_type":"editorial","post_mime_type":"","comment_count":"0","filter":"raw"}],"autores-libros":[{"ID":163096,"post_author":"3","post_date":"2022-10-14 17:36:17","post_date_gmt":"2022-10-14 15:36:17","post_content":"","post_title":"MANLIO SIMONETTI","post_excerpt":"","post_status":"publish","comment_status":"closed","ping_status":"closed","post_password":"","post_name":"manlio-simonetti","to_ping":"","pinged":"","post_modified":"2022-10-14 17:36:17","post_modified_gmt":"2022-10-14 15:36:17","post_content_filtered":"","post_parent":0,"guid":"http:\/\/dev.claret.cat\/autor\/manlio-simonetti\/","menu_order":0,"post_type":"autor","post_mime_type":"","comment_count":"0","filter":"raw"}],"autor":"SIMONETTI,MANLIO","codart":"849715078","libros-coleccion":"La Biblia comentada por los Padres de la Iglesia","ediciones":"1","encuadernacion":"R\u00fastica","fecha_de_publicacion":"09\/02\/2006","novedad":"0","paginas":"416","subtitulo":"NUEVO TESTAMENTO 1B","orden":"999","portada":"0","idioma":"spa"},"aioseo_notices":[],"_links":{"self":[{"href":"https:\/\/www.claret.cat\/es\/wp-json\/wp\/v2\/product\/363236","targetHints":{"allow":["GET"]}}],"collection":[{"href":"https:\/\/www.claret.cat\/es\/wp-json\/wp\/v2\/product"}],"about":[{"href":"https:\/\/www.claret.cat\/es\/wp-json\/wp\/v2\/types\/product"}],"wp:featuredmedia":[{"embeddable":true,"href":"https:\/\/www.claret.cat\/es\/wp-json\/wp\/v2\/media\/363237"}],"wp:attachment":[{"href":"https:\/\/www.claret.cat\/es\/wp-json\/wp\/v2\/media?parent=363236"}],"wp:term":[{"taxonomy":"product_brand","embeddable":true,"href":"https:\/\/www.claret.cat\/es\/wp-json\/wp\/v2\/product_brand?post=363236"},{"taxonomy":"product_cat","embeddable":true,"href":"https:\/\/www.claret.cat\/es\/wp-json\/wp\/v2\/product_cat?post=363236"},{"taxonomy":"product_tag","embeddable":true,"href":"https:\/\/www.claret.cat\/es\/wp-json\/wp\/v2\/product_tag?post=363236"}],"curies":[{"name":"wp","href":"https:\/\/api.w.org\/{rel}","templated":true}]}}