{"id":363253,"date":"2023-01-15T10:50:52","date_gmt":"2023-01-15T09:50:52","guid":{"rendered":"https:\/\/www.claret.cat\/llibre\/catequesis-9788497150804\/"},"modified":"2026-01-20T18:05:35","modified_gmt":"2026-01-20T17:05:35","slug":"catequesis-9788497150804","status":"publish","type":"product","link":"https:\/\/www.claret.cat\/es\/libro\/catequesis-9788497150804\/","title":{"rendered":"CATEQUESIS"},"content":{"rendered":"<p>Cirilo ha pasado a la historia por sus c\u00e9lebres Catequesis, predicadas en Jerusal\u00e9n el a\u00f1o 348, que han sido definidas como \u201cuno de los documentos m\u00e1s preciosos de la antig\u00fcedad cristiana\u201d y le han valido el t\u00edtulo de doctor de la Iglesia. Esta obra monumental de Cirilo nos da importantes noticias acerca del catecumenado, la liturgia y los sacramentos en la comunidad cristiana de Jerusal\u00e9n. Se compone de 24 catequesis, divididas en dos partes: las diecinueve primeras (incluyendo la procatequesis) que explican el contenido \u00edntegro del Credo para conocimiento de los que se preparaban a recibir el bautismo, y otras cinco, conocidas como mistag\u00f3gicas, que se impart\u00edan a los reci\u00e9n bautizados exponi\u00e9ndoles m\u00e1s ampliamente los misterios o sacramentos que hab\u00edan recibido; en concreto, bautismo, confirmaci\u00f3n y Eucarist\u00eda. En la presente edici\u00f3n se publican las Catequesis \u00edntegras, traducidas directamente del griego, y con las referencias b\u00edblicas del Antiguo Testamento contrastadas con la versi\u00f3n de los Setenta, la que Cirilo conoc\u00eda y utiliz\u00f3. Traer fresca y entera hasta nosotros la ense\u00f1anza de este gran obispo ha requerido horas de trabajo sosegado y riguroso. El empe\u00f1o lo merec\u00eda porque es el texto m\u00e1s importante en su g\u00e9nero. Al adentrarse en su lectura el lector puede valorar por s\u00ed mismo el tesoro doctrinal que contienen.<\/p>\n","protected":false},"excerpt":{"rendered":"<p>CIRILO DE JERUSAL\u00c9N<\/p>\n","protected":false},"featured_media":387673,"template":"","meta":{"_acf_changed":false,"om_disable_all_campaigns":false,"rs_blank_template":"","rs_page_bg_color":"","slide_template_v7":"","inline_featured_image":false,"_monsterinsights_skip_tracking":false,"_monsterinsights_sitenote_active":false,"_monsterinsights_sitenote_note":"","_monsterinsights_sitenote_category":0},"product_brand":[],"product_cat":[275,227,389,413,501,256,280,510,282,417],"product_tag":[],"class_list":{"0":"post-363253","1":"product","2":"type-product","3":"status-publish","4":"has-post-thumbnail","6":"product_cat-fonamental","7":"product_cat-formacio","8":"product_cat-formacion","9":"product_cat-fundamental","10":"product_cat-homiletica-liturgia-1_espiritualidad","11":"product_cat-homiletica","12":"product_cat-patrologia","13":"product_cat-patrologia-teologia-1_espiritualidad","14":"product_cat-sacramentologia","15":"product_cat-sacramentologia-teologia-1_espiritualidad","17":"first","18":"instock","19":"taxable","20":"shipping-taxable","21":"purchasable","22":"product-type-simple"},"acf":{"editorial":[{"ID":6157,"post_author":"3","post_date":"2022-07-28 17:46:07","post_date_gmt":"2022-07-28 15:46:07","post_content":"","post_title":"Ciudad Nueva","post_excerpt":"","post_status":"publish","comment_status":"closed","ping_status":"closed","post_password":"","post_name":"ciudad-nueva","to_ping":"","pinged":"","post_modified":"2022-07-28 17:46:07","post_modified_gmt":"2022-07-28 15:46:07","post_content_filtered":"","post_parent":0,"guid":"http:\/\/dev.claret.cat\/editorial\/ciudad-nueva\/","menu_order":0,"post_type":"editorial","post_mime_type":"","comment_count":"0","filter":"raw"}],"autores-libros":[{"ID":363252,"post_author":"3","post_date":"2023-01-15 10:50:49","post_date_gmt":"2023-01-15 09:50:49","post_content":"","post_title":"CIRILO DE JERUSAL\u00c9N","post_excerpt":"","post_status":"publish","comment_status":"closed","ping_status":"closed","post_password":"","post_name":"cirilo-de-jerusalen-2","to_ping":"","pinged":"","post_modified":"2023-01-15 10:50:49","post_modified_gmt":"2023-01-15 09:50:49","post_content_filtered":"","post_parent":0,"guid":"https:\/\/www.claret.cat\/autor\/cirilo-de-jerusalen-2\/","menu_order":0,"post_type":"autor","post_mime_type":"","comment_count":"0","filter":"raw"}],"autor":"CIRILO DE JERUSAL\u00c9N","codart":"849715080","libros-coleccion":"Biblioteca de Patr\u00edstica","ediciones":"1","encuadernacion":"R\u00fastica","fecha_de_publicacion":"30\/01\/2006","novedad":"0","paginas":"528","subtitulo":"","orden":"999","portada":"0","idioma":"spa","booktrailer":"","resenas":""},"aioseo_notices":[],"_links":{"self":[{"href":"https:\/\/www.claret.cat\/es\/wp-json\/wp\/v2\/product\/363253","targetHints":{"allow":["GET"]}}],"collection":[{"href":"https:\/\/www.claret.cat\/es\/wp-json\/wp\/v2\/product"}],"about":[{"href":"https:\/\/www.claret.cat\/es\/wp-json\/wp\/v2\/types\/product"}],"wp:featuredmedia":[{"embeddable":true,"href":"https:\/\/www.claret.cat\/es\/wp-json\/wp\/v2\/media\/387673"}],"wp:attachment":[{"href":"https:\/\/www.claret.cat\/es\/wp-json\/wp\/v2\/media?parent=363253"}],"wp:term":[{"taxonomy":"product_brand","embeddable":true,"href":"https:\/\/www.claret.cat\/es\/wp-json\/wp\/v2\/product_brand?post=363253"},{"taxonomy":"product_cat","embeddable":true,"href":"https:\/\/www.claret.cat\/es\/wp-json\/wp\/v2\/product_cat?post=363253"},{"taxonomy":"product_tag","embeddable":true,"href":"https:\/\/www.claret.cat\/es\/wp-json\/wp\/v2\/product_tag?post=363253"}],"curies":[{"name":"wp","href":"https:\/\/api.w.org\/{rel}","templated":true}]}}