{"id":363274,"date":"2023-01-15T11:00:47","date_gmt":"2023-01-15T10:00:47","guid":{"rendered":"https:\/\/www.claret.cat\/llibre\/comentarios-a-los-salmos-1-9788497150941\/"},"modified":"2024-05-23T00:06:28","modified_gmt":"2024-05-22T22:06:28","slug":"comentarios-a-los-salmos-1-9788497150941","status":"publish","type":"product","link":"https:\/\/www.claret.cat\/es\/libro\/comentarios-a-los-salmos-1-9788497150941\/","title":{"rendered":"COMENTARIOS A LOS SALMOS 1"},"content":{"rendered":"<p>Nacido en Antioqu\u00eda entre los a\u00f1os 344 y 354, y consagrado obispo de Constantinopla en el 398, san Juan Cris\u00f3stomo est\u00e1 considerado como el m\u00e1s grande de los Padres de la Iglesia en el antiguo Oriente cristiano. Su amplio legado literario aventaja en mucho a cualquier otro escritor de lengua griega. La mayor parte de sus obras constituye un esclarecimiento de la Sagrada Escritura en forma de homil\u00edas exeg\u00e9ticas y sermones, aunque conservamos tambi\u00e9n diversos tratados, catequesis y cartas salidas de su pluma. No es extra\u00f1o, pues, que el gran predicador del Oriente cristiano se detuviera a explicar el libro fundamental de la oraci\u00f3n cristiana, como era el Salterio.<br \/>Normalmente el Cris\u00f3stomo desarrolla cada una de las estrofas de los Salmos, por lo que la extensi\u00f3n de estos comentarios adquiere muy distintas dimensiones. Entremezcla con brillantez los comentarios del texto desde una perspectiva dogm\u00e1tica, con consideraciones pr\u00e1cticas y morales llenas de fuerza y exigencia, tratando de animar a los fieles a salir de la mediocridad y a tomar el camino de la verdadera conversi\u00f3n. Con este objeto se prodiga en toda clase de recursos para llegar al oyente, entretenerle, captar su atenci\u00f3n y persuadirlo a la pr\u00e1ctica de la virtud. Toda la ense\u00f1anza que imparte el Cris\u00f3stomo gravita alrededor del texto sagrado. Es su libro de cabecera, su principal y m\u00e1s frecuente alimento intelectual y espiritual. Conoce la Biblia por experiencia propia, la explica, la comenta y recomienda continuamente su lectura.<br \/>La obra, debido a su extensi\u00f3n, se publica en dos vol\u00famenes. En este primero aparecen los comentarios a los Salmos 4-42, 41 y 43-49, y en el segundo los correspondientes a los Salmos 108-117 y 119-150.<br \/>La presente traducci\u00f3n es la primera edici\u00f3n \u00edntegra de la obra que se publica en lengua castellana.<\/p>\n","protected":false},"excerpt":{"rendered":"<p>CRIS\u00d3STOMO, JUAN; BERLANG<\/p>\n","protected":false},"featured_media":387675,"template":"","meta":{"_acf_changed":false,"om_disable_all_campaigns":false,"rs_blank_template":"","rs_page_bg_color":"","slide_template_v7":"","inline_featured_image":false,"_monsterinsights_skip_tracking":false,"_monsterinsights_sitenote_active":false,"_monsterinsights_sitenote_note":"","_monsterinsights_sitenote_category":0},"product_brand":[],"product_cat":[501,256,510,280,383,198],"product_tag":[],"class_list":{"0":"post-363274","1":"product","2":"type-product","3":"status-publish","4":"has-post-thumbnail","6":"product_cat-homiletica-liturgia-1_espiritualidad","7":"product_cat-homiletica","8":"product_cat-patrologia-teologia-1_espiritualidad","9":"product_cat-patrologia","10":"product_cat-salmos-y-libros-poeticos","11":"product_cat-salms-i-llibres-poetics","13":"first","14":"instock","15":"taxable","16":"shipping-taxable","17":"purchasable","18":"product-type-simple"},"acf":{"editorial":[{"ID":6157,"post_author":"3","post_date":"2022-07-28 17:46:07","post_date_gmt":"2022-07-28 15:46:07","post_content":"","post_title":"Ciudad Nueva","post_excerpt":"","post_status":"publish","comment_status":"closed","ping_status":"closed","post_password":"","post_name":"ciudad-nueva","to_ping":"","pinged":"","post_modified":"2022-07-28 17:46:07","post_modified_gmt":"2022-07-28 15:46:07","post_content_filtered":"","post_parent":0,"guid":"http:\/\/dev.claret.cat\/editorial\/ciudad-nueva\/","menu_order":0,"post_type":"editorial","post_mime_type":"","comment_count":"0","filter":"raw"}],"autores-libros":[{"ID":5551,"post_author":"3","post_date":"2022-07-28 17:26:24","post_date_gmt":"2022-07-28 15:26:24","post_content":"","post_title":"INMACULADA (ed) BERLANGA","post_excerpt":"","post_status":"publish","comment_status":"closed","ping_status":"closed","post_password":"","post_name":"inmaculada-ed-berlanga","to_ping":"","pinged":"","post_modified":"2022-07-28 17:26:24","post_modified_gmt":"2022-07-28 15:26:24","post_content_filtered":"","post_parent":0,"guid":"http:\/\/dev.claret.cat\/autor\/inmaculada-ed-berlanga\/","menu_order":0,"post_type":"autor","post_mime_type":"","comment_count":"0","filter":"raw"},{"ID":5676,"post_author":"3","post_date":"2022-07-28 17:29:06","post_date_gmt":"2022-07-28 15:29:06","post_content":"","post_title":"JUAN CRIS\u00d3STOMO","post_excerpt":"","post_status":"publish","comment_status":"closed","ping_status":"closed","post_password":"","post_name":"juan-crisostomo","to_ping":"","pinged":"","post_modified":"2022-07-28 17:29:06","post_modified_gmt":"2022-07-28 15:29:06","post_content_filtered":"","post_parent":0,"guid":"http:\/\/dev.claret.cat\/autor\/juan-crisostomo\/","menu_order":0,"post_type":"autor","post_mime_type":"","comment_count":"0","filter":"raw"}],"autor":"CRIS\u00d3STOMO, JUAN; BERLANG","codart":"849715094","libros-coleccion":"Biblioteca de Patr\u00edstica","ediciones":"1","encuadernacion":"R\u00fastica","fecha_de_publicacion":"28\/04\/2006","novedad":"0","paginas":"480","subtitulo":"(4-12, 41; 43-49)","orden":"999","portada":"0","idioma":"spa"},"aioseo_notices":[],"_links":{"self":[{"href":"https:\/\/www.claret.cat\/es\/wp-json\/wp\/v2\/product\/363274","targetHints":{"allow":["GET"]}}],"collection":[{"href":"https:\/\/www.claret.cat\/es\/wp-json\/wp\/v2\/product"}],"about":[{"href":"https:\/\/www.claret.cat\/es\/wp-json\/wp\/v2\/types\/product"}],"wp:featuredmedia":[{"embeddable":true,"href":"https:\/\/www.claret.cat\/es\/wp-json\/wp\/v2\/media\/387675"}],"wp:attachment":[{"href":"https:\/\/www.claret.cat\/es\/wp-json\/wp\/v2\/media?parent=363274"}],"wp:term":[{"taxonomy":"product_brand","embeddable":true,"href":"https:\/\/www.claret.cat\/es\/wp-json\/wp\/v2\/product_brand?post=363274"},{"taxonomy":"product_cat","embeddable":true,"href":"https:\/\/www.claret.cat\/es\/wp-json\/wp\/v2\/product_cat?post=363274"},{"taxonomy":"product_tag","embeddable":true,"href":"https:\/\/www.claret.cat\/es\/wp-json\/wp\/v2\/product_tag?post=363274"}],"curies":[{"name":"wp","href":"https:\/\/api.w.org\/{rel}","templated":true}]}}