{"id":363318,"date":"2023-01-15T11:17:30","date_gmt":"2023-01-15T10:17:30","guid":{"rendered":"https:\/\/www.claret.cat\/llibre\/comentario-al-cantar-de-los-cantares-9788497151146\/"},"modified":"2024-05-23T00:03:28","modified_gmt":"2024-05-22T22:03:28","slug":"comentario-al-cantar-de-los-cantares-9788497151146","status":"publish","type":"product","link":"https:\/\/www.claret.cat\/es\/libro\/comentario-al-cantar-de-los-cantares-9788497151146\/","title":{"rendered":"COMENTARIO AL CANTAR DE LOS CANTARES"},"content":{"rendered":"<p>Or\u00edgenes destaca notablemente entre los autores de la era patr\u00edstica, no s\u00f3lo por su agudeza de ingenio y originalidad de pensamiento, sino tambi\u00e9n por su extraordinaria experiencia de fe.<br \/>Atento a los problemas de su tiempo, se atrevi\u00f3 a proponer en s\u00edntesis profunda y armoniosa, sobre todo para la cultura de su \u00e9poca, los puntos fundamentales de la doctrina cristiana, pasando de la teolog\u00eda a la ex\u00e9gesis, a la eclesiolog\u00eda, a la m\u00edstica y elevando de manera muy notoria la cultura cristiana. Pero, por encima de todo, es el comentarista de la Sagrada Escritura que recoge los sentidos m\u00e1s rec\u00f3nditos y sublimes, que se desvelan, seg\u00fan sus propias palabras, a quien progresa paralelamente en el estudio y en santidad de vida.<br \/>Entre las obras que nos quedan de \u00e9l -su producci\u00f3n fue inmensa, pero en gran parte se ha perdido- sobresale el Comentario al Cantar de los Cantares en el que, seg\u00fan san Jer\u00f3nimo, aquel que en las otras obras hab\u00eda superado a todos los dem\u00e1s, en \u00e9sta se super\u00f3 a s\u00ed mismo.<br \/>En efecto, la claridad de los principios exeg\u00e9ticos y su experiencia espiritual llevan a Or\u00edgenes a recoger toda la profundidad inspirada en este canto de amor, alegor\u00eda de la Antigua y de la Nueva Alianza. Las im\u00e1genes y los s\u00edmbolos quedan iluminados con una extraordinaria claridad en el gran exegeta. Adem\u00e1s, junto a la tradicional interpretaci\u00f3n aleg\u00f3rica, Or\u00edgenes introduce la psicol\u00f3gica, viendo en ella simbolizado el amor entre Cristo y el alma que lo busca.<\/p>\n<p>Despu\u00e9s de \u00e9l, esta interpretaci\u00f3n sent\u00f3 ley. \u00abM\u00e1s all\u00e1 del \u00e1mbito exeg\u00e9tico espec\u00edfico, el Comentario al Cantar de Or\u00edgenes marc\u00f3 un punto fundamental en la historia de la m\u00edstica occidental hasta llegar a santa Teresa de Jes\u00fas y san Juan de la Cruz\u00bb.<\/p>\n","protected":false},"excerpt":{"rendered":"<p>OR\u00cdGENES<\/p>\n","protected":false},"featured_media":387627,"template":"","meta":{"_acf_changed":false,"om_disable_all_campaigns":false,"rs_blank_template":"","rs_page_bg_color":"","slide_template_v7":"","inline_featured_image":false,"_monsterinsights_skip_tracking":false,"_monsterinsights_sitenote_active":false,"_monsterinsights_sitenote_note":"","_monsterinsights_sitenote_category":0},"product_brand":[],"product_cat":[341,75,412,274,280,510,383,198],"product_tag":[],"class_list":{"0":"post-363318","1":"product","2":"type-product","3":"status-publish","4":"has-post-thumbnail","6":"product_cat-biblia-es","7":"product_cat-biblia","8":"product_cat-estudios-sagrada-escritura","9":"product_cat-estudis-sagrada-escriptura","10":"product_cat-patrologia","11":"product_cat-patrologia-teologia-1_espiritualidad","12":"product_cat-salmos-y-libros-poeticos","13":"product_cat-salms-i-llibres-poetics","15":"first","16":"instock","17":"taxable","18":"shipping-taxable","19":"purchasable","20":"product-type-simple"},"acf":{"editorial":[{"ID":6157,"post_author":"3","post_date":"2022-07-28 17:46:07","post_date_gmt":"2022-07-28 15:46:07","post_content":"","post_title":"Ciudad Nueva","post_excerpt":"","post_status":"publish","comment_status":"closed","ping_status":"closed","post_password":"","post_name":"ciudad-nueva","to_ping":"","pinged":"","post_modified":"2022-07-28 17:46:07","post_modified_gmt":"2022-07-28 15:46:07","post_content_filtered":"","post_parent":0,"guid":"http:\/\/dev.claret.cat\/editorial\/ciudad-nueva\/","menu_order":0,"post_type":"editorial","post_mime_type":"","comment_count":"0","filter":"raw"}],"autores-libros":[{"ID":363317,"post_author":"3","post_date":"2023-01-15 11:17:27","post_date_gmt":"2023-01-15 10:17:27","post_content":"","post_title":"o.p. VELASCO","post_excerpt":"","post_status":"publish","comment_status":"closed","ping_status":"closed","post_password":"","post_name":"o-p-velasco","to_ping":"","pinged":"","post_modified":"2023-01-15 11:17:27","post_modified_gmt":"2023-01-15 10:17:27","post_content_filtered":"","post_parent":0,"guid":"https:\/\/www.claret.cat\/autor\/o-p-velasco\/","menu_order":0,"post_type":"autor","post_mime_type":"","comment_count":"0","filter":"raw"},{"ID":363316,"post_author":"3","post_date":"2023-01-15 11:17:23","post_date_gmt":"2023-01-15 10:17:23","post_content":"","post_title":"MANLIO (int) SIMONETTI","post_excerpt":"","post_status":"publish","comment_status":"closed","ping_status":"closed","post_password":"","post_name":"manlio-int-simonetti","to_ping":"","pinged":"","post_modified":"2023-01-15 11:17:23","post_modified_gmt":"2023-01-15 10:17:23","post_content_filtered":"","post_parent":0,"guid":"https:\/\/www.claret.cat\/autor\/manlio-int-simonetti\/","menu_order":0,"post_type":"autor","post_mime_type":"","comment_count":"0","filter":"raw"}],"autor":"OR\u00cdGENES","codart":"849715114","libros-coleccion":"Biblioteca de Patr\u00edstica","ediciones":"3","encuadernacion":"R\u00fastica","fecha_de_publicacion":"02\/05\/2007","novedad":"0","paginas":"320","subtitulo":"COMENTARIO AL CANTAR DE LOS CANTARES","orden":"0","portada":"0","idioma":"spa"},"aioseo_notices":[],"_links":{"self":[{"href":"https:\/\/www.claret.cat\/es\/wp-json\/wp\/v2\/product\/363318","targetHints":{"allow":["GET"]}}],"collection":[{"href":"https:\/\/www.claret.cat\/es\/wp-json\/wp\/v2\/product"}],"about":[{"href":"https:\/\/www.claret.cat\/es\/wp-json\/wp\/v2\/types\/product"}],"wp:featuredmedia":[{"embeddable":true,"href":"https:\/\/www.claret.cat\/es\/wp-json\/wp\/v2\/media\/387627"}],"wp:attachment":[{"href":"https:\/\/www.claret.cat\/es\/wp-json\/wp\/v2\/media?parent=363318"}],"wp:term":[{"taxonomy":"product_brand","embeddable":true,"href":"https:\/\/www.claret.cat\/es\/wp-json\/wp\/v2\/product_brand?post=363318"},{"taxonomy":"product_cat","embeddable":true,"href":"https:\/\/www.claret.cat\/es\/wp-json\/wp\/v2\/product_cat?post=363318"},{"taxonomy":"product_tag","embeddable":true,"href":"https:\/\/www.claret.cat\/es\/wp-json\/wp\/v2\/product_tag?post=363318"}],"curies":[{"name":"wp","href":"https:\/\/api.w.org\/{rel}","templated":true}]}}