{"id":363356,"date":"2023-01-15T11:22:36","date_gmt":"2023-01-15T10:22:36","guid":{"rendered":"https:\/\/www.claret.cat\/llibre\/15-dias-con-el-padre-claret-9788497151399\/"},"modified":"2024-05-23T00:01:49","modified_gmt":"2024-05-22T22:01:49","slug":"15-dias-con-el-padre-claret-9788497151399","status":"publish","type":"product","link":"https:\/\/www.claret.cat\/es\/libro\/15-dias-con-el-padre-claret-9788497151399\/","title":{"rendered":"15 DIAS CON EL PADRE CLARET"},"content":{"rendered":"<p>Antoni Mar\u00eda Claret (1807-1870) fue obrero textil en su juventud. Ordenado sacerdote, recorri\u00f3 Catalunya predicando. En Vic fund\u00f3 loas claretianos. Nombrado arzobispo en Santiago de Cuba, renov\u00f3 la vida cristiana y llev\u00f3 la Palabra de Dios. Es el \u00fanico santo canonizado entre los padres conciliares del Vaticano I.<\/p>\n","protected":false},"excerpt":{"rendered":"<p>FANLO, LEANDRO<\/p>\n","protected":false},"featured_media":387703,"template":"","meta":{"_acf_changed":false,"om_disable_all_campaigns":false,"rs_blank_template":"","rs_page_bg_color":"","slide_template_v7":"","inline_featured_image":false,"_monsterinsights_skip_tracking":false,"_monsterinsights_sitenote_active":false,"_monsterinsights_sitenote_note":"","_monsterinsights_sitenote_category":0},"product_brand":[],"product_cat":[549,99,345,79,545,95,542,92],"product_tag":[],"class_list":{"0":"post-363356","1":"product","2":"type-product","3":"status-publish","4":"has-post-thumbnail","6":"product_cat-biografias","7":"product_cat-biografies","8":"product_cat-espiritualidad","9":"product_cat-espiritualitat","10":"product_cat-santoral-1_espiritualidad-spa","11":"product_cat-santoral","12":"product_cat-vida-religiosa-1_espiritualidad-spa","13":"product_cat-vida-religiosa","15":"first","16":"instock","17":"taxable","18":"shipping-taxable","19":"purchasable","20":"product-type-simple"},"acf":{"editorial":[{"ID":6157,"post_author":"3","post_date":"2022-07-28 17:46:07","post_date_gmt":"2022-07-28 15:46:07","post_content":"","post_title":"Ciudad Nueva","post_excerpt":"","post_status":"publish","comment_status":"closed","ping_status":"closed","post_password":"","post_name":"ciudad-nueva","to_ping":"","pinged":"","post_modified":"2022-07-28 17:46:07","post_modified_gmt":"2022-07-28 15:46:07","post_content_filtered":"","post_parent":0,"guid":"http:\/\/dev.claret.cat\/editorial\/ciudad-nueva\/","menu_order":0,"post_type":"editorial","post_mime_type":"","comment_count":"0","filter":"raw"}],"autores-libros":[{"ID":363355,"post_author":"3","post_date":"2023-01-15 11:22:31","post_date_gmt":"2023-01-15 10:22:31","post_content":"","post_title":"LEANDRO FANLO","post_excerpt":"","post_status":"publish","comment_status":"closed","ping_status":"closed","post_password":"","post_name":"leandro-fanlo","to_ping":"","pinged":"","post_modified":"2023-01-15 11:22:31","post_modified_gmt":"2023-01-15 10:22:31","post_content_filtered":"","post_parent":0,"guid":"https:\/\/www.claret.cat\/autor\/leandro-fanlo\/","menu_order":0,"post_type":"autor","post_mime_type":"","comment_count":"0","filter":"raw"}],"autor":"FANLO, LEANDRO","codart":"849715139","libros-coleccion":"15 d\u00edas con","ediciones":"1","encuadernacion":"R\u00fastica","fecha_de_publicacion":"13\/05\/2008","novedad":"0","paginas":"0","subtitulo":"EN EL BICENTENARIO DE SU NACIMIENTO","orden":"999","portada":"0","idioma":"spa"},"aioseo_notices":[],"_links":{"self":[{"href":"https:\/\/www.claret.cat\/es\/wp-json\/wp\/v2\/product\/363356","targetHints":{"allow":["GET"]}}],"collection":[{"href":"https:\/\/www.claret.cat\/es\/wp-json\/wp\/v2\/product"}],"about":[{"href":"https:\/\/www.claret.cat\/es\/wp-json\/wp\/v2\/types\/product"}],"wp:featuredmedia":[{"embeddable":true,"href":"https:\/\/www.claret.cat\/es\/wp-json\/wp\/v2\/media\/387703"}],"wp:attachment":[{"href":"https:\/\/www.claret.cat\/es\/wp-json\/wp\/v2\/media?parent=363356"}],"wp:term":[{"taxonomy":"product_brand","embeddable":true,"href":"https:\/\/www.claret.cat\/es\/wp-json\/wp\/v2\/product_brand?post=363356"},{"taxonomy":"product_cat","embeddable":true,"href":"https:\/\/www.claret.cat\/es\/wp-json\/wp\/v2\/product_cat?post=363356"},{"taxonomy":"product_tag","embeddable":true,"href":"https:\/\/www.claret.cat\/es\/wp-json\/wp\/v2\/product_tag?post=363356"}],"curies":[{"name":"wp","href":"https:\/\/api.w.org\/{rel}","templated":true}]}}