{"id":363362,"date":"2023-01-15T11:23:01","date_gmt":"2023-01-15T10:23:01","guid":{"rendered":"https:\/\/www.claret.cat\/llibre\/15-dias-con-concepcion-cabrera-de-armida-9788497151429\/"},"modified":"2024-05-23T00:02:13","modified_gmt":"2024-05-22T22:02:13","slug":"15-dias-con-concepcion-cabrera-de-armida-9788497151429","status":"publish","type":"product","link":"https:\/\/www.claret.cat\/es\/libro\/15-dias-con-concepcion-cabrera-de-armida-9788497151429\/","title":{"rendered":"15 D\u00cdAS CON CONCEPCI\u00d3N CABRERA DE ARMIDA"},"content":{"rendered":"<p>Esposa y madre de nueve hijos, prol\u00edfica escritora m\u00edstica, esta mujer mexicana aparentemente normal esconde en el fondo de su alma una extraordinaria vida apost\u00f3lica, un ardor heroico para imitar a Jes\u00fas e identificarse con el Crucificado. <br \/>Sin haber vivido nunca en un claustro, Concepci\u00f3n Cabrera de Armida (1862-1937) es la inspiradora de la Obras de la Cruz. <br \/>Sus m\u00faltiples escritos \u2013entre ellos su Diario espiritual, publicado por Ciudad Nueva\u2013 encierran tesoros de luz para toda la Iglesia y todos los hombres de hoy.<\/p>\n","protected":false},"excerpt":{"rendered":"<p>FRECH, BEATRIZ<\/p>\n","protected":false},"featured_media":387705,"template":"","meta":{"_acf_changed":false,"om_disable_all_campaigns":false,"rs_blank_template":"","rs_page_bg_color":"","slide_template_v7":"","inline_featured_image":false,"_monsterinsights_skip_tracking":false,"_monsterinsights_sitenote_active":false,"_monsterinsights_sitenote_note":"","_monsterinsights_sitenote_category":0},"product_brand":[],"product_cat":[408,270,497,248,491,241,394,236],"product_tag":[],"class_list":{"0":"post-363362","1":"product","2":"type-product","3":"status-publish","4":"has-post-thumbnail","6":"product_cat-familiar-pastoral-1_espiritualidad","7":"product_cat-familiar-pastoral","8":"product_cat-meditaciones","9":"product_cat-meditacions","10":"product_cat-testimonios","11":"product_cat-testimonis","12":"product_cat-vida-cotidiana","13":"product_cat-vida-quotidiana","15":"first","16":"instock","17":"taxable","18":"shipping-taxable","19":"purchasable","20":"product-type-simple"},"acf":{"editorial":[{"ID":6157,"post_author":"3","post_date":"2022-07-28 17:46:07","post_date_gmt":"2022-07-28 15:46:07","post_content":"","post_title":"Ciudad Nueva","post_excerpt":"","post_status":"publish","comment_status":"closed","ping_status":"closed","post_password":"","post_name":"ciudad-nueva","to_ping":"","pinged":"","post_modified":"2022-07-28 17:46:07","post_modified_gmt":"2022-07-28 15:46:07","post_content_filtered":"","post_parent":0,"guid":"http:\/\/dev.claret.cat\/editorial\/ciudad-nueva\/","menu_order":0,"post_type":"editorial","post_mime_type":"","comment_count":"0","filter":"raw"}],"autores-libros":[{"ID":363361,"post_author":"3","post_date":"2023-01-15 11:22:57","post_date_gmt":"2023-01-15 10:22:57","post_content":"","post_title":"BEATRIZ (ed) FRECH","post_excerpt":"","post_status":"publish","comment_status":"closed","ping_status":"closed","post_password":"","post_name":"beatriz-ed-frech","to_ping":"","pinged":"","post_modified":"2023-01-15 11:22:57","post_modified_gmt":"2023-01-15 10:22:57","post_content_filtered":"","post_parent":0,"guid":"https:\/\/www.claret.cat\/autor\/beatriz-ed-frech\/","menu_order":0,"post_type":"autor","post_mime_type":"","comment_count":"0","filter":"raw"}],"autor":"FRECH, BEATRIZ","codart":"849715142","libros-coleccion":"15 d\u00edas con","ediciones":"1","encuadernacion":"R\u00fastica","fecha_de_publicacion":"26\/06\/2008","novedad":"0","paginas":"128","subtitulo":"","orden":"999","portada":"0","idioma":"spa"},"aioseo_notices":[],"_links":{"self":[{"href":"https:\/\/www.claret.cat\/es\/wp-json\/wp\/v2\/product\/363362","targetHints":{"allow":["GET"]}}],"collection":[{"href":"https:\/\/www.claret.cat\/es\/wp-json\/wp\/v2\/product"}],"about":[{"href":"https:\/\/www.claret.cat\/es\/wp-json\/wp\/v2\/types\/product"}],"wp:featuredmedia":[{"embeddable":true,"href":"https:\/\/www.claret.cat\/es\/wp-json\/wp\/v2\/media\/387705"}],"wp:attachment":[{"href":"https:\/\/www.claret.cat\/es\/wp-json\/wp\/v2\/media?parent=363362"}],"wp:term":[{"taxonomy":"product_brand","embeddable":true,"href":"https:\/\/www.claret.cat\/es\/wp-json\/wp\/v2\/product_brand?post=363362"},{"taxonomy":"product_cat","embeddable":true,"href":"https:\/\/www.claret.cat\/es\/wp-json\/wp\/v2\/product_cat?post=363362"},{"taxonomy":"product_tag","embeddable":true,"href":"https:\/\/www.claret.cat\/es\/wp-json\/wp\/v2\/product_tag?post=363362"}],"curies":[{"name":"wp","href":"https:\/\/api.w.org\/{rel}","templated":true}]}}