{"id":363368,"date":"2023-01-15T11:23:24","date_gmt":"2023-01-15T10:23:24","guid":{"rendered":"https:\/\/www.claret.cat\/llibre\/homilias-sobre-la-carta-de-los-hebreos-9788497151450\/"},"modified":"2024-05-22T23:59:47","modified_gmt":"2024-05-22T21:59:47","slug":"homilias-sobre-la-carta-de-los-hebreos-9788497151450","status":"publish","type":"product","link":"https:\/\/www.claret.cat\/es\/libro\/homilias-sobre-la-carta-de-los-hebreos-9788497151450\/","title":{"rendered":"HOMIL\u00cdAS SOBRE LA CARTA DE LOS HEBREOS"},"content":{"rendered":"<p>Juan Cris\u00f3stomo (345?-407), una vez consagrado obispo, se dedic\u00f3 inmediatamente a lo que mejor sab\u00eda hacer: la predicaci\u00f3n de la palabra de Dios. El mandato de Cristo a sus ap\u00f3stoles: \u00abId, pues, y haced disc\u00edpulos a todas las gentes\u2026 ense\u00f1\u00e1ndoles a guardar todo lo que os he mandado\u00bb (Mt 28, 19-20), hab\u00eda sido la principal ocupaci\u00f3n de su trabajo sacerdotal desde los primeros momentos en dicho ministerio como miembro del presbiterio de la Iglesia en Antioqu\u00eda. Al igual que otros grandes oradores de la antig\u00fcedad cristiana \u2013Or\u00edgenes o san Agust\u00edn, por ejemplo\u2013, el Cris\u00f3stomo tambi\u00e9n tuvo como suya la responsabilidad de comentar los distintos libros de la Sagrada Escritura. Las presentes homil\u00edas sobre la Carta a los hebreos, ofrecen una lecci\u00f3n magistral sobre el sacerdocio de Cristo, el ministerio sacerdotal en la Iglesia y tambi\u00e9n respecto al sacerdocio com\u00fan de todos los bautizados cristianos. El Obispo de Constantinopla es consciente de que sus explicaciones implican un eco que traspasa los muros del templo en el que realiza su predicaci\u00f3n. Por ello el lector de estas homil\u00edas se encontrar\u00e1 con relativa frecuencia con que el Cris\u00f3stomo explica el sentido hist\u00f3rico que entra\u00f1an los textos b\u00edblicos seg\u00fan el m\u00e9todo de la escuela de Antioqu\u00eda, pero de una manera profunda y pr\u00e1ctica a la vez, intuyendo que sus homil\u00edas iban a tener lectores de todos los tiempos y lugares. Ciertamente todav\u00eda hoy se leen estas homil\u00edas con gusto y provecho. La presente traducci\u00f3n es la primera edici\u00f3n \u00edntegra de la obra que se publica en lengua castellana.<\/p>\n","protected":false},"excerpt":{"rendered":"<p>CRIS\u00d3STOMO, JUAN<\/p>\n","protected":false},"featured_media":387685,"template":"","meta":{"_acf_changed":false,"om_disable_all_campaigns":false,"rs_blank_template":"","rs_page_bg_color":"","slide_template_v7":"","inline_featured_image":false,"_monsterinsights_skip_tracking":false,"_monsterinsights_sitenote_active":false,"_monsterinsights_sitenote_note":"","_monsterinsights_sitenote_category":0},"product_brand":[],"product_cat":[341,75,345,79,346,80],"product_tag":[],"class_list":{"0":"post-363368","1":"product","2":"type-product","3":"status-publish","4":"has-post-thumbnail","6":"product_cat-biblia-es","7":"product_cat-biblia","8":"product_cat-espiritualidad","9":"product_cat-espiritualitat","10":"product_cat-libros-liturgia","11":"product_cat-liturgia","13":"first","14":"instock","15":"taxable","16":"shipping-taxable","17":"purchasable","18":"product-type-simple"},"acf":{"editorial":[{"ID":6157,"post_author":"3","post_date":"2022-07-28 17:46:07","post_date_gmt":"2022-07-28 15:46:07","post_content":"","post_title":"Ciudad Nueva","post_excerpt":"","post_status":"publish","comment_status":"closed","ping_status":"closed","post_password":"","post_name":"ciudad-nueva","to_ping":"","pinged":"","post_modified":"2022-07-28 17:46:07","post_modified_gmt":"2022-07-28 15:46:07","post_content_filtered":"","post_parent":0,"guid":"http:\/\/dev.claret.cat\/editorial\/ciudad-nueva\/","menu_order":0,"post_type":"editorial","post_mime_type":"","comment_count":"0","filter":"raw"}],"autores-libros":[{"ID":5676,"post_author":"3","post_date":"2022-07-28 17:29:06","post_date_gmt":"2022-07-28 15:29:06","post_content":"","post_title":"JUAN CRIS\u00d3STOMO","post_excerpt":"","post_status":"publish","comment_status":"closed","ping_status":"closed","post_password":"","post_name":"juan-crisostomo","to_ping":"","pinged":"","post_modified":"2022-07-28 17:29:06","post_modified_gmt":"2022-07-28 15:29:06","post_content_filtered":"","post_parent":0,"guid":"http:\/\/dev.claret.cat\/autor\/juan-crisostomo\/","menu_order":0,"post_type":"autor","post_mime_type":"","comment_count":"0","filter":"raw"}],"autor":"CRIS\u00d3STOMO, JUAN","codart":"849715145","libros-coleccion":"Biblioteca de Patr\u00edstica","ediciones":"1","encuadernacion":"R\u00fastica","fecha_de_publicacion":"08\/09\/2008","novedad":"0","paginas":"624","subtitulo":"","orden":"999","portada":"0","idioma":"spa"},"aioseo_notices":[],"_links":{"self":[{"href":"https:\/\/www.claret.cat\/es\/wp-json\/wp\/v2\/product\/363368","targetHints":{"allow":["GET"]}}],"collection":[{"href":"https:\/\/www.claret.cat\/es\/wp-json\/wp\/v2\/product"}],"about":[{"href":"https:\/\/www.claret.cat\/es\/wp-json\/wp\/v2\/types\/product"}],"wp:featuredmedia":[{"embeddable":true,"href":"https:\/\/www.claret.cat\/es\/wp-json\/wp\/v2\/media\/387685"}],"wp:attachment":[{"href":"https:\/\/www.claret.cat\/es\/wp-json\/wp\/v2\/media?parent=363368"}],"wp:term":[{"taxonomy":"product_brand","embeddable":true,"href":"https:\/\/www.claret.cat\/es\/wp-json\/wp\/v2\/product_brand?post=363368"},{"taxonomy":"product_cat","embeddable":true,"href":"https:\/\/www.claret.cat\/es\/wp-json\/wp\/v2\/product_cat?post=363368"},{"taxonomy":"product_tag","embeddable":true,"href":"https:\/\/www.claret.cat\/es\/wp-json\/wp\/v2\/product_tag?post=363368"}],"curies":[{"name":"wp","href":"https:\/\/api.w.org\/{rel}","templated":true}]}}