{"id":363373,"date":"2023-01-15T11:25:13","date_gmt":"2023-01-15T10:25:13","guid":{"rendered":"https:\/\/www.claret.cat\/llibre\/la-virginidad-la-educacion-de-la-virgen-exhortacion-a-la-virginidad-9788497151160\/"},"modified":"2025-09-30T17:00:25","modified_gmt":"2025-09-30T15:00:25","slug":"la-virginidad-la-educacion-de-la-virgen-exhortacion-a-la-virginidad-9788497151160","status":"publish","type":"product","link":"https:\/\/www.claret.cat\/es\/libro\/la-virginidad-la-educacion-de-la-virgen-exhortacion-a-la-virginidad-9788497151160\/","title":{"rendered":"LA VIRGINIDAD. LA EDUCACI\u00d3N DE LA VIRGEN. EXHORTACI\u00d3N A LA VIRGINIDAD"},"content":{"rendered":"<p>Edici\u00f3n biling\u00fce lat\u00edn-castellano.<br \/>San Ambrosio de Mil\u00e1n (340-397) dedic\u00f3 una gran solicitud pastoral a las v\u00edrgenes cristianas. Fruto de sus desvelos pastorales son los tres tratados que publicamos en este volumen: De uirginitate, De institutione uirginis y la Exhortatio uirginitatis. Con anterioridad, en esta misma colecci\u00f3n publicamos los escritos De uirginibus y De uiduis. De esta manera cumplimos el prop\u00f3sito de sacar a la luz p\u00fablica todo el corpus ambrosiano sobre la virginidad en lengua castellana.<br \/>El primer tratado sobre la Virginidad que presentamos comienza con unos exempla sobre la sabidur\u00eda del rey Salom\u00f3n y sobre Jeft\u00e9. La actuaci\u00f3n de este \u00faltimo le da pie para desarrollar una homil\u00eda en defensa de la virginidad. Finaliza la obra con otra homil\u00eda dedicada a la fiesta de S. Pedro y S. Pablo.<br \/>El escrito consagrado a la Instrucci\u00f3n de la virgen tiene una particular significaci\u00f3n, pues en \u00e9l se destaca el papel de la Virgen Mar\u00eda como modo a imitar por la v\u00edrgenes cristianas. Se puede decir que estamos ante una obra eminentemente mariol\u00f3gica que va a tener un gran influjo en siglos posteriores. Aqu\u00ed se nos muestra Ambrosio como un valedor a ultranza de la virginidad de Santa Mar\u00eda, frente a detractores como Bonoso.<br \/>La Exhortaci\u00f3n a la virginidad reproduce una homil\u00eda de Ambrosio predicada en Florencia con motivo de la traslaci\u00f3n de las reliquias de S. Agr\u00edcola. El obispo de Mil\u00e1n utiliza un recurso literario que consiste en poner en boca de Juliana, viuda de uno de los m\u00e1rtires cuyas reliquias se hab\u00edan trasladado, un discurso animando a sus hijas a vivir la virginidad. Despu\u00e9s, Ambrosio retoma la palabra para aplicar a las v\u00edrgenes unas ense\u00f1anzas del Cantar de los Cantares.<br \/>En todo el volumen se puede apreciar el dominio de Ambrosio sobre los textos b\u00edblicos, as\u00ed como la ex\u00e9gesis que hace de los mismos, siguiendo en este punto las l\u00edneas generales de la hermen\u00e9utica alejandrina de tipo origeniano, aunque tampoco falten aplicaciones muy concretas de car\u00e1cter paren\u00e9tico.<\/p>\n","protected":false},"excerpt":{"rendered":"<p>AMBROSIO DE MIL\u00c1N<\/p>\n","protected":false},"featured_media":0,"template":"","meta":{"_acf_changed":false,"om_disable_all_campaigns":false,"rs_blank_template":"","rs_page_bg_color":"","slide_template_v7":"","inline_featured_image":false,"_monsterinsights_skip_tracking":false,"_monsterinsights_sitenote_active":false,"_monsterinsights_sitenote_note":"","_monsterinsights_sitenote_category":0},"product_brand":[],"product_cat":[90,540],"product_tag":[],"class_list":{"0":"post-363373","1":"product","2":"type-product","3":"status-publish","5":"product_cat-altres","6":"product_cat-otros","8":"first","9":"instock","10":"taxable","11":"shipping-taxable","12":"purchasable","13":"product-type-simple"},"acf":{"editorial":[{"ID":6157,"post_author":"3","post_date":"2022-07-28 17:46:07","post_date_gmt":"2022-07-28 15:46:07","post_content":"","post_title":"Ciudad Nueva","post_excerpt":"","post_status":"publish","comment_status":"closed","ping_status":"closed","post_password":"","post_name":"ciudad-nueva","to_ping":"","pinged":"","post_modified":"2022-07-28 17:46:07","post_modified_gmt":"2022-07-28 15:46:07","post_content_filtered":"","post_parent":0,"guid":"http:\/\/dev.claret.cat\/editorial\/ciudad-nueva\/","menu_order":0,"post_type":"editorial","post_mime_type":"","comment_count":"0","filter":"raw"}],"autores-libros":[{"ID":149995,"post_author":"3","post_date":"2022-10-14 14:29:23","post_date_gmt":"2022-10-14 12:29:23","post_content":"","post_title":"AMBROSIO DE MIL\u00c1N","post_excerpt":"","post_status":"publish","comment_status":"closed","ping_status":"closed","post_password":"","post_name":"ambrosio-de-milan","to_ping":"","pinged":"","post_modified":"2022-10-14 14:29:23","post_modified_gmt":"2022-10-14 12:29:23","post_content_filtered":"","post_parent":0,"guid":"http:\/\/dev.claret.cat\/autor\/ambrosio-de-milan\/","menu_order":0,"post_type":"autor","post_mime_type":"","comment_count":"0","filter":"raw"},{"ID":363328,"post_author":"3","post_date":"2023-01-15 11:20:45","post_date_gmt":"2023-01-15 10:20:45","post_content":"","post_title":"DOMINGO (int) RAMONS-LISON","post_excerpt":"","post_status":"publish","comment_status":"closed","ping_status":"closed","post_password":"","post_name":"domingo-int-ramons-lison","to_ping":"","pinged":"","post_modified":"2023-01-15 11:20:45","post_modified_gmt":"2023-01-15 10:20:45","post_content_filtered":"","post_parent":0,"guid":"https:\/\/www.claret.cat\/autor\/domingo-int-ramons-lison\/","menu_order":0,"post_type":"autor","post_mime_type":"","comment_count":"0","filter":"raw"}],"autor":"AMBROSIO DE MIL\u00c1N","codart":"849715116","libros-coleccion":"Fuentes Patr\u00edsticas","ediciones":"1","encuadernacion":"Carton\u00e9","fecha_de_publicacion":"06\/06\/2007","novedad":"0","paginas":"386","subtitulo":"","orden":"0","portada":"0","idioma":"spa","booktrailer":"","resenas":""},"aioseo_notices":[],"_links":{"self":[{"href":"https:\/\/www.claret.cat\/es\/wp-json\/wp\/v2\/product\/363373","targetHints":{"allow":["GET"]}}],"collection":[{"href":"https:\/\/www.claret.cat\/es\/wp-json\/wp\/v2\/product"}],"about":[{"href":"https:\/\/www.claret.cat\/es\/wp-json\/wp\/v2\/types\/product"}],"wp:attachment":[{"href":"https:\/\/www.claret.cat\/es\/wp-json\/wp\/v2\/media?parent=363373"}],"wp:term":[{"taxonomy":"product_brand","embeddable":true,"href":"https:\/\/www.claret.cat\/es\/wp-json\/wp\/v2\/product_brand?post=363373"},{"taxonomy":"product_cat","embeddable":true,"href":"https:\/\/www.claret.cat\/es\/wp-json\/wp\/v2\/product_cat?post=363373"},{"taxonomy":"product_tag","embeddable":true,"href":"https:\/\/www.claret.cat\/es\/wp-json\/wp\/v2\/product_tag?post=363373"}],"curies":[{"name":"wp","href":"https:\/\/api.w.org\/{rel}","templated":true}]}}