{"id":363375,"date":"2023-01-15T11:30:09","date_gmt":"2023-01-15T10:30:09","guid":{"rendered":"https:\/\/www.claret.cat\/llibre\/entre-oriente-y-occidente-9788497151184\/"},"modified":"2024-05-23T00:03:54","modified_gmt":"2024-05-22T22:03:54","slug":"entre-oriente-y-occidente-9788497151184","status":"publish","type":"product","link":"https:\/\/www.claret.cat\/es\/libro\/entre-oriente-y-occidente-9788497151184\/","title":{"rendered":"ENTRE ORIENTE Y OCCIDENTE"},"content":{"rendered":"<p>\u00ab.. .Si realmente hablamos no el lenguaje de la ideolog\u00eda, la imposici\u00f3n, el prejuicio o la cerraz\u00f3n, sino el lenguaje de la vida, todos estamos abocados a entendernos. O mejor dicho, a entender juntos lo que Otro susurra, llev\u00e1ndonos a los dialogantes por el camino de una sabidur\u00eda sin ocaso. Para aprender el lenguaje de esta voz, hay que aprender el lenguaje de la escucha&#8230; Este es el secreto del di\u00e1logo, tan apasionante y urgente como nunca entre los hombres y mujeres concretos que transitan, en esta \u201caldea global\u201d, por el camino del Oriente al Occidente y viceversa. [&#8230;] Cinto Busquet se hace paulatinamente m\u00e1s cre\u00edble y convincente no tanto por la fuerza argumentativa de su reflexi\u00f3n, como por la atractiva persuasi\u00f3n de la vivencia y testimonio personal de alguien que a lo largo de los a\u00f1os, entre Oriente y Occidente, ha sabido escuchar y ensanchar el horizonte de la mirada, descalzarse ante ese lugar sagrado que es cada ser humano, hacer de cada cultura su propio hogar, ser fuerte en la debilidad y buscar siempre el rostro de Dios\u00bb.<br \/>(Del pr\u00f3logo de Manuel Mar\u00eda Bru)<\/p>\n","protected":false},"excerpt":{"rendered":"<p>BUSQUET, CINTO; BRU, MAUEL Ma (prol)<\/p>\n","protected":false},"featured_media":0,"template":"","meta":{"_acf_changed":false,"om_disable_all_campaigns":false,"rs_blank_template":"","rs_page_bg_color":"","slide_template_v7":"","inline_featured_image":false,"_monsterinsights_skip_tracking":false,"_monsterinsights_sitenote_active":false,"_monsterinsights_sitenote_note":"","_monsterinsights_sitenote_category":0},"product_brand":[],"product_cat":[90,540],"product_tag":[],"class_list":{"0":"post-363375","1":"product","2":"type-product","3":"status-publish","5":"product_cat-altres","6":"product_cat-otros","8":"first","9":"instock","10":"taxable","11":"shipping-taxable","12":"purchasable","13":"product-type-simple"},"acf":{"editorial":[{"ID":6157,"post_author":"3","post_date":"2022-07-28 17:46:07","post_date_gmt":"2022-07-28 15:46:07","post_content":"","post_title":"Ciudad Nueva","post_excerpt":"","post_status":"publish","comment_status":"closed","ping_status":"closed","post_password":"","post_name":"ciudad-nueva","to_ping":"","pinged":"","post_modified":"2022-07-28 17:46:07","post_modified_gmt":"2022-07-28 15:46:07","post_content_filtered":"","post_parent":0,"guid":"http:\/\/dev.claret.cat\/editorial\/ciudad-nueva\/","menu_order":0,"post_type":"editorial","post_mime_type":"","comment_count":"0","filter":"raw"}],"autores-libros":[{"ID":363330,"post_author":"3","post_date":"2023-01-15 11:20:52","post_date_gmt":"2023-01-15 10:20:52","post_content":"","post_title":"MAUEL Ma (prol) BRU","post_excerpt":"","post_status":"publish","comment_status":"closed","ping_status":"closed","post_password":"","post_name":"mauel-ma-prol-bru","to_ping":"","pinged":"","post_modified":"2023-01-15 11:20:52","post_modified_gmt":"2023-01-15 10:20:52","post_content_filtered":"","post_parent":0,"guid":"https:\/\/www.claret.cat\/autor\/mauel-ma-prol-bru\/","menu_order":0,"post_type":"autor","post_mime_type":"","comment_count":"0","filter":"raw"},{"ID":323324,"post_author":"3","post_date":"2023-01-03 05:31:42","post_date_gmt":"2023-01-03 04:31:42","post_content":"","post_title":"CINTO BUSQUET","post_excerpt":"","post_status":"publish","comment_status":"closed","ping_status":"closed","post_password":"","post_name":"cinto-busquet","to_ping":"","pinged":"","post_modified":"2023-01-03 05:31:42","post_modified_gmt":"2023-01-03 04:31:42","post_content_filtered":"","post_parent":0,"guid":"https:\/\/www.claret.cat\/autor\/cinto-busquet\/","menu_order":0,"post_type":"autor","post_mime_type":"","comment_count":"0","filter":"raw"}],"autor":"BUSQUET, CINTO; BRU, MAUEL Ma (prol)","codart":"849715118","libros-coleccion":"","ediciones":"1","encuadernacion":"R\u00fastica","fecha_de_publicacion":"06\/09\/2007","novedad":"0","paginas":"238","subtitulo":"","orden":"1","portada":"0","idioma":"spa"},"aioseo_notices":[],"_links":{"self":[{"href":"https:\/\/www.claret.cat\/es\/wp-json\/wp\/v2\/product\/363375","targetHints":{"allow":["GET"]}}],"collection":[{"href":"https:\/\/www.claret.cat\/es\/wp-json\/wp\/v2\/product"}],"about":[{"href":"https:\/\/www.claret.cat\/es\/wp-json\/wp\/v2\/types\/product"}],"wp:attachment":[{"href":"https:\/\/www.claret.cat\/es\/wp-json\/wp\/v2\/media?parent=363375"}],"wp:term":[{"taxonomy":"product_brand","embeddable":true,"href":"https:\/\/www.claret.cat\/es\/wp-json\/wp\/v2\/product_brand?post=363375"},{"taxonomy":"product_cat","embeddable":true,"href":"https:\/\/www.claret.cat\/es\/wp-json\/wp\/v2\/product_cat?post=363375"},{"taxonomy":"product_tag","embeddable":true,"href":"https:\/\/www.claret.cat\/es\/wp-json\/wp\/v2\/product_tag?post=363375"}],"curies":[{"name":"wp","href":"https:\/\/api.w.org\/{rel}","templated":true}]}}