{"id":36345,"date":"2022-10-02T18:18:01","date_gmt":"2022-10-02T16:18:01","guid":{"rendered":"http:\/\/dev.claret.cat\/producte\/contra-las-herejias-1\/"},"modified":"2025-01-29T17:55:11","modified_gmt":"2025-01-29T16:55:11","slug":"contra-las-herejias-1-9788497155281","status":"publish","type":"product","link":"https:\/\/www.claret.cat\/es\/libro\/contra-las-herejias-1-9788497155281\/","title":{"rendered":"CONTRA LAS HEREJ\u00cdAS 1"},"content":{"rendered":"<p>En el siglo II el cristianismo vivi\u00f3 una de sus crisis m\u00e1s importantes por la aparici\u00f3n de movimientos como el marcionismo y los variad\u00edsimos grupos gn\u00f3sticos, que propon\u00edan una reinterpretaci\u00f3n total del mensaje cristiano a partir de un pensamiento coherente sobre la salvaci\u00f3n, respetuoso de los axiomas que prevalec\u00edan en la filosof\u00eda del momento y que requer\u00eda un largo proceso de iniciaci\u00f3n.<\/p>\n<p> Ireneo de Lyon percibi\u00f3 que al gn\u00f3stico no le interesaba la salvaci\u00f3n del mundo sino liberarse del mundo y del Creador, ni la salvaci\u00f3n de la carne sino liberarse de la carne, ni la fe sino la gnosis. Frente a ello Ireneo levantar\u00e1 una preciosa reflexi\u00f3n, en cinco libros, sobre el Creador y las creaturas, que nunca escapan a las Manos de Dios y necesitan del tiempo y la historia para crecer a imagen y semejanza de Dios.<\/p>\n<p>  Ireneo sac\u00f3 a la luz las ense\u00f1anzas que permanec\u00edan ocultas y refutarlas. No es un heresi\u00f3logo al uso; es un pastor que responde a las inquietudes de los creyentes. El libro I del Contra las herej\u00edas ha resultado de una enorme riqueza para conocer las claves del gnosticismo del siglo II.<\/p>\n","protected":false},"excerpt":{"rendered":"<p>IRENEO DE LYON<\/p>\n","protected":false},"featured_media":387821,"template":"","meta":{"_acf_changed":false,"om_disable_all_campaigns":false,"rs_blank_template":"","rs_page_bg_color":"","slide_template_v7":"","inline_featured_image":false,"_monsterinsights_skip_tracking":false,"_monsterinsights_sitenote_active":false,"_monsterinsights_sitenote_note":"","_monsterinsights_sitenote_category":0},"product_brand":[],"product_cat":[518,277,415,292],"product_tag":[],"class_list":{"0":"post-36345","1":"product","2":"type-product","3":"status-publish","4":"has-post-thumbnail","6":"product_cat-derecho-canonico-en-general","7":"product_cat-dogmatica","8":"product_cat-dogmatica-teologia-1_espiritualidad","9":"product_cat-dret-canonic-en-general","11":"first","12":"instock","13":"taxable","14":"shipping-taxable","15":"purchasable","16":"product-type-simple"},"acf":{"autor":"IRENEO DE LYON","codart":"849715528","libros-coleccion":"Fuentes Patr\u00edsticas","ediciones":"1","encuadernacion":"Carton\u00e9","fecha_de_publicacion":"30\/05\/2022","novedad":"1","paginas":"944","subtitulo":"FUENTES PATR\u00cdSTICAS - 37","orden":"0","portada":"0","idioma":"spa","editorial":[{"ID":6157,"post_author":"3","post_date":"2022-07-28 17:46:07","post_date_gmt":"2022-07-28 15:46:07","post_content":"","post_title":"Ciudad Nueva","post_excerpt":"","post_status":"publish","comment_status":"closed","ping_status":"closed","post_password":"","post_name":"ciudad-nueva","to_ping":"","pinged":"","post_modified":"2022-07-28 17:46:07","post_modified_gmt":"2022-07-28 15:46:07","post_content_filtered":"","post_parent":0,"guid":"http:\/\/dev.claret.cat\/editorial\/ciudad-nueva\/","menu_order":0,"post_type":"editorial","post_mime_type":"","comment_count":"0","filter":"raw"}],"autores-libros":[{"ID":158010,"post_author":"3","post_date":"2022-10-14 15:33:26","post_date_gmt":"2022-10-14 13:33:26","post_content":"","post_title":"IRENEO DE LYON","post_excerpt":"","post_status":"publish","comment_status":"closed","ping_status":"closed","post_password":"","post_name":"ireneo-de-lyon","to_ping":"","pinged":"","post_modified":"2022-10-14 15:33:26","post_modified_gmt":"2022-10-14 13:33:26","post_content_filtered":"","post_parent":0,"guid":"http:\/\/dev.claret.cat\/autor\/ireneo-de-lyon\/","menu_order":0,"post_type":"autor","post_mime_type":"","comment_count":"0","filter":"raw"}]},"aioseo_notices":[],"_links":{"self":[{"href":"https:\/\/www.claret.cat\/es\/wp-json\/wp\/v2\/product\/36345","targetHints":{"allow":["GET"]}}],"collection":[{"href":"https:\/\/www.claret.cat\/es\/wp-json\/wp\/v2\/product"}],"about":[{"href":"https:\/\/www.claret.cat\/es\/wp-json\/wp\/v2\/types\/product"}],"wp:featuredmedia":[{"embeddable":true,"href":"https:\/\/www.claret.cat\/es\/wp-json\/wp\/v2\/media\/387821"}],"wp:attachment":[{"href":"https:\/\/www.claret.cat\/es\/wp-json\/wp\/v2\/media?parent=36345"}],"wp:term":[{"taxonomy":"product_brand","embeddable":true,"href":"https:\/\/www.claret.cat\/es\/wp-json\/wp\/v2\/product_brand?post=36345"},{"taxonomy":"product_cat","embeddable":true,"href":"https:\/\/www.claret.cat\/es\/wp-json\/wp\/v2\/product_cat?post=36345"},{"taxonomy":"product_tag","embeddable":true,"href":"https:\/\/www.claret.cat\/es\/wp-json\/wp\/v2\/product_tag?post=36345"}],"curies":[{"name":"wp","href":"https:\/\/api.w.org\/{rel}","templated":true}]}}