{"id":363474,"date":"2023-01-15T11:58:35","date_gmt":"2023-01-15T10:58:35","guid":{"rendered":"https:\/\/www.claret.cat\/llibre\/homilias-a-los-hechos-de-los-apostoles-1-9788497151955\/"},"modified":"2025-02-28T12:31:07","modified_gmt":"2025-02-28T11:31:07","slug":"homilias-a-los-hechos-de-los-apostoles-1-9788497151955","status":"publish","type":"product","link":"https:\/\/www.claret.cat\/es\/libro\/homilias-a-los-hechos-de-los-apostoles-1-9788497151955\/","title":{"rendered":"HOMIL\u00cdAS A LOS HECHOS DE LOS AP\u00d3STOLES 1"},"content":{"rendered":"<p>Las cincuenta y cinco Homil\u00edas a los Hechos de los Ap\u00f3stoles predicadas por san Juan Cris\u00f3stomo (345-407) en su sede de Constantinopla constituyen el \u00fanico comentario completo a los Hechos que se ha salvado de los diez primeros siglos de predicaci\u00f3n cristiana. San Juan Cris\u00f3stomo pronunci\u00f3 dos series de homil\u00edas sobre los Hechos de los Ap\u00f3stoles. Una primera, compuesta de cuatro homil\u00edas, sobre el comienzo de los Hechos, y otra segunda, integrada por cincuenta y cinco homil\u00edas, sobre la totalidad de las p\u00e1ginas de los Hechos. La primera serie fue predicada durante su estancia en Antioqu\u00eda, mientras que la segunda lo fue en Constantinopla. Esta \u00faltima serie es la que ocupa las presentes p\u00e1ginas.<\/p>\n","protected":false},"excerpt":{"rendered":"<p>CRIS\u00d3STOMO, JUAN<\/p>\n","protected":false},"featured_media":387689,"template":"","meta":{"_acf_changed":false,"om_disable_all_campaigns":false,"rs_blank_template":"","rs_page_bg_color":"","slide_template_v7":"","inline_featured_image":false,"_monsterinsights_skip_tracking":false,"_monsterinsights_sitenote_active":false,"_monsterinsights_sitenote_note":"","_monsterinsights_sitenote_category":0},"product_brand":[],"product_cat":[345,79,346,80],"product_tag":[],"class_list":{"0":"post-363474","1":"product","2":"type-product","3":"status-publish","4":"has-post-thumbnail","6":"product_cat-espiritualidad","7":"product_cat-espiritualitat","8":"product_cat-libros-liturgia","9":"product_cat-liturgia","11":"first","12":"instock","13":"taxable","14":"shipping-taxable","15":"purchasable","16":"product-type-simple"},"acf":{"editorial":[{"ID":6157,"post_author":"3","post_date":"2022-07-28 17:46:07","post_date_gmt":"2022-07-28 15:46:07","post_content":"","post_title":"Ciudad Nueva","post_excerpt":"","post_status":"publish","comment_status":"closed","ping_status":"closed","post_password":"","post_name":"ciudad-nueva","to_ping":"","pinged":"","post_modified":"2022-07-28 17:46:07","post_modified_gmt":"2022-07-28 15:46:07","post_content_filtered":"","post_parent":0,"guid":"http:\/\/dev.claret.cat\/editorial\/ciudad-nueva\/","menu_order":0,"post_type":"editorial","post_mime_type":"","comment_count":"0","filter":"raw"}],"autores-libros":[{"ID":5676,"post_author":"3","post_date":"2022-07-28 17:29:06","post_date_gmt":"2022-07-28 15:29:06","post_content":"","post_title":"JUAN CRIS\u00d3STOMO","post_excerpt":"","post_status":"publish","comment_status":"closed","ping_status":"closed","post_password":"","post_name":"juan-crisostomo","to_ping":"","pinged":"","post_modified":"2022-07-28 17:29:06","post_modified_gmt":"2022-07-28 15:29:06","post_content_filtered":"","post_parent":0,"guid":"http:\/\/dev.claret.cat\/autor\/juan-crisostomo\/","menu_order":0,"post_type":"autor","post_mime_type":"","comment_count":"0","filter":"raw"}],"autor":"CRIS\u00d3STOMO, JUAN","codart":"849715195","libros-coleccion":"Biblioteca de Patr\u00edstica","ediciones":"1","encuadernacion":"R\u00fastica","fecha_de_publicacion":"04\/05\/2010","novedad":"0","paginas":"542","subtitulo":"","orden":"999","portada":"0","idioma":"spa"},"aioseo_notices":[],"_links":{"self":[{"href":"https:\/\/www.claret.cat\/es\/wp-json\/wp\/v2\/product\/363474","targetHints":{"allow":["GET"]}}],"collection":[{"href":"https:\/\/www.claret.cat\/es\/wp-json\/wp\/v2\/product"}],"about":[{"href":"https:\/\/www.claret.cat\/es\/wp-json\/wp\/v2\/types\/product"}],"wp:featuredmedia":[{"embeddable":true,"href":"https:\/\/www.claret.cat\/es\/wp-json\/wp\/v2\/media\/387689"}],"wp:attachment":[{"href":"https:\/\/www.claret.cat\/es\/wp-json\/wp\/v2\/media?parent=363474"}],"wp:term":[{"taxonomy":"product_brand","embeddable":true,"href":"https:\/\/www.claret.cat\/es\/wp-json\/wp\/v2\/product_brand?post=363474"},{"taxonomy":"product_cat","embeddable":true,"href":"https:\/\/www.claret.cat\/es\/wp-json\/wp\/v2\/product_cat?post=363474"},{"taxonomy":"product_tag","embeddable":true,"href":"https:\/\/www.claret.cat\/es\/wp-json\/wp\/v2\/product_tag?post=363474"}],"curies":[{"name":"wp","href":"https:\/\/api.w.org\/{rel}","templated":true}]}}