{"id":363496,"date":"2023-01-15T11:59:46","date_gmt":"2023-01-15T10:59:46","guid":{"rendered":"https:\/\/www.claret.cat\/llibre\/job-antiguo-testamento-7-9788497152150\/"},"modified":"2024-05-22T23:50:07","modified_gmt":"2024-05-22T21:50:07","slug":"job-antiguo-testamento-7-9788497152150","status":"publish","type":"product","link":"https:\/\/www.claret.cat\/es\/libro\/job-antiguo-testamento-7-9788497152150\/","title":{"rendered":"JOB &#8211; ANTIGUO TESTAMENTO &#8211; 7"},"content":{"rendered":"<p>El libro de Job presenta el drama de un hombre justo que es consciente de no merecer las desgracias que sufre. Esta lucha honesta y sincera contra el mal y el silencio de Dios ha intrigado siempre a una gran variedad de lectores. El inter\u00e9s por el libro de Job, sin embargo, no fue grande en las primeras generaciones cristianas. El primer autor del que sabemos con certeza que hizo una interpretaci\u00f3n sistem\u00e1tica del libro de Job es Or\u00edgenes, que escribi\u00f3 un ciclo de 22 homil\u00edas, si bien este texto nos ha llegado s\u00f3lo parcialmente mediante las catenae. Un mayor inter\u00e9s, en cambio, surgi\u00f3 al final del siglo iv y comienzos del v, tanto en Oriente como en Occidente. Los textos que se encuentran en este volumen est\u00e1n tomados de comentarios sistem\u00e1ticos al libro de Job. Entre los autores en lengua griega tenemos a Or\u00edgenes, D\u00eddimo el Ciego, Juliano Arriano, Juan Cris\u00f3stomo, Hesiquio de Jerusal\u00e9n y Olimpiodoro. Entre las fuentes latinas encontramos a Juliano de Eclana, Felipe el Presb\u00edtero y Gregorio Magno. Y entre las sir\u00edacas, a Efr\u00e9n de Nisibi e Iso\u2019dad de Merw.<\/p>\n","protected":false},"excerpt":{"rendered":"<p>SIMONETTI, MANLIO; CONTI, MARCO<\/p>\n","protected":false},"featured_media":387861,"template":"","meta":{"_acf_changed":false,"om_disable_all_campaigns":false,"rs_blank_template":"","rs_page_bg_color":"","slide_template_v7":"","inline_featured_image":false,"_monsterinsights_skip_tracking":false,"_monsterinsights_sitenote_active":false,"_monsterinsights_sitenote_note":"","_monsterinsights_sitenote_category":0},"product_brand":[],"product_cat":[90,540],"product_tag":[],"class_list":{"0":"post-363496","1":"product","2":"type-product","3":"status-publish","4":"has-post-thumbnail","6":"product_cat-altres","7":"product_cat-otros","9":"first","10":"instock","11":"taxable","12":"shipping-taxable","13":"purchasable","14":"product-type-simple"},"acf":{"editorial":[{"ID":6157,"post_author":"3","post_date":"2022-07-28 17:46:07","post_date_gmt":"2022-07-28 15:46:07","post_content":"","post_title":"Ciudad Nueva","post_excerpt":"","post_status":"publish","comment_status":"closed","ping_status":"closed","post_password":"","post_name":"ciudad-nueva","to_ping":"","pinged":"","post_modified":"2022-07-28 17:46:07","post_modified_gmt":"2022-07-28 15:46:07","post_content_filtered":"","post_parent":0,"guid":"http:\/\/dev.claret.cat\/editorial\/ciudad-nueva\/","menu_order":0,"post_type":"editorial","post_mime_type":"","comment_count":"0","filter":"raw"}],"autores-libros":[{"ID":163096,"post_author":"3","post_date":"2022-10-14 17:36:17","post_date_gmt":"2022-10-14 15:36:17","post_content":"","post_title":"MANLIO SIMONETTI","post_excerpt":"","post_status":"publish","comment_status":"closed","ping_status":"closed","post_password":"","post_name":"manlio-simonetti","to_ping":"","pinged":"","post_modified":"2022-10-14 17:36:17","post_modified_gmt":"2022-10-14 15:36:17","post_content_filtered":"","post_parent":0,"guid":"http:\/\/dev.claret.cat\/autor\/manlio-simonetti\/","menu_order":0,"post_type":"autor","post_mime_type":"","comment_count":"0","filter":"raw"},{"ID":363495,"post_author":"3","post_date":"2023-01-15 11:59:43","post_date_gmt":"2023-01-15 10:59:43","post_content":"","post_title":"MARCO CONTI","post_excerpt":"","post_status":"publish","comment_status":"closed","ping_status":"closed","post_password":"","post_name":"marco-conti","to_ping":"","pinged":"","post_modified":"2023-01-15 11:59:43","post_modified_gmt":"2023-01-15 10:59:43","post_content_filtered":"","post_parent":0,"guid":"https:\/\/www.claret.cat\/autor\/marco-conti\/","menu_order":0,"post_type":"autor","post_mime_type":"","comment_count":"0","filter":"raw"}],"autor":"SIMONETTI, MANLIO; CONTI, MARCO","codart":"849715215","libros-coleccion":"","ediciones":"1","encuadernacion":"Carton\u00e9","fecha_de_publicacion":"04\/01\/2011","novedad":"0","paginas":"318","subtitulo":"LA BIBLIA COMENTADA POR LOS PADRES DE LA IGLESIA","orden":"999","portada":"0","idioma":"spa"},"aioseo_notices":[],"_links":{"self":[{"href":"https:\/\/www.claret.cat\/es\/wp-json\/wp\/v2\/product\/363496","targetHints":{"allow":["GET"]}}],"collection":[{"href":"https:\/\/www.claret.cat\/es\/wp-json\/wp\/v2\/product"}],"about":[{"href":"https:\/\/www.claret.cat\/es\/wp-json\/wp\/v2\/types\/product"}],"wp:featuredmedia":[{"embeddable":true,"href":"https:\/\/www.claret.cat\/es\/wp-json\/wp\/v2\/media\/387861"}],"wp:attachment":[{"href":"https:\/\/www.claret.cat\/es\/wp-json\/wp\/v2\/media?parent=363496"}],"wp:term":[{"taxonomy":"product_brand","embeddable":true,"href":"https:\/\/www.claret.cat\/es\/wp-json\/wp\/v2\/product_brand?post=363496"},{"taxonomy":"product_cat","embeddable":true,"href":"https:\/\/www.claret.cat\/es\/wp-json\/wp\/v2\/product_cat?post=363496"},{"taxonomy":"product_tag","embeddable":true,"href":"https:\/\/www.claret.cat\/es\/wp-json\/wp\/v2\/product_tag?post=363496"}],"curies":[{"name":"wp","href":"https:\/\/api.w.org\/{rel}","templated":true}]}}