{"id":363589,"date":"2023-01-15T12:08:18","date_gmt":"2023-01-15T11:08:18","guid":{"rendered":"https:\/\/www.claret.cat\/llibre\/extractos-de-teodoto-eclogas-profeticas-que-rico-se-salva-fragmentos-9788497152174\/"},"modified":"2025-09-15T17:26:37","modified_gmt":"2025-09-15T15:26:37","slug":"extractos-de-teodoto-eclogas-profeticas-que-rico-se-salva-fragmentos-9788497152174","status":"publish","type":"product","link":"https:\/\/www.claret.cat\/es\/libro\/extractos-de-teodoto-eclogas-profeticas-que-rico-se-salva-fragmentos-9788497152174\/","title":{"rendered":"EXTRACTOS DE TE\u00d3DOTO. \u00c9CLOGAS PROF\u00c9TICAS \u00bfQU\u00c9 RICO SE SALVA? FRAGMENTOS"},"content":{"rendered":"","protected":false},"excerpt":{"rendered":"<p>CLEMENTE DE ALEJANDR\u00cdA<\/p>\n","protected":false},"featured_media":0,"template":"","meta":{"_acf_changed":false,"om_disable_all_campaigns":false,"rs_blank_template":"","rs_page_bg_color":"","slide_template_v7":"","inline_featured_image":false,"_monsterinsights_skip_tracking":false,"_monsterinsights_sitenote_active":false,"_monsterinsights_sitenote_note":"","_monsterinsights_sitenote_category":0},"product_brand":[],"product_cat":[90,540],"product_tag":[],"class_list":{"0":"post-363589","1":"product","2":"type-product","3":"status-publish","5":"product_cat-altres","6":"product_cat-otros","8":"first","9":"instock","10":"taxable","11":"shipping-taxable","12":"purchasable","13":"product-type-simple"},"acf":{"editorial":[{"ID":6157,"post_author":"3","post_date":"2022-07-28 17:46:07","post_date_gmt":"2022-07-28 15:46:07","post_content":"","post_title":"Ciudad Nueva","post_excerpt":"","post_status":"publish","comment_status":"closed","ping_status":"closed","post_password":"","post_name":"ciudad-nueva","to_ping":"","pinged":"","post_modified":"2022-07-28 17:46:07","post_modified_gmt":"2022-07-28 15:46:07","post_content_filtered":"","post_parent":0,"guid":"http:\/\/dev.claret.cat\/editorial\/ciudad-nueva\/","menu_order":0,"post_type":"editorial","post_mime_type":"","comment_count":"0","filter":"raw"}],"autores-libros":[{"ID":163387,"post_author":"3","post_date":"2022-10-14 17:38:37","post_date_gmt":"2022-10-14 15:38:37","post_content":"","post_title":"MARCELO MERINO RODR\u00cdGUEZ","post_excerpt":"","post_status":"publish","comment_status":"closed","ping_status":"closed","post_password":"","post_name":"marcelo-merino-rodriguez","to_ping":"","pinged":"","post_modified":"2022-10-14 17:38:37","post_modified_gmt":"2022-10-14 15:38:37","post_content_filtered":"","post_parent":0,"guid":"http:\/\/dev.claret.cat\/autor\/marcelo-merino-rodriguez\/","menu_order":0,"post_type":"autor","post_mime_type":"","comment_count":"0","filter":"raw"}],"autor":"CLEMENTE DE ALEJANDR\u00cdA","codart":"849715217","libros-coleccion":"Fuentes Patr\u00edsticas","ediciones":"1","encuadernacion":"Carton\u00e9","fecha_de_publicacion":"24\/01\/2011","novedad":"0","paginas":"464","subtitulo":"","orden":"999","portada":"0","idioma":"spa","booktrailer":"","resenas":""},"aioseo_notices":[],"_links":{"self":[{"href":"https:\/\/www.claret.cat\/es\/wp-json\/wp\/v2\/product\/363589","targetHints":{"allow":["GET"]}}],"collection":[{"href":"https:\/\/www.claret.cat\/es\/wp-json\/wp\/v2\/product"}],"about":[{"href":"https:\/\/www.claret.cat\/es\/wp-json\/wp\/v2\/types\/product"}],"wp:attachment":[{"href":"https:\/\/www.claret.cat\/es\/wp-json\/wp\/v2\/media?parent=363589"}],"wp:term":[{"taxonomy":"product_brand","embeddable":true,"href":"https:\/\/www.claret.cat\/es\/wp-json\/wp\/v2\/product_brand?post=363589"},{"taxonomy":"product_cat","embeddable":true,"href":"https:\/\/www.claret.cat\/es\/wp-json\/wp\/v2\/product_cat?post=363589"},{"taxonomy":"product_tag","embeddable":true,"href":"https:\/\/www.claret.cat\/es\/wp-json\/wp\/v2\/product_tag?post=363589"}],"curies":[{"name":"wp","href":"https:\/\/api.w.org\/{rel}","templated":true}]}}