{"id":363633,"date":"2023-01-15T12:12:03","date_gmt":"2023-01-15T11:12:03","guid":{"rendered":"https:\/\/www.claret.cat\/llibre\/la-prensa-anticlerical-en-las-cortes-de-cadiz-9788497152648\/"},"modified":"2024-05-22T23:39:19","modified_gmt":"2024-05-22T21:39:19","slug":"la-prensa-anticlerical-en-las-cortes-de-cadiz-9788497152648","status":"publish","type":"product","link":"https:\/\/www.claret.cat\/es\/libro\/la-prensa-anticlerical-en-las-cortes-de-cadiz-9788497152648\/","title":{"rendered":"LA PRENSA ANTICLERICAL EN LAS CORTES DE C\u00c1DIZ"},"content":{"rendered":"<p>En plena celebraci\u00f3n del bicentenario de las Cortes de C\u00e1diz, parece oportuno publicar en colaboraci\u00f3n con la Fundaci\u00f3n Cr\u00f3nica Blanca este estudio sobre un fen\u00f3meno period\u00edstico sin precedentes en Espa\u00f1a:<br \/>la proliferaci\u00f3n de peque\u00f1os peri\u00f3dicos en torno a diversas tendencias y sensibilidades ideol\u00f3gicas, caracterizados muchos de ellos por una lectura entre beligerante y sarc\u00e1stica de las sesiones de las Cortes.<br \/>El autor nos lleva a descubrir los or\u00edgenes en Espa\u00f1a del periodismo anticlerical de corte sarc\u00e1stico, que acompa\u00f1ar\u00e1 desde entonces el desarrollo de la informaci\u00f3n (y desinformaci\u00f3n) religiosa.<br \/>Del pr\u00f3logo de Mons. Rafael Zornoza, obispo de C\u00e1diz y Ceuta: \u00abTenemos una oportunidad para reflexionar con esta obra sobre el uso de la libertad de expresi\u00f3n y sus l\u00edmites, el honor de los ciudadanos y en especial de la libertad religiosa [\u2026]. Son muchos los que buscan superar muchas de estas cuestiones con un periodismo de excelencia, capaz de generar una convivencia positiva y de di\u00e1logo respetuoso con la persona y sus derechos, as\u00ed como con las instituciones\u2026\u00bb.<\/p>\n","protected":false},"excerpt":{"rendered":"<p>BRU, MANUEL MAR\u00cdA<\/p>\n","protected":false},"featured_media":388169,"template":"","meta":{"_acf_changed":false,"om_disable_all_campaigns":false,"rs_blank_template":"","rs_page_bg_color":"","slide_template_v7":"","inline_featured_image":false,"_monsterinsights_skip_tracking":false,"_monsterinsights_sitenote_active":false,"_monsterinsights_sitenote_note":"","_monsterinsights_sitenote_category":0},"product_brand":[],"product_cat":[90,540],"product_tag":[],"class_list":{"0":"post-363633","1":"product","2":"type-product","3":"status-publish","4":"has-post-thumbnail","6":"product_cat-altres","7":"product_cat-otros","9":"first","10":"instock","11":"taxable","12":"shipping-taxable","13":"purchasable","14":"product-type-simple"},"acf":{"editorial":[{"ID":6157,"post_author":"3","post_date":"2022-07-28 17:46:07","post_date_gmt":"2022-07-28 15:46:07","post_content":"","post_title":"Ciudad Nueva","post_excerpt":"","post_status":"publish","comment_status":"closed","ping_status":"closed","post_password":"","post_name":"ciudad-nueva","to_ping":"","pinged":"","post_modified":"2022-07-28 17:46:07","post_modified_gmt":"2022-07-28 15:46:07","post_content_filtered":"","post_parent":0,"guid":"http:\/\/dev.claret.cat\/editorial\/ciudad-nueva\/","menu_order":0,"post_type":"editorial","post_mime_type":"","comment_count":"0","filter":"raw"}],"autores-libros":[{"ID":163184,"post_author":"3","post_date":"2022-10-14 17:37:00","post_date_gmt":"2022-10-14 15:37:00","post_content":"","post_title":"MANUEL MAR\u00cdA BRU","post_excerpt":"","post_status":"publish","comment_status":"closed","ping_status":"closed","post_password":"","post_name":"manuel-maria-bru","to_ping":"","pinged":"","post_modified":"2022-10-14 17:37:00","post_modified_gmt":"2022-10-14 15:37:00","post_content_filtered":"","post_parent":0,"guid":"http:\/\/dev.claret.cat\/autor\/manuel-maria-bru\/","menu_order":0,"post_type":"autor","post_mime_type":"","comment_count":"0","filter":"raw"}],"autor":"BRU, MANUEL MAR\u00cdA","codart":"849715264","libros-coleccion":"","ediciones":"1","encuadernacion":"R\u00fastica","fecha_de_publicacion":"21\/11\/2012","novedad":"0","paginas":"190","subtitulo":"ANTECEDENTES DE UN G\u00c9NERO DESINFORMATIVO","orden":"999","portada":"0","idioma":"spa"},"aioseo_notices":[],"_links":{"self":[{"href":"https:\/\/www.claret.cat\/es\/wp-json\/wp\/v2\/product\/363633","targetHints":{"allow":["GET"]}}],"collection":[{"href":"https:\/\/www.claret.cat\/es\/wp-json\/wp\/v2\/product"}],"about":[{"href":"https:\/\/www.claret.cat\/es\/wp-json\/wp\/v2\/types\/product"}],"wp:featuredmedia":[{"embeddable":true,"href":"https:\/\/www.claret.cat\/es\/wp-json\/wp\/v2\/media\/388169"}],"wp:attachment":[{"href":"https:\/\/www.claret.cat\/es\/wp-json\/wp\/v2\/media?parent=363633"}],"wp:term":[{"taxonomy":"product_brand","embeddable":true,"href":"https:\/\/www.claret.cat\/es\/wp-json\/wp\/v2\/product_brand?post=363633"},{"taxonomy":"product_cat","embeddable":true,"href":"https:\/\/www.claret.cat\/es\/wp-json\/wp\/v2\/product_cat?post=363633"},{"taxonomy":"product_tag","embeddable":true,"href":"https:\/\/www.claret.cat\/es\/wp-json\/wp\/v2\/product_tag?post=363633"}],"curies":[{"name":"wp","href":"https:\/\/api.w.org\/{rel}","templated":true}]}}