{"id":363703,"date":"2023-01-15T12:21:59","date_gmt":"2023-01-15T11:21:59","guid":{"rendered":"https:\/\/www.claret.cat\/llibre\/una-comunicacion-al-servicio-del-hombre-9788497152846\/"},"modified":"2024-05-22T23:36:09","modified_gmt":"2024-05-22T21:36:09","slug":"una-comunicacion-al-servicio-del-hombre-9788497152846","status":"publish","type":"product","link":"https:\/\/www.claret.cat\/es\/libro\/una-comunicacion-al-servicio-del-hombre-9788497152846\/","title":{"rendered":"UNA COMUNICACI\u00d3N AL SERVICIO DEL HOMBRE"},"content":{"rendered":"<p>Este manual, sin pretender abordar de un modo sistem\u00e1tico el estudio de la \u00e9tica de la comunicaci\u00f3n, propone cinco itinerarios independientes y a la vez confluyentes para una reflexi\u00f3n \u00e9tica sobre las comunicaciones sociales.<br \/>En el primero, el autor recuerda que sin \u00e9tica no hay hombre ni comunicaci\u00f3n humana.<br \/>En el segundo recorre los principales legados del pensamiento \u00e9tico contempor\u00e1neo y su aplicaci\u00f3n a una \u00e9tica de las comunicaciones sociales. <br \/>En el tercero recoge las principales aportaciones de los pensadores humanistas cristianos a la \u00e9tica de la comunicaci\u00f3n social. <br \/>En el cuarto sintetiza el magisterio de la Iglesia desde Le\u00f3n XIII a Francisco.<br \/>Y en el quinto propone las v\u00edas hacia una nueva cultura de la comunicaci\u00f3n partiendo de la cultura de la unidad. <br \/>Ojal\u00e1 estas p\u00e1ginas animen al lector a encontrar preguntas y respuestas capaces de suscitar inspiraci\u00f3n, inquietud y anhelo por una nueva manera de entender y vivir la comunicaci\u00f3n social que tiene que ver con el \u00abque todos sean uno\u00bb (Jn 17, 21) que el coraz\u00f3n de Dios sue\u00f1a para toda la humanidad, salvada y no condenada a una comunicaci\u00f3n global.<\/p>\n","protected":false},"excerpt":{"rendered":"<p>BRU, MANUEL MAR\u00cdA<\/p>\n","protected":false},"featured_media":388171,"template":"","meta":{"_acf_changed":false,"om_disable_all_campaigns":false,"rs_blank_template":"","rs_page_bg_color":"","slide_template_v7":"","inline_featured_image":false,"_monsterinsights_skip_tracking":false,"_monsterinsights_sitenote_active":false,"_monsterinsights_sitenote_note":"","_monsterinsights_sitenote_category":0},"product_brand":[],"product_cat":[90,540],"product_tag":[],"class_list":{"0":"post-363703","1":"product","2":"type-product","3":"status-publish","4":"has-post-thumbnail","6":"product_cat-altres","7":"product_cat-otros","9":"first","10":"instock","11":"taxable","12":"shipping-taxable","13":"purchasable","14":"product-type-simple"},"acf":{"editorial":[{"ID":6157,"post_author":"3","post_date":"2022-07-28 17:46:07","post_date_gmt":"2022-07-28 15:46:07","post_content":"","post_title":"Ciudad Nueva","post_excerpt":"","post_status":"publish","comment_status":"closed","ping_status":"closed","post_password":"","post_name":"ciudad-nueva","to_ping":"","pinged":"","post_modified":"2022-07-28 17:46:07","post_modified_gmt":"2022-07-28 15:46:07","post_content_filtered":"","post_parent":0,"guid":"http:\/\/dev.claret.cat\/editorial\/ciudad-nueva\/","menu_order":0,"post_type":"editorial","post_mime_type":"","comment_count":"0","filter":"raw"}],"autores-libros":[{"ID":163184,"post_author":"3","post_date":"2022-10-14 17:37:00","post_date_gmt":"2022-10-14 15:37:00","post_content":"","post_title":"MANUEL MAR\u00cdA BRU","post_excerpt":"","post_status":"publish","comment_status":"closed","ping_status":"closed","post_password":"","post_name":"manuel-maria-bru","to_ping":"","pinged":"","post_modified":"2022-10-14 17:37:00","post_modified_gmt":"2022-10-14 15:37:00","post_content_filtered":"","post_parent":0,"guid":"http:\/\/dev.claret.cat\/autor\/manuel-maria-bru\/","menu_order":0,"post_type":"autor","post_mime_type":"","comment_count":"0","filter":"raw"}],"autor":"BRU, MANUEL MAR\u00cdA","codart":"849715284","libros-coleccion":"","ediciones":"1","encuadernacion":"R\u00fastica","fecha_de_publicacion":"08\/10\/2013","novedad":"0","paginas":"200","subtitulo":"ITINERARIOS `PARA UNA \u00c9TICA EN LAS COMUNICACIONES SOCIALES","orden":"999","portada":"0","idioma":"spa"},"aioseo_notices":[],"_links":{"self":[{"href":"https:\/\/www.claret.cat\/es\/wp-json\/wp\/v2\/product\/363703","targetHints":{"allow":["GET"]}}],"collection":[{"href":"https:\/\/www.claret.cat\/es\/wp-json\/wp\/v2\/product"}],"about":[{"href":"https:\/\/www.claret.cat\/es\/wp-json\/wp\/v2\/types\/product"}],"wp:featuredmedia":[{"embeddable":true,"href":"https:\/\/www.claret.cat\/es\/wp-json\/wp\/v2\/media\/388171"}],"wp:attachment":[{"href":"https:\/\/www.claret.cat\/es\/wp-json\/wp\/v2\/media?parent=363703"}],"wp:term":[{"taxonomy":"product_brand","embeddable":true,"href":"https:\/\/www.claret.cat\/es\/wp-json\/wp\/v2\/product_brand?post=363703"},{"taxonomy":"product_cat","embeddable":true,"href":"https:\/\/www.claret.cat\/es\/wp-json\/wp\/v2\/product_cat?post=363703"},{"taxonomy":"product_tag","embeddable":true,"href":"https:\/\/www.claret.cat\/es\/wp-json\/wp\/v2\/product_tag?post=363703"}],"curies":[{"name":"wp","href":"https:\/\/api.w.org\/{rel}","templated":true}]}}