{"id":363813,"date":"2023-01-15T12:40:59","date_gmt":"2023-01-15T11:40:59","guid":{"rendered":"https:\/\/www.claret.cat\/llibre\/gaudi-el-hombre-el-artista-el-cristiano-9788497153041\/"},"modified":"2025-04-29T11:25:30","modified_gmt":"2025-04-29T09:25:30","slug":"gaudi-el-hombre-el-artista-el-cristiano-9788497153041","status":"publish","type":"product","link":"https:\/\/www.claret.cat\/es\/libro\/gaudi-el-hombre-el-artista-el-cristiano-9788497153041\/","title":{"rendered":"GAUD\u00cd, EL HOMBRE, EL ARTISTA, EL CRISTIANO"},"content":{"rendered":"<p>El 3 de noviembre de 1883, un joven arquitecto llamado Antoni Gaud\u00ed se hac\u00eda cargo de las obras, apenas iniciadas, del templo de la Sagrada Familia. Se han cumplido 130 a\u00f1os de aquella fecha. Estas p\u00e1ginas ofrecen una visi\u00f3n renovada de la bas\u00edlica de la Sagrada F amilia de Barcelona y de Antoni Gaud\u00ed, el arquitecto innovador que dise\u00f1\u00f3 esta catedral del siglo XXI -todav\u00eda inacabada- que suscit a admiraci\u00f3n en todo el mundo. El autor del libro fue el art\u00edfice de la dedicaci\u00f3n de este templo, ceremonia que celebr\u00f3 el papa Ben edicto XVI en la Ciudad Condal el 7 de noviembre de 2010.<\/p>\n","protected":false},"excerpt":{"rendered":"<p>MART\u00cdNEZ SISTACH, LLU\u00cdS, CARDENAL<\/p>\n","protected":false},"featured_media":1019336,"template":"","meta":{"_acf_changed":false,"om_disable_all_campaigns":false,"rs_blank_template":"","rs_page_bg_color":"","slide_template_v7":"","inline_featured_image":false,"_monsterinsights_skip_tracking":false,"_monsterinsights_sitenote_active":false,"_monsterinsights_sitenote_note":"","_monsterinsights_sitenote_category":0},"product_brand":[],"product_cat":[90,540],"product_tag":[],"class_list":{"0":"post-363813","1":"product","2":"type-product","3":"status-publish","4":"has-post-thumbnail","6":"product_cat-altres","7":"product_cat-otros","9":"first","10":"instock","11":"taxable","12":"shipping-taxable","13":"purchasable","14":"product-type-simple"},"acf":{"editorial":[{"ID":6157,"post_author":"3","post_date":"2022-07-28 17:46:07","post_date_gmt":"2022-07-28 15:46:07","post_content":"","post_title":"Ciudad Nueva","post_excerpt":"","post_status":"publish","comment_status":"closed","ping_status":"closed","post_password":"","post_name":"ciudad-nueva","to_ping":"","pinged":"","post_modified":"2022-07-28 17:46:07","post_modified_gmt":"2022-07-28 15:46:07","post_content_filtered":"","post_parent":0,"guid":"http:\/\/dev.claret.cat\/editorial\/ciudad-nueva\/","menu_order":0,"post_type":"editorial","post_mime_type":"","comment_count":"0","filter":"raw"}],"autores-libros":[{"ID":5735,"post_author":"3","post_date":"2022-07-28 17:30:20","post_date_gmt":"2022-07-28 15:30:20","post_content":"<span class=\"fontstyle0\">Llu\u00eds Mart\u00ednez Sistach va ser ordenat sacerdot el 1961. Es va doctorar el 1967 en dret civil i can\u00f2nic. El 1987 va ser consagrat bisbe titular d\u2019Algesires i auxiliar de Barcelona. El 1991 va ser nomenat bisbe de Tortosa. El 2004 va ser nomenat Arquebisbe Metropolit\u00e0 de Barcelona. El 2007 el papa Benet XVI el va nomenar cardenal. El 2013 va participar al Conclave que va escollir el cardenal Jorge Mario Bergoglio com a Papa. El papa Francesc, el 2015, va fer efectiva la seva ren\u00fancia al capdavant de l\u2019arquebisbat de Barcelona.<\/span>","post_title":"LLU\u00cdS MART\u00cdNEZ SISTACH","post_excerpt":"","post_status":"publish","comment_status":"closed","ping_status":"closed","post_password":"","post_name":"lluis-martinez-sistach","to_ping":"","pinged":"","post_modified":"2025-05-29 17:23:33","post_modified_gmt":"2025-05-29 15:23:33","post_content_filtered":"","post_parent":0,"guid":"http:\/\/dev.claret.cat\/autor\/lluis-martinez-sistach\/","menu_order":0,"post_type":"autor","post_mime_type":"","comment_count":"0","filter":"raw"}],"autor":"MART\u00cdNEZ SISTACH, LLU\u00cdS, CARDENAL","codart":"849715304","libros-coleccion":"","ediciones":"2","encuadernacion":"R\u00fastica","fecha_de_publicacion":"02\/09\/2019","novedad":"0","paginas":"144","subtitulo":"EL HOMBRE, EL ARTISTA, EL CRISTIANO","orden":"0","portada":"0","idioma":"spa","booktrailer":"","resenas":""},"aioseo_notices":[],"_links":{"self":[{"href":"https:\/\/www.claret.cat\/es\/wp-json\/wp\/v2\/product\/363813","targetHints":{"allow":["GET"]}}],"collection":[{"href":"https:\/\/www.claret.cat\/es\/wp-json\/wp\/v2\/product"}],"about":[{"href":"https:\/\/www.claret.cat\/es\/wp-json\/wp\/v2\/types\/product"}],"wp:featuredmedia":[{"embeddable":true,"href":"https:\/\/www.claret.cat\/es\/wp-json\/wp\/v2\/media\/1019336"}],"wp:attachment":[{"href":"https:\/\/www.claret.cat\/es\/wp-json\/wp\/v2\/media?parent=363813"}],"wp:term":[{"taxonomy":"product_brand","embeddable":true,"href":"https:\/\/www.claret.cat\/es\/wp-json\/wp\/v2\/product_brand?post=363813"},{"taxonomy":"product_cat","embeddable":true,"href":"https:\/\/www.claret.cat\/es\/wp-json\/wp\/v2\/product_cat?post=363813"},{"taxonomy":"product_tag","embeddable":true,"href":"https:\/\/www.claret.cat\/es\/wp-json\/wp\/v2\/product_tag?post=363813"}],"curies":[{"name":"wp","href":"https:\/\/api.w.org\/{rel}","templated":true}]}}