{"id":363815,"date":"2023-01-15T12:41:12","date_gmt":"2023-01-15T11:41:12","guid":{"rendered":"https:\/\/www.claret.cat\/llibre\/la-gran-catequesis-9788497153072\/"},"modified":"2025-09-30T14:55:31","modified_gmt":"2025-09-30T12:55:31","slug":"la-gran-catequesis-9788497153072","status":"publish","type":"product","link":"https:\/\/www.claret.cat\/es\/libro\/la-gran-catequesis-9788497153072\/","title":{"rendered":"LA GRAN CATEQUESIS"},"content":{"rendered":"<p>3\u00aa edici\u00f3n, 2\u00aa impresi\u00f3n<\/p>\n<p> ojear en google libros<\/p>\n<p> La &#8216;Oratio catechetica magna&#8217; de Gregorio de Nisa, escrita hacia el a\u00f1o 386, que ahora aparece en lengua castellana, es una de las s\u00edntesis m\u00e1s exactas de la dogm\u00e1tica cristiana de los primeros siglos. Tiene una originalidad propia. Mientras que las dem\u00e1s s\u00edntesis de este tipo (dejando a un lado la &#8216;De catechizandis rudibus&#8217;, de san Agust\u00edn) estaban dirigidas, en la mayor\u00eda de los casos, a la ense\u00f1anza de los catec\u00famenos en las principales verdades de la fe, con vistas al bautismo, y se dirig\u00edan directamente a los iniciados y a los fieles para instruirles sobre los fundamentos de la doctrina evang\u00e9lica, la &#8216;Oratio catechetica magna&#8217; est\u00e1 dirigida a los &#8216;dirigentes eclesi\u00e1sticos&#8217;, a los maestros o &#8216;catequistas&#8217;, que en la Iglesia ten\u00edan la misi\u00f3n de promover en los creyentes una adecuada formaci\u00f3n sobre el patrimonio doctrinal de la tradici\u00f3n apost\u00f3lica teniendo en cuenta las tendencias her\u00e9ticas en el interior del cristianismo y las dificultades que proven\u00edan del ambiente pagano o jud\u00edo.<br \/> Gregorio teje una magistral s\u00edntesis teol\u00f3gica adaptada a las instancias fundamentales de su \u00e9poca, respondiendo, sin el menor tono pol\u00e9mico, a las objeciones que se le hac\u00edan a la fe cristiana.<br \/> As\u00ed pues, trata los grandes temas de la dogm\u00e1tica: el misterio trinitario, la creaci\u00f3n del hombre, el origen y naturaleza del mal, la encarnaci\u00f3n del Verbo, la redenci\u00f3n del hombre, los sacramentos del bautismo y de la Eucarist\u00eda, la necesidad de la fe y de la conversi\u00f3n interior, para concluir con los fines \u00faltimos del hombre.<\/p>\n","protected":false},"excerpt":{"rendered":"<p>GREGORIO DE NISA<\/p>\n","protected":false},"featured_media":1056273,"template":"","meta":{"_acf_changed":false,"om_disable_all_campaigns":false,"rs_blank_template":"","rs_page_bg_color":"","slide_template_v7":"","inline_featured_image":false,"_monsterinsights_skip_tracking":false,"_monsterinsights_sitenote_active":false,"_monsterinsights_sitenote_note":"","_monsterinsights_sitenote_category":0},"product_brand":[],"product_cat":[543,93,510,280,342,76],"product_tag":[],"class_list":{"0":"post-363815","1":"product","2":"type-product","3":"status-publish","4":"has-post-thumbnail","6":"product_cat-eclesiologia-es","7":"product_cat-eclesiologia","8":"product_cat-patrologia-teologia-1_espiritualidad","9":"product_cat-patrologia","10":"product_cat-teologia-1_espiritualidad","11":"product_cat-teologia","13":"first","14":"outofstock","15":"taxable","16":"shipping-taxable","17":"purchasable","18":"product-type-simple"},"acf":{"editorial":[{"ID":6157,"post_author":"3","post_date":"2022-07-28 17:46:07","post_date_gmt":"2022-07-28 15:46:07","post_content":"","post_title":"Ciudad Nueva","post_excerpt":"","post_status":"publish","comment_status":"closed","ping_status":"closed","post_password":"","post_name":"ciudad-nueva","to_ping":"","pinged":"","post_modified":"2022-07-28 17:46:07","post_modified_gmt":"2022-07-28 15:46:07","post_content_filtered":"","post_parent":0,"guid":"http:\/\/dev.claret.cat\/editorial\/ciudad-nueva\/","menu_order":0,"post_type":"editorial","post_mime_type":"","comment_count":"0","filter":"raw"}],"autores-libros":[{"ID":157127,"post_author":"3","post_date":"2022-10-14 15:26:20","post_date_gmt":"2022-10-14 13:26:20","post_content":"","post_title":"GREGORIO DE NISA","post_excerpt":"","post_status":"publish","comment_status":"closed","ping_status":"closed","post_password":"","post_name":"gregorio-de-nisa","to_ping":"","pinged":"","post_modified":"2022-10-14 15:26:20","post_modified_gmt":"2022-10-14 13:26:20","post_content_filtered":"","post_parent":0,"guid":"http:\/\/dev.claret.cat\/autor\/gregorio-de-nisa\/","menu_order":0,"post_type":"autor","post_mime_type":"","comment_count":"0","filter":"raw"}],"autor":"GREGORIO DE NISA","codart":"849715307","libros-coleccion":"Biblioteca de Patr\u00edstica","ediciones":"3","encuadernacion":"R\u00fastica","fecha_de_publicacion":"01\/07\/2014","novedad":"0","paginas":"162","subtitulo":"","orden":"999","portada":"0","idioma":"spa","booktrailer":"","resenas":""},"aioseo_notices":[],"_links":{"self":[{"href":"https:\/\/www.claret.cat\/es\/wp-json\/wp\/v2\/product\/363815","targetHints":{"allow":["GET"]}}],"collection":[{"href":"https:\/\/www.claret.cat\/es\/wp-json\/wp\/v2\/product"}],"about":[{"href":"https:\/\/www.claret.cat\/es\/wp-json\/wp\/v2\/types\/product"}],"wp:featuredmedia":[{"embeddable":true,"href":"https:\/\/www.claret.cat\/es\/wp-json\/wp\/v2\/media\/1056273"}],"wp:attachment":[{"href":"https:\/\/www.claret.cat\/es\/wp-json\/wp\/v2\/media?parent=363815"}],"wp:term":[{"taxonomy":"product_brand","embeddable":true,"href":"https:\/\/www.claret.cat\/es\/wp-json\/wp\/v2\/product_brand?post=363815"},{"taxonomy":"product_cat","embeddable":true,"href":"https:\/\/www.claret.cat\/es\/wp-json\/wp\/v2\/product_cat?post=363815"},{"taxonomy":"product_tag","embeddable":true,"href":"https:\/\/www.claret.cat\/es\/wp-json\/wp\/v2\/product_tag?post=363815"}],"curies":[{"name":"wp","href":"https:\/\/api.w.org\/{rel}","templated":true}]}}