{"id":363830,"date":"2023-01-15T12:46:05","date_gmt":"2023-01-15T11:46:05","guid":{"rendered":"https:\/\/www.claret.cat\/llibre\/15-dias-con-faustina-kowalska-9788497153416\/"},"modified":"2024-05-22T23:28:08","modified_gmt":"2024-05-22T21:28:08","slug":"15-dias-con-faustina-kowalska-9788497153416","status":"publish","type":"product","link":"https:\/\/www.claret.cat\/es\/libro\/15-dias-con-faustina-kowalska-9788497153416\/","title":{"rendered":"15 D\u00cdAS CON FAUSTINA KOWALSKA"},"content":{"rendered":"<p>La santa de la misericordia<\/p>\n<p>\u00abHoy tengo la inmensa alegr\u00eda de proponer a toda la Iglesia la vida y el testimonio de sor Faustina Kowalska \u2013dijo Juan Pablo II en su canonizaci\u00f3n\u2013. La divina Providencia uni\u00f3 completamente la vida de esta humilde hija de Polonia a la historia del siglo xx entre la primera y la segunda guerra mundial\u2026 \u201cHija m\u00eda, di que soy el Amor y la Misericordia en persona\u201d, le pidi\u00f3 Jes\u00fas. \u00bfAcaso no es la misericordia un segundo nombre del amor?<\/p>\n<p> \u00bbEn este amor debe inspirarse hoy la humanidad para afrontar la crisis de sentido y salvaguardar la dignidad de toda persona humana\u2026 Este mensaje consolador se dirige sobre todo a quienes, afligidos por la prueba o abrumados por el pecado, han perdido la confianza y han sentido la tentaci\u00f3n de caer en la desesperaci\u00f3n. A ellos se presenta el rostro dulce de Cristo y hasta ellos llegan los rayos de luz que parten de su coraz\u00f3n e iluminan, calientan, se\u00f1alan el camino e infunden esperanza\u00bb.<\/p>\n","protected":false},"excerpt":{"rendered":"<p>CHOCHOLSKI, PATRICE<\/p>\n","protected":false},"featured_media":387715,"template":"","meta":{"_acf_changed":false,"om_disable_all_campaigns":false,"rs_blank_template":"","rs_page_bg_color":"","slide_template_v7":"","inline_featured_image":false,"_monsterinsights_skip_tracking":false,"_monsterinsights_sitenote_active":false,"_monsterinsights_sitenote_note":"","_monsterinsights_sitenote_category":0},"product_brand":[],"product_cat":[543,93,345,79,95,545,542,92],"product_tag":[],"class_list":{"0":"post-363830","1":"product","2":"type-product","3":"status-publish","4":"has-post-thumbnail","6":"product_cat-eclesiologia-es","7":"product_cat-eclesiologia","8":"product_cat-espiritualidad","9":"product_cat-espiritualitat","10":"product_cat-santoral","11":"product_cat-santoral-1_espiritualidad-spa","12":"product_cat-vida-religiosa-1_espiritualidad-spa","13":"product_cat-vida-religiosa","15":"first","16":"instock","17":"taxable","18":"shipping-taxable","19":"purchasable","20":"product-type-simple"},"acf":{"editorial":[{"ID":6157,"post_author":"3","post_date":"2022-07-28 17:46:07","post_date_gmt":"2022-07-28 15:46:07","post_content":"","post_title":"Ciudad Nueva","post_excerpt":"","post_status":"publish","comment_status":"closed","ping_status":"closed","post_password":"","post_name":"ciudad-nueva","to_ping":"","pinged":"","post_modified":"2022-07-28 17:46:07","post_modified_gmt":"2022-07-28 15:46:07","post_content_filtered":"","post_parent":0,"guid":"http:\/\/dev.claret.cat\/editorial\/ciudad-nueva\/","menu_order":0,"post_type":"editorial","post_mime_type":"","comment_count":"0","filter":"raw"}],"autores-libros":[{"ID":363829,"post_author":"3","post_date":"2023-01-15 12:46:01","post_date_gmt":"2023-01-15 11:46:01","post_content":"","post_title":"PATRICE CHOCHOLSKI","post_excerpt":"","post_status":"publish","comment_status":"closed","ping_status":"closed","post_password":"","post_name":"patrice-chocholski","to_ping":"","pinged":"","post_modified":"2023-01-15 12:46:01","post_modified_gmt":"2023-01-15 11:46:01","post_content_filtered":"","post_parent":0,"guid":"https:\/\/www.claret.cat\/autor\/patrice-chocholski\/","menu_order":0,"post_type":"autor","post_mime_type":"","comment_count":"0","filter":"raw"}],"autor":"CHOCHOLSKI, PATRICE","codart":"849715341","libros-coleccion":"15 d\u00edas con","ediciones":"1","encuadernacion":"R\u00fastica","fecha_de_publicacion":"16\/02\/2016","novedad":"0","paginas":"128","subtitulo":"LA SANTA DE LA MISERICORDIA","orden":"999","portada":"0","idioma":"spa"},"aioseo_notices":[],"_links":{"self":[{"href":"https:\/\/www.claret.cat\/es\/wp-json\/wp\/v2\/product\/363830","targetHints":{"allow":["GET"]}}],"collection":[{"href":"https:\/\/www.claret.cat\/es\/wp-json\/wp\/v2\/product"}],"about":[{"href":"https:\/\/www.claret.cat\/es\/wp-json\/wp\/v2\/types\/product"}],"wp:featuredmedia":[{"embeddable":true,"href":"https:\/\/www.claret.cat\/es\/wp-json\/wp\/v2\/media\/387715"}],"wp:attachment":[{"href":"https:\/\/www.claret.cat\/es\/wp-json\/wp\/v2\/media?parent=363830"}],"wp:term":[{"taxonomy":"product_brand","embeddable":true,"href":"https:\/\/www.claret.cat\/es\/wp-json\/wp\/v2\/product_brand?post=363830"},{"taxonomy":"product_cat","embeddable":true,"href":"https:\/\/www.claret.cat\/es\/wp-json\/wp\/v2\/product_cat?post=363830"},{"taxonomy":"product_tag","embeddable":true,"href":"https:\/\/www.claret.cat\/es\/wp-json\/wp\/v2\/product_tag?post=363830"}],"curies":[{"name":"wp","href":"https:\/\/api.w.org\/{rel}","templated":true}]}}