{"id":363850,"date":"2023-01-15T12:55:21","date_gmt":"2023-01-15T11:55:21","guid":{"rendered":"https:\/\/www.claret.cat\/llibre\/los-borgia-la-leyenda-negra-9788497153454\/"},"modified":"2024-05-22T23:25:16","modified_gmt":"2024-05-22T21:25:16","slug":"los-borgia-la-leyenda-negra-9788497153454","status":"publish","type":"product","link":"https:\/\/www.claret.cat\/es\/libro\/los-borgia-la-leyenda-negra-9788497153454\/","title":{"rendered":"LOS BORGIA. LA LEYENDA NEGRA"},"content":{"rendered":"<p>Roma en el Renacimiento: los papas, las grandes familias nobles, el pueblo llano&#8230; En esta \u00e9poca extraordinaria, en medio de tramas secretas y pactos que se sellan y se rompen, nacen muchas leyendas, con frecuencia protagonizadas por la familia Borgia: Rodrigo, C\u00e9sar, Lucrecia&#8230; forman parte ya de nuestro imaginario. Pero \u00bfconocemos su verdadera historia? Desde hace unas d\u00e9cadas, los historiadores serios han revisado su caso y se han llevado muchas sor-presas, tanto por lo que se refiere a Lucrecia, como tambi\u00e9n respecto a su padre, el papa Alejandro, un hombre de gran intuici\u00f3n pol\u00edtica. <br \/> Intentemos mirarlos m\u00e1s de cerca, y descubriremos aspectos desconocidos, facetas insospechadas de una leyenda quiz\u00e1 no tan negra&#8230;<\/p>\n<p> Mario Dal Bello es redactor de la revista Citt\u00e0 Nuova, docente de literatura italiana y de historia, periodista, cr\u00edtico de arte, cine y m\u00fasica; colabora con diversas revistas culturales. En este libro, fruto de su investigaci\u00f3n en el Archivo Secreto Vaticano, revisa la leyenda de los Borgia tratando de reconducirla a la realidad de los hechos, m\u00e1s fascinantes que la ficci\u00f3n.<\/p>\n","protected":false},"excerpt":{"rendered":"<p>DAL BELLO, MARIO<\/p>\n","protected":false},"featured_media":388185,"template":"","meta":{"_acf_changed":false,"om_disable_all_campaigns":false,"rs_blank_template":"","rs_page_bg_color":"","slide_template_v7":"","inline_featured_image":false,"_monsterinsights_skip_tracking":false,"_monsterinsights_sitenote_active":false,"_monsterinsights_sitenote_note":"","_monsterinsights_sitenote_category":0},"product_brand":[],"product_cat":[85,351],"product_tag":[],"class_list":{"0":"post-363850","1":"product","2":"type-product","3":"status-publish","4":"has-post-thumbnail","6":"product_cat-historia","7":"product_cat-historia-2_humanidades","9":"first","10":"instock","11":"taxable","12":"shipping-taxable","13":"purchasable","14":"product-type-simple"},"acf":{"editorial":[{"ID":6157,"post_author":"3","post_date":"2022-07-28 17:46:07","post_date_gmt":"2022-07-28 15:46:07","post_content":"","post_title":"Ciudad Nueva","post_excerpt":"","post_status":"publish","comment_status":"closed","ping_status":"closed","post_password":"","post_name":"ciudad-nueva","to_ping":"","pinged":"","post_modified":"2022-07-28 17:46:07","post_modified_gmt":"2022-07-28 15:46:07","post_content_filtered":"","post_parent":0,"guid":"http:\/\/dev.claret.cat\/editorial\/ciudad-nueva\/","menu_order":0,"post_type":"editorial","post_mime_type":"","comment_count":"0","filter":"raw"}],"autores-libros":[{"ID":163970,"post_author":"3","post_date":"2022-10-14 17:43:19","post_date_gmt":"2022-10-14 15:43:19","post_content":"","post_title":"MARIO DAL BELLO","post_excerpt":"","post_status":"publish","comment_status":"closed","ping_status":"closed","post_password":"","post_name":"mario-dal-bello","to_ping":"","pinged":"","post_modified":"2022-10-14 17:43:19","post_modified_gmt":"2022-10-14 15:43:19","post_content_filtered":"","post_parent":0,"guid":"http:\/\/dev.claret.cat\/autor\/mario-dal-bello\/","menu_order":0,"post_type":"autor","post_mime_type":"","comment_count":"0","filter":"raw"}],"autor":"DAL BELLO, MARIO","codart":"849715345","libros-coleccion":"","ediciones":"1","encuadernacion":"R\u00fastica","fecha_de_publicacion":"11\/03\/2016","novedad":"0","paginas":"200","subtitulo":"MISTERIOS DESVELADOS DEL ARCHIVO SECRETO DEL VATICANO","orden":"999","portada":"0","idioma":"spa"},"aioseo_notices":[],"_links":{"self":[{"href":"https:\/\/www.claret.cat\/es\/wp-json\/wp\/v2\/product\/363850","targetHints":{"allow":["GET"]}}],"collection":[{"href":"https:\/\/www.claret.cat\/es\/wp-json\/wp\/v2\/product"}],"about":[{"href":"https:\/\/www.claret.cat\/es\/wp-json\/wp\/v2\/types\/product"}],"wp:featuredmedia":[{"embeddable":true,"href":"https:\/\/www.claret.cat\/es\/wp-json\/wp\/v2\/media\/388185"}],"wp:attachment":[{"href":"https:\/\/www.claret.cat\/es\/wp-json\/wp\/v2\/media?parent=363850"}],"wp:term":[{"taxonomy":"product_brand","embeddable":true,"href":"https:\/\/www.claret.cat\/es\/wp-json\/wp\/v2\/product_brand?post=363850"},{"taxonomy":"product_cat","embeddable":true,"href":"https:\/\/www.claret.cat\/es\/wp-json\/wp\/v2\/product_cat?post=363850"},{"taxonomy":"product_tag","embeddable":true,"href":"https:\/\/www.claret.cat\/es\/wp-json\/wp\/v2\/product_tag?post=363850"}],"curies":[{"name":"wp","href":"https:\/\/api.w.org\/{rel}","templated":true}]}}