{"id":36393,"date":"2022-10-02T18:18:49","date_gmt":"2022-10-02T16:18:49","guid":{"rendered":"http:\/\/dev.claret.cat\/producte\/el-maestro-y-margarita-2\/"},"modified":"2025-01-31T22:48:19","modified_gmt":"2025-01-31T21:48:19","slug":"el-maestro-y-margarita-9788419311054","status":"publish","type":"product","link":"https:\/\/www.claret.cat\/es\/libro\/el-maestro-y-margarita-9788419311054\/","title":{"rendered":"EL MAESTRO Y MARGARITA"},"content":{"rendered":"<p>No existe ninguna obra comparable a El maestro y Margarita.<br \/> Una tarde de primavera, el Diablo sale de las sombras hacia Mosc\u00fa arrastrando el fuego y el caos con \u00e9l. La s\u00e1tira fant\u00e1stica, divertida y devastadora de la vida sovi\u00e9tica que nos brinda Bulg\u00e1kov se combina en dos partes distintas pero entrelazadas: una ambientada en el Mosc\u00fa de los a\u00f1os treinta del siglo XX y otra en la antigua Judea del siglo I, cada una llena de personajes hist\u00f3ricos, imaginarios, espantosos y maravillosos. Escrita durante los d\u00edas m\u00e1s oscuros del reinado de Stalin y finalmente publicada en 1967, El maestro y Margarita se convirti\u00f3 en un fen\u00f3meno literario que trasciende lenguas y fronteras. La nueva traducci\u00f3n de Marta Reb\u00f3n parte de la edici\u00f3n can\u00f3nica de Marietta Chudakova, a la que agrega nuevas aportaciones fruto de sus dos \u00faltimos a\u00f1os de investigaci\u00f3n.<\/p>\n","protected":false},"excerpt":{"rendered":"<p>BULG\u00c1KOV, MIJA\u00cdL<\/p>\n","protected":false},"featured_media":386936,"template":"","meta":{"_acf_changed":false,"om_disable_all_campaigns":false,"rs_blank_template":"","rs_page_bg_color":"","slide_template_v7":"","inline_featured_image":false,"_monsterinsights_skip_tracking":false,"_monsterinsights_sitenote_active":false,"_monsterinsights_sitenote_note":"","_monsterinsights_sitenote_category":0},"product_brand":[],"product_cat":[354,123],"product_tag":[],"class_list":{"0":"post-36393","1":"product","2":"type-product","3":"status-publish","4":"has-post-thumbnail","6":"product_cat-clasica","7":"product_cat-classica","9":"first","10":"instock","11":"taxable","12":"shipping-taxable","13":"purchasable","14":"product-type-simple"},"acf":{"autor":"BULG\u00c1KOV, MIJA\u00cdL","codart":"841931105","libros-coleccion":"Ineludibles","ediciones":"1","encuadernacion":"Carton\u00e9","fecha_de_publicacion":"01\/05\/2022","novedad":"1","paginas":"554","subtitulo":"","orden":"0","portada":"0","idioma":"spa","editorial":[{"ID":6313,"post_author":"3","post_date":"2022-07-28 17:49:30","post_date_gmt":"2022-07-28 15:49:30","post_content":"","post_title":"Navona Editorial","post_excerpt":"","post_status":"publish","comment_status":"closed","ping_status":"closed","post_password":"","post_name":"navona-editorial","to_ping":"","pinged":"","post_modified":"2022-07-28 17:49:30","post_modified_gmt":"2022-07-28 15:49:30","post_content_filtered":"","post_parent":0,"guid":"http:\/\/dev.claret.cat\/editorial\/navona-editorial\/","menu_order":0,"post_type":"editorial","post_mime_type":"","comment_count":"0","filter":"raw"}],"autores-libros":[{"ID":165042,"post_author":"3","post_date":"2022-10-14 17:51:56","post_date_gmt":"2022-10-14 15:51:56","post_content":"","post_title":"MIJAIL BULGAKOV","post_excerpt":"","post_status":"publish","comment_status":"closed","ping_status":"closed","post_password":"","post_name":"mijail-bulgakov","to_ping":"","pinged":"","post_modified":"2022-10-14 17:51:56","post_modified_gmt":"2022-10-14 15:51:56","post_content_filtered":"","post_parent":0,"guid":"http:\/\/dev.claret.cat\/autor\/mijail-bulgakov\/","menu_order":0,"post_type":"autor","post_mime_type":"","comment_count":"0","filter":"raw"}]},"aioseo_notices":[],"_links":{"self":[{"href":"https:\/\/www.claret.cat\/es\/wp-json\/wp\/v2\/product\/36393","targetHints":{"allow":["GET"]}}],"collection":[{"href":"https:\/\/www.claret.cat\/es\/wp-json\/wp\/v2\/product"}],"about":[{"href":"https:\/\/www.claret.cat\/es\/wp-json\/wp\/v2\/types\/product"}],"wp:featuredmedia":[{"embeddable":true,"href":"https:\/\/www.claret.cat\/es\/wp-json\/wp\/v2\/media\/386936"}],"wp:attachment":[{"href":"https:\/\/www.claret.cat\/es\/wp-json\/wp\/v2\/media?parent=36393"}],"wp:term":[{"taxonomy":"product_brand","embeddable":true,"href":"https:\/\/www.claret.cat\/es\/wp-json\/wp\/v2\/product_brand?post=36393"},{"taxonomy":"product_cat","embeddable":true,"href":"https:\/\/www.claret.cat\/es\/wp-json\/wp\/v2\/product_cat?post=36393"},{"taxonomy":"product_tag","embeddable":true,"href":"https:\/\/www.claret.cat\/es\/wp-json\/wp\/v2\/product_tag?post=36393"}],"curies":[{"name":"wp","href":"https:\/\/api.w.org\/{rel}","templated":true}]}}