{"id":364053,"date":"2023-01-15T13:08:53","date_gmt":"2023-01-15T12:08:53","guid":{"rendered":"https:\/\/www.claret.cat\/llibre\/homilias-sobre-la-carta-a-los-romanos-2-9788497154314\/"},"modified":"2024-05-22T23:11:03","modified_gmt":"2024-05-22T21:11:03","slug":"homilias-sobre-la-carta-a-los-romanos-2-9788497154314","status":"publish","type":"product","link":"https:\/\/www.claret.cat\/es\/libro\/homilias-sobre-la-carta-a-los-romanos-2-9788497154314\/","title":{"rendered":"HOMIL\u00cdAS SOBRE LA CARTA A LOS ROMANOS 2"},"content":{"rendered":"<p>Las treinta y dos Homil\u00edas sobre la Carta a los Romanos de san Pablo predicadas por Juan Cris\u00f3stomo (345-407) en los \u00faltimos a\u00f1os del siglo IV en la ciudad de Antioqu\u00eda, componen su ex\u00e9gesis m\u00e1s significativa acerca de este eminente escrito del Ap\u00f3stol de los gentiles. Este volumen contiene las \u00faltimas diecisiete homil\u00edas, que explican a su vez los ocho postreros cap\u00edtulos de la carta paulina.<br \/>La universalidad de la salvaci\u00f3n obrada por Jesucristo, la relevancia de la fe y del obrar humano, la sumisi\u00f3n ante las autoridades leg\u00edtimamente constituidas, los motivos de la reprobaci\u00f3n divina, algunos comentarios acerca de los alimentos y otras muchas consideraciones paulinas componen el centro de la predicaci\u00f3n del Cris\u00f3stomo.<br \/>Por primera vez se traducen estas homil\u00edas al espa\u00f1ol en su forma \u00edntegra.<\/p>\n","protected":false},"excerpt":{"rendered":"<p>JUAN CRIS\u00d3STOMO<\/p>\n","protected":false},"featured_media":387767,"template":"","meta":{"_acf_changed":false,"om_disable_all_campaigns":false,"rs_blank_template":"","rs_page_bg_color":"","slide_template_v7":"","inline_featured_image":false,"_monsterinsights_skip_tracking":false,"_monsterinsights_sitenote_active":false,"_monsterinsights_sitenote_note":"","_monsterinsights_sitenote_category":0},"product_brand":[],"product_cat":[341,75,91,541,93,543],"product_tag":[],"class_list":{"0":"post-364053","1":"product","2":"type-product","3":"status-publish","4":"has-post-thumbnail","6":"product_cat-biblia-es","7":"product_cat-biblia","8":"product_cat-cristologia","9":"product_cat-cristologia-1_espiritualidad-spa","10":"product_cat-eclesiologia","11":"product_cat-eclesiologia-es","13":"first","14":"instock","15":"taxable","16":"shipping-taxable","17":"purchasable","18":"product-type-simple"},"acf":{"editorial":[{"ID":6157,"post_author":"3","post_date":"2022-07-28 17:46:07","post_date_gmt":"2022-07-28 15:46:07","post_content":"","post_title":"Ciudad Nueva","post_excerpt":"","post_status":"publish","comment_status":"closed","ping_status":"closed","post_password":"","post_name":"ciudad-nueva","to_ping":"","pinged":"","post_modified":"2022-07-28 17:46:07","post_modified_gmt":"2022-07-28 15:46:07","post_content_filtered":"","post_parent":0,"guid":"http:\/\/dev.claret.cat\/editorial\/ciudad-nueva\/","menu_order":0,"post_type":"editorial","post_mime_type":"","comment_count":"0","filter":"raw"}],"autores-libros":[{"ID":5676,"post_author":"3","post_date":"2022-07-28 17:29:06","post_date_gmt":"2022-07-28 15:29:06","post_content":"","post_title":"JUAN CRIS\u00d3STOMO","post_excerpt":"","post_status":"publish","comment_status":"closed","ping_status":"closed","post_password":"","post_name":"juan-crisostomo","to_ping":"","pinged":"","post_modified":"2022-07-28 17:29:06","post_modified_gmt":"2022-07-28 15:29:06","post_content_filtered":"","post_parent":0,"guid":"http:\/\/dev.claret.cat\/autor\/juan-crisostomo\/","menu_order":0,"post_type":"autor","post_mime_type":"","comment_count":"0","filter":"raw"}],"autor":"JUAN CRIS\u00d3STOMO","codart":"849715431","libros-coleccion":"Biblioteca de Patr\u00edstica","ediciones":"1","encuadernacion":"R\u00fastica","fecha_de_publicacion":"23\/05\/2019","novedad":"1","paginas":"368","subtitulo":"","orden":"0","portada":"0","idioma":"spa"},"aioseo_notices":[],"_links":{"self":[{"href":"https:\/\/www.claret.cat\/es\/wp-json\/wp\/v2\/product\/364053","targetHints":{"allow":["GET"]}}],"collection":[{"href":"https:\/\/www.claret.cat\/es\/wp-json\/wp\/v2\/product"}],"about":[{"href":"https:\/\/www.claret.cat\/es\/wp-json\/wp\/v2\/types\/product"}],"wp:featuredmedia":[{"embeddable":true,"href":"https:\/\/www.claret.cat\/es\/wp-json\/wp\/v2\/media\/387767"}],"wp:attachment":[{"href":"https:\/\/www.claret.cat\/es\/wp-json\/wp\/v2\/media?parent=364053"}],"wp:term":[{"taxonomy":"product_brand","embeddable":true,"href":"https:\/\/www.claret.cat\/es\/wp-json\/wp\/v2\/product_brand?post=364053"},{"taxonomy":"product_cat","embeddable":true,"href":"https:\/\/www.claret.cat\/es\/wp-json\/wp\/v2\/product_cat?post=364053"},{"taxonomy":"product_tag","embeddable":true,"href":"https:\/\/www.claret.cat\/es\/wp-json\/wp\/v2\/product_tag?post=364053"}],"curies":[{"name":"wp","href":"https:\/\/api.w.org\/{rel}","templated":true}]}}